{"id":14715,"date":"2021-02-21T14:21:43","date_gmt":"2021-02-21T14:21:43","guid":{"rendered":"https:\/\/www.autonvaraosahaku.fi\/?product=ridex-70b0003-jarrukengat"},"modified":"2021-02-21T14:21:45","modified_gmt":"2021-02-21T14:21:45","slug":"ridex-70b0003-jarrukengat","status":"publish","type":"product","link":"https:\/\/www.autonvaraosahaku.fi\/?product=ridex-70b0003-jarrukengat","title":{"rendered":"RIDEX 70B0003 Jarrukeng\u00e4t"},"content":{"rendered":"<p>L\u00e4pimitta [mm]: 203,2; Leveys (mm): 38; Korvaava tuote\/korvaava tiedote 2: Seisontajarrukahvalla; Asennuspuoli: Taka-akseli, Hinterachse; Jarruj\u00e4rjestelm\u00e4: Lucas\/TRW; RENAULT: TWINGO I C06_,CLIO II BB0\/1\/2_, CB0\/1\/2_,LAGUNA I B56_, 556_,TWINGO I Kasten S06_,CLIO II Kasten SB0\/1\/2_,THALIA I LB0\/1\/2_,SANDERO\/STEPWAY I,LOGAN I Kombi KS_,LOGAN I LS_,THALIA II LU1\/2_,LOGAN II Kombi,THALIA III; PEUGEOT: 206 Schr\u00e4gheck 2A\/C,206 SW 2E\/K,106 II 1,206+ T3E,306 Schr\u00e4gheck 7A, 7C, N3, N5,306 Cabriolet 7D, N3, N5,306 Break 7E, N3, N5,306 7B, N3, N5,206 Stufenheck,206 Van,106 Van 1_,306 Van N_, 7_,306 Kasten\/Schr\u00e4gheck; CITRO\u00cbN: SAXO S0, S1,XSARA N1,XSARA Break N2,XSARA Coupe N0,ZX N2,XSARA Kasten,SAXO Hatchback van S3_,XSARA Kasten\/Schr\u00e4gheck; DACIA: SANDERO,LOGAN LS_; 4241J1, 4241J5, 4241N9, 4251J5, 6001547630, 4241J1, 4241J5, 4241N9, 4251J5, 440601749R, 440A07208R, 7701203979, 7701205720, 7701206962, 7701206971, 7701208111; Jarrukenk\u00e4sarja<\/p>\n","protected":false},"excerpt":{"rendered":"<p>RIDEX Jarrukeng\u00e4t 70B0003 Jarrukenk\u00e4sarja RENAULT,PEUGEOT,CITRO\u00cbN,TWINGO I C06_,CLIO II BB0\/1\/2_, CB0\/1\/2_,LAGUNA I B56_, 556_,TWINGO I Kasten S06_<\/p>\n","protected":false},"featured_media":0,"template":"","meta":{"site-sidebar-layout":"default","site-content-layout":"default","ast-global-header-display":"","ast-main-header-display":"","ast-hfb-above-header-display":"","ast-hfb-below-header-display":"","ast-hfb-mobile-header-display":"","site-post-title":"","ast-breadcrumbs-content":"","ast-featured-img":"","footer-sml-layout":"","theme-transparent-header-meta":"","adv-header-id-meta":"","stick-header-meta":"","header-above-stick-meta":"","header-main-stick-meta":"","header-below-stick-meta":""},"pwb-brand":[157],"product_cat":[176],"product_tag":[],"class_list":{"0":"post-14715","1":"product","2":"type-product","3":"status-publish","5":"pwb-brand-ridex","6":"product_cat-jarrukengat","7":"desktop-align-left","8":"tablet-align-left","9":"mobile-align-left","11":"first","12":"instock","13":"product-type-external"},"brands":[{"id":157,"name":"RIDEX","slug":"ridex"}],"_links":{"self":[{"href":"https:\/\/www.autonvaraosahaku.fi\/index.php?rest_route=\/wp\/v2\/product\/14715","targetHints":{"allow":["GET"]}}],"collection":[{"href":"https:\/\/www.autonvaraosahaku.fi\/index.php?rest_route=\/wp\/v2\/product"}],"about":[{"href":"https:\/\/www.autonvaraosahaku.fi\/index.php?rest_route=\/wp\/v2\/types\/product"}],"wp:attachment":[{"href":"https:\/\/www.autonvaraosahaku.fi\/index.php?rest_route=%2Fwp%2Fv2%2Fmedia&parent=14715"}],"wp:term":[{"taxonomy":"pwb-brand","embeddable":true,"href":"https:\/\/www.autonvaraosahaku.fi\/index.php?rest_route=%2Fwp%2Fv2%2Fpwb-brand&post=14715"},{"taxonomy":"product_cat","embeddable":true,"href":"https:\/\/www.autonvaraosahaku.fi\/index.php?rest_route=%2Fwp%2Fv2%2Fproduct_cat&post=14715"},{"taxonomy":"product_tag","embeddable":true,"href":"https:\/\/www.autonvaraosahaku.fi\/index.php?rest_route=%2Fwp%2Fv2%2Fproduct_tag&post=14715"}],"curies":[{"name":"wp","href":"https:\/\/api.w.org\/{rel}","templated":true}]}}