{"id":14722,"date":"2021-02-21T14:21:47","date_gmt":"2021-02-21T14:21:47","guid":{"rendered":"https:\/\/www.autonvaraosahaku.fi\/?product=valeo-575560-pyyhkijansulat"},"modified":"2021-02-21T14:21:48","modified_gmt":"2021-02-21T14:21:48","slug":"valeo-575560-pyyhkijansulat","status":"publish","type":"product","link":"https:\/\/www.autonvaraosahaku.fi\/?product=valeo-575560-pyyhkijansulat","title":{"rendered":"VALEO 575560 Pyyhkij\u00e4nsulat"},"content":{"rendered":"<p>M\u00e4\u00e4r\u00e4: 1; Pituus (mm): 600; Pituus (tuumaa): 24; Sopiva adapteri: A; Paino [kg]: 0,17; Tuotelinja: FIRST; Pyyhkij\u00e4nsulkatyyppi: Tavallinen; Asennuspuoli: beifahrerseitig; VW: TRANSPORTER V Bus 7HB, 7HJ, 7EB, 7EJ, 7EF,TRANSPORTER V Kasten 7HA, 7HH, 7EA, 7EH,TRANSPORTER V Pritsche\/Fahrgestell 7JD, 7JE, 7JL, 7JY, 7JZ,; MAZDA: CX-5 KE, GH,2 DY,PREMACY CP,3 BL,3 BM,3 Stufenheck BL,3 Stufenheck BM,CX-5 KF; BMW: X5 E53,5 E34,7 E32,5 Touring E34; CHEVROLET: REZZO; DAEWOO: REZZO KLAU; LADA: KALINA Kombi 1117,KALINA Schr\u00e4gheck 1119,KALINA Stufenheck 1118,KALINA Kombi 2194; NISSAN: X-TRAIL T30,NAVARA D40,PATHFINDER R51,X-TRAIL T31,NAVARA Pritsche\/Fahrgestell D40,SERENA C23M,VANETTE CARGO Kasten HC 23,VANETTE CARGO Bus HC 23; KIA: SORENTO I JC,SORENTO II XM,CARENS II FJ,CARNIVAL II GQ,CARNIVAL \/ GRAND CARNIVAL III VQ,SOUL AM,CERATO LD,MAGENTIS MG,OPIRUS GH,CERATO Stufenheck LD,CARENS I FC,CARNIVAL I UP; LEXUS: LS UVF4_, USF4_; FORD USA: WINDSTAR A3; Tuulilasinpyyhkimet,Pyyhkij\u00e4t,Pyyhkij\u00e4nsulka<\/p>\n","protected":false},"excerpt":{"rendered":"<p>VALEO Pyyhkij\u00e4nsulat 575560 Tuulilasinpyyhkimet,Pyyhkij\u00e4t VW,MAZDA,BMW,TRANSPORTER V Bus 7HB, 7HJ, 7EB, 7EJ, 7EF<\/p>\n","protected":false},"featured_media":0,"template":"","meta":{"site-sidebar-layout":"default","site-content-layout":"default","ast-global-header-display":"","ast-main-header-display":"","ast-hfb-above-header-display":"","ast-hfb-below-header-display":"","ast-hfb-mobile-header-display":"","site-post-title":"","ast-breadcrumbs-content":"","ast-featured-img":"","footer-sml-layout":"","theme-transparent-header-meta":"","adv-header-id-meta":"","stick-header-meta":"","header-above-stick-meta":"","header-main-stick-meta":"","header-below-stick-meta":""},"pwb-brand":[28],"product_cat":[33],"product_tag":[],"class_list":{"0":"post-14722","1":"product","2":"type-product","3":"status-publish","5":"pwb-brand-valeo","6":"product_cat-pyyhkijansulat","7":"desktop-align-left","8":"tablet-align-left","9":"mobile-align-left","11":"first","12":"instock","13":"product-type-external"},"brands":[{"id":28,"name":"VALEO","slug":"valeo"}],"_links":{"self":[{"href":"https:\/\/www.autonvaraosahaku.fi\/index.php?rest_route=\/wp\/v2\/product\/14722","targetHints":{"allow":["GET"]}}],"collection":[{"href":"https:\/\/www.autonvaraosahaku.fi\/index.php?rest_route=\/wp\/v2\/product"}],"about":[{"href":"https:\/\/www.autonvaraosahaku.fi\/index.php?rest_route=\/wp\/v2\/types\/product"}],"wp:attachment":[{"href":"https:\/\/www.autonvaraosahaku.fi\/index.php?rest_route=%2Fwp%2Fv2%2Fmedia&parent=14722"}],"wp:term":[{"taxonomy":"pwb-brand","embeddable":true,"href":"https:\/\/www.autonvaraosahaku.fi\/index.php?rest_route=%2Fwp%2Fv2%2Fpwb-brand&post=14722"},{"taxonomy":"product_cat","embeddable":true,"href":"https:\/\/www.autonvaraosahaku.fi\/index.php?rest_route=%2Fwp%2Fv2%2Fproduct_cat&post=14722"},{"taxonomy":"product_tag","embeddable":true,"href":"https:\/\/www.autonvaraosahaku.fi\/index.php?rest_route=%2Fwp%2Fv2%2Fproduct_tag&post=14722"}],"curies":[{"name":"wp","href":"https:\/\/api.w.org\/{rel}","templated":true}]}}