{"id":14723,"date":"2021-02-21T14:21:47","date_gmt":"2021-02-21T14:21:47","guid":{"rendered":"https:\/\/www.autonvaraosahaku.fi\/?product=brembo-09-9442-11-jarrulevyt"},"modified":"2021-02-21T14:21:48","modified_gmt":"2021-02-21T14:21:48","slug":"brembo-09-9442-11-jarrulevyt","status":"publish","type":"product","link":"https:\/\/www.autonvaraosahaku.fi\/?product=brembo-09-9442-11-jarrulevyt","title":{"rendered":"BREMBO 09.9442.11 Jarrulevyt"},"content":{"rendered":"<p>Reikien m\u00e4\u00e4r\u00e4: 5; keskitt\u00e4misl\u00e4pimitta [mm]: 76; Kiristysmomentti: 170; Pinta: pinnoitettu; K\u00e4sittely: hiiliter\u00e4s; V\u00e4himm\u00e4ispaksuus (mm): 25,5; Jarrulevyn paksuus (mm): 29,3; Jarrulevytyyppi: Tuuletettu, sis\u00e4; Korkeus (mm): 55,5; L\u00e4pimitta [mm]: 308; Tuotelinja: COATED DISC LINE; Asennuspuoli: Vorderachse; VW: TRANSPORTER V Bus 7HB, 7HJ, 7EB, 7EJ, 7EF,TOUAREG 7LA, 7L6, 7L7,MULTIVAN V 7HM, 7HN, 7HF, 7EF, 7EM, 7EN,TRANSPORTER V Kasten 7HA, 7HH, 7EA, 7EH,TRANSPORTER V Pritsche\/Fahrgestell 7JD, 7JE, 7JL, 7JY, 7JZ,; 7H0615301D; Jarrulevy<\/p>\n","protected":false},"excerpt":{"rendered":"<p>BREMBO Jarrulevyt 09.9442.11 Jarrulevy VW,TRANSPORTER V Bus 7HB, 7HJ, 7EB, 7EJ, 7EF,TOUAREG 7LA, 7L6, 7L7,MULTIVAN V 7HM, 7HN, 7HF, 7EF, 7EM, 7EN<\/p>\n","protected":false},"featured_media":0,"template":"","meta":{"site-sidebar-layout":"default","site-content-layout":"default","ast-global-header-display":"","ast-main-header-display":"","ast-hfb-above-header-display":"","ast-hfb-below-header-display":"","ast-hfb-mobile-header-display":"","site-post-title":"","ast-breadcrumbs-content":"","ast-featured-img":"","footer-sml-layout":"","theme-transparent-header-meta":"","adv-header-id-meta":"","stick-header-meta":"","header-above-stick-meta":"","header-main-stick-meta":"","header-below-stick-meta":""},"pwb-brand":[146],"product_cat":[66],"product_tag":[],"class_list":{"0":"post-14723","1":"product","2":"type-product","3":"status-publish","5":"pwb-brand-brembo","6":"product_cat-jarrulevyt","7":"desktop-align-left","8":"tablet-align-left","9":"mobile-align-left","11":"first","12":"instock","13":"product-type-external"},"brands":[{"id":146,"name":"BREMBO","slug":"brembo"}],"_links":{"self":[{"href":"https:\/\/www.autonvaraosahaku.fi\/index.php?rest_route=\/wp\/v2\/product\/14723","targetHints":{"allow":["GET"]}}],"collection":[{"href":"https:\/\/www.autonvaraosahaku.fi\/index.php?rest_route=\/wp\/v2\/product"}],"about":[{"href":"https:\/\/www.autonvaraosahaku.fi\/index.php?rest_route=\/wp\/v2\/types\/product"}],"wp:attachment":[{"href":"https:\/\/www.autonvaraosahaku.fi\/index.php?rest_route=%2Fwp%2Fv2%2Fmedia&parent=14723"}],"wp:term":[{"taxonomy":"pwb-brand","embeddable":true,"href":"https:\/\/www.autonvaraosahaku.fi\/index.php?rest_route=%2Fwp%2Fv2%2Fpwb-brand&post=14723"},{"taxonomy":"product_cat","embeddable":true,"href":"https:\/\/www.autonvaraosahaku.fi\/index.php?rest_route=%2Fwp%2Fv2%2Fproduct_cat&post=14723"},{"taxonomy":"product_tag","embeddable":true,"href":"https:\/\/www.autonvaraosahaku.fi\/index.php?rest_route=%2Fwp%2Fv2%2Fproduct_tag&post=14723"}],"curies":[{"name":"wp","href":"https:\/\/api.w.org\/{rel}","templated":true}]}}