{"id":14733,"date":"2021-02-21T14:21:47","date_gmt":"2021-02-21T14:21:47","guid":{"rendered":"https:\/\/www.autonvaraosahaku.fi\/?product=ate-24-0122-0201-1-jarrulevyt"},"modified":"2021-02-21T14:21:49","modified_gmt":"2021-02-21T14:21:49","slug":"ate-24-0122-0201-1-jarrulevyt","status":"publish","type":"product","link":"https:\/\/www.autonvaraosahaku.fi\/?product=ate-24-0122-0201-1-jarrulevyt","title":{"rendered":"ATE 24.0122-0201.1 Jarrulevyt"},"content":{"rendered":"<p>Ulkol\u00e4pimitta [mm]: 300,0; Jarrulevyn paksuus (mm): 22,0; V\u00e4himm\u00e4ispaksuus (mm): 19,4; Jarrulevytyyppi: Tuuletettu; Reikien m\u00e4\u00e4r\u00e4: 5; Pinta: pinnoitettu; Korkeus (mm): 68,0; keskitt\u00e4misl\u00e4pimitta [mm]: 67,0; Sis\u00e4l\u00e4pimitta [mm]: 180,0; Reik\u00e4ympyr\u00e4-\u00d8 [mm]: 112,0; Reik\u00e4-\u00d8 [mm]: 15,3; Korvaava tuote\/korvaava tiedote 2: Ruuveilla; MAPP-koodi saatavilla: ; Tarkistuskilpi: E1 90R-02C0296\/1061; Asennuspuoli: Hinterachse; MERCEDES-BENZ: E-CLASS W211,E-CLASS T-Model S211,E-CLASS W212,E-CLASS T-Model S212,GLK-CLASS X204,CLS C219,CLS C218,CLS Shooting Brake X218; 0004230912, 2114230912, A0004230912, A2114230912; Jarrulevy<\/p>\n","protected":false},"excerpt":{"rendered":"<p>ATE Jarrulevyt 24.0122-0201.1 Jarrulevy MERCEDES-BENZ,E-CLASS W211,E-CLASS T-Model S211,E-CLASS W212,E-CLASS T-Model S212,GLK-CLASS X204,CLS C219<\/p>\n","protected":false},"featured_media":0,"template":"","meta":{"site-sidebar-layout":"default","site-content-layout":"default","ast-global-header-display":"","ast-main-header-display":"","ast-hfb-above-header-display":"","ast-hfb-below-header-display":"","ast-hfb-mobile-header-display":"","site-post-title":"","ast-breadcrumbs-content":"","ast-featured-img":"","footer-sml-layout":"","theme-transparent-header-meta":"","adv-header-id-meta":"","stick-header-meta":"","header-above-stick-meta":"","header-main-stick-meta":"","header-below-stick-meta":""},"pwb-brand":[108],"product_cat":[66],"product_tag":[],"class_list":{"0":"post-14733","1":"product","2":"type-product","3":"status-publish","5":"pwb-brand-ate","6":"product_cat-jarrulevyt","7":"desktop-align-left","8":"tablet-align-left","9":"mobile-align-left","11":"first","12":"instock","13":"product-type-external"},"brands":[{"id":108,"name":"ATE","slug":"ate"}],"_links":{"self":[{"href":"https:\/\/www.autonvaraosahaku.fi\/index.php?rest_route=\/wp\/v2\/product\/14733","targetHints":{"allow":["GET"]}}],"collection":[{"href":"https:\/\/www.autonvaraosahaku.fi\/index.php?rest_route=\/wp\/v2\/product"}],"about":[{"href":"https:\/\/www.autonvaraosahaku.fi\/index.php?rest_route=\/wp\/v2\/types\/product"}],"wp:attachment":[{"href":"https:\/\/www.autonvaraosahaku.fi\/index.php?rest_route=%2Fwp%2Fv2%2Fmedia&parent=14733"}],"wp:term":[{"taxonomy":"pwb-brand","embeddable":true,"href":"https:\/\/www.autonvaraosahaku.fi\/index.php?rest_route=%2Fwp%2Fv2%2Fpwb-brand&post=14733"},{"taxonomy":"product_cat","embeddable":true,"href":"https:\/\/www.autonvaraosahaku.fi\/index.php?rest_route=%2Fwp%2Fv2%2Fproduct_cat&post=14733"},{"taxonomy":"product_tag","embeddable":true,"href":"https:\/\/www.autonvaraosahaku.fi\/index.php?rest_route=%2Fwp%2Fv2%2Fproduct_tag&post=14733"}],"curies":[{"name":"wp","href":"https:\/\/api.w.org\/{rel}","templated":true}]}}