{"id":14766,"date":"2021-02-21T14:21:54","date_gmt":"2021-02-21T14:21:54","guid":{"rendered":"https:\/\/www.autonvaraosahaku.fi\/?product=ridex-82b0055-jarrulevyt"},"modified":"2021-02-21T14:21:55","modified_gmt":"2021-02-21T14:21:55","slug":"ridex-82b0055-jarrulevyt","status":"publish","type":"product","link":"https:\/\/www.autonvaraosahaku.fi\/?product=ridex-82b0055-jarrulevyt","title":{"rendered":"RIDEX 82B0055 Jarrulevyt"},"content":{"rendered":"<p>Asennuspuoli: Taka-akseli, Hinterachse; Jarrulevytyyppi: Vakiomalli; L\u00e4pimitta [mm]: 251; Jarrulevyn paksuus (mm): 10,0; Korvaava tuote\/korvaava tiedote 2: Ilman py\u00f6r\u00e4nnapaa, Ilman py\u00f6r\u00e4nkiinnityspultteja; Reik\u00e4ympyr\u00e4-\u00d8 [mm]: 98,0; M\u00e4\u00e4r\u00e4tty kiertosuunta: ; ei sidoksissa kulkusuuntaan: ; Korkeus (mm): 50,7; Reik\u00e4kuvio\/-m\u00e4\u00e4r\u00e4: 04\/06; V\u00e4himm\u00e4ispaksuus (mm): 9,0; keskitt\u00e4misl\u00e4pimitta [mm]: 59,0; Paino [kg]: 3,6; Sis\u00e4l\u00e4pimitta [mm]: 128; Reik\u00e4-\u00d8 [mm]: 13; LANCIA: DELTA III 844,LYBRA SW 839BX,LYBRA 839AX,THEMA 834,THEMA SW 834; FIAT: STILO 192,BRAVO II 198,STILO Multi Wagon 192,MULTIPLA 186,LINEA 323,CROMA 154; ALFA ROMEO: 164 164; 0060801755, 164202610001, 60801753, 60801755, 82394418, 82433859, 82434070, 46831042, 60801390, 60801753, 71738913, 0082434070, 46758715, 60801753, 71738913, 82394417; Jarrulevy<\/p>\n","protected":false},"excerpt":{"rendered":"<p>RIDEX Jarrulevyt 82B0055 Jarrulevy LANCIA,FIAT,ALFA ROMEO,DELTA III 844,LYBRA SW 839BX,LYBRA 839AX,THEMA 834,THEMA SW 834,STILO 192,BRAVO II 198<\/p>\n","protected":false},"featured_media":0,"template":"","meta":{"site-sidebar-layout":"default","site-content-layout":"default","ast-global-header-display":"","ast-main-header-display":"","ast-hfb-above-header-display":"","ast-hfb-below-header-display":"","ast-hfb-mobile-header-display":"","site-post-title":"","ast-breadcrumbs-content":"","ast-featured-img":"","footer-sml-layout":"","theme-transparent-header-meta":"","adv-header-id-meta":"","stick-header-meta":"","header-above-stick-meta":"","header-main-stick-meta":"","header-below-stick-meta":""},"pwb-brand":[157],"product_cat":[66],"product_tag":[],"class_list":{"0":"post-14766","1":"product","2":"type-product","3":"status-publish","5":"pwb-brand-ridex","6":"product_cat-jarrulevyt","7":"desktop-align-left","8":"tablet-align-left","9":"mobile-align-left","11":"first","12":"instock","13":"product-type-external"},"brands":[{"id":157,"name":"RIDEX","slug":"ridex"}],"_links":{"self":[{"href":"https:\/\/www.autonvaraosahaku.fi\/index.php?rest_route=\/wp\/v2\/product\/14766","targetHints":{"allow":["GET"]}}],"collection":[{"href":"https:\/\/www.autonvaraosahaku.fi\/index.php?rest_route=\/wp\/v2\/product"}],"about":[{"href":"https:\/\/www.autonvaraosahaku.fi\/index.php?rest_route=\/wp\/v2\/types\/product"}],"wp:attachment":[{"href":"https:\/\/www.autonvaraosahaku.fi\/index.php?rest_route=%2Fwp%2Fv2%2Fmedia&parent=14766"}],"wp:term":[{"taxonomy":"pwb-brand","embeddable":true,"href":"https:\/\/www.autonvaraosahaku.fi\/index.php?rest_route=%2Fwp%2Fv2%2Fpwb-brand&post=14766"},{"taxonomy":"product_cat","embeddable":true,"href":"https:\/\/www.autonvaraosahaku.fi\/index.php?rest_route=%2Fwp%2Fv2%2Fproduct_cat&post=14766"},{"taxonomy":"product_tag","embeddable":true,"href":"https:\/\/www.autonvaraosahaku.fi\/index.php?rest_route=%2Fwp%2Fv2%2Fproduct_tag&post=14766"}],"curies":[{"name":"wp","href":"https:\/\/api.w.org\/{rel}","templated":true}]}}