{"id":14781,"date":"2021-02-21T14:21:57","date_gmt":"2021-02-21T14:21:57","guid":{"rendered":"https:\/\/www.autonvaraosahaku.fi\/?product=vaico-v20-2422-kierretulppa"},"modified":"2021-02-21T14:21:58","modified_gmt":"2021-02-21T14:21:58","slug":"vaico-v20-2422-kierretulppa","status":"publish","type":"product","link":"https:\/\/www.autonvaraosahaku.fi\/?product=vaico-v20-2422-kierretulppa","title":{"rendered":"VAICO V20-2422 Kierretulppa"},"content":{"rendered":"<p>Paksuus [mm]: 2; Sis\u00e4l\u00e4pimitta [mm]: 10,2; Ulkol\u00e4pimitta [mm]: 20; Materiaali: Kupari; Paino [kg]: 0,001; Pakkausleveys [cm]: 2; Pakkauskorkeus [mm]: 0,18; Pakkaussyvyys [cm]: 2; lis\u00e4tieto: CST99; TECDOC-moottorinumero: 24935; MAZDA: 3 BK,2 DY,2 DE,3 BL,5 CW,3 Stufenheck BK,3 Stufenheck BL; LAND ROVER: FREELANDER 2 FA_,RANGE ROVER EVOQUE LV,DISCOVERY SPORT LC; VOLVO: V50 MW,V70 III BW,C30,V60,S40 II MS,V40 Schr\u00e4gheck,S80 II AS,S60 II; SUZUKI: SX4 EY, GY,LIANA Schr\u00e4gheck,LIANA ER; OPEL: CROSSLAND X,GRANDLAND X A18; MINI: MINI R56,MINI CLUBMAN R55; JAGUAR: XF _J05_, CC9,XF SPORTBRAKE CC9; LANCIA: PHEDRA 179; FORD: FIESTA V JH_, JD_,FOCUS II Kombi DA_,FIESTA VI,MONDEO IV Turnier BA7,FOCUS II DA_,S-MAX WA6,FOCUS III Turnier,FOCUS C-MAX,GALAXY WA6,KUGA I,FUSION JU_,C-MAX DM2,FOCUS III,C-MAX II,MONDEO IV BA7,KUGA II DM2,GRAND C-MAX,FOCUS II Stufenheck DA_,B-MAX JK,ECOSPORT,FOCUS III Stufenheck,MONDEO IV Stufenheck BA7,TOURNEO CONNECT \/ GRAND TOURNEO CONNECT Kombi,FIESTA V Van,FIESTA VI Van,TRANSIT CONNECT Kasten,MONDEO V Turnier,MONDEO V Stufenheck,GRAND C-MAX Van,FIESTA VII,MONDEO V Schr\u00e4gheck,C-MAX II Van,TOURNEO COURIER Kombi,B-MAX Van,TRANSIT CONNECT Kombi,TRANSIT COURIER Kasten,FOCUS III Kasten\/Schr\u00e4gheck,TRANSIT COURIER Kombi; TOYOTA: AYGO WNB1_, KGB1_,PROACE Kasten\/Kombi,PROACE Bus MPY_,PROACE Kasten MDZ_; 11137804900, 7804900, 031333, 031340, 31333, 31340, 1145962, 1485166, 1714920, 2S6Q6734AA, LR000676, LR006295, Y40110455, Y401104J5, 31333, 31340, 1399673J00, 30735089, SU00100580, SU00100823, 30735089, 6613552; Tiiviste, \u00d6ljynlaskutulppa<\/p>\n","protected":false},"excerpt":{"rendered":"<p>VAICO \u00d6ljytulpan Tiiviste V20-2422 Tiiviste, \u00d6ljynlaskutulppa MAZDA,LAND ROVER,VOLVO,3 BK,2 DY,2 DE,3 BL,5 CW,3 Stufenheck BK,3 Stufenheck BL<\/p>\n","protected":false},"featured_media":0,"template":"","meta":{"site-sidebar-layout":"default","site-content-layout":"default","ast-global-header-display":"","ast-main-header-display":"","ast-hfb-above-header-display":"","ast-hfb-below-header-display":"","ast-hfb-mobile-header-display":"","site-post-title":"","ast-breadcrumbs-content":"","ast-featured-img":"","footer-sml-layout":"","theme-transparent-header-meta":"","adv-header-id-meta":"","stick-header-meta":"","header-above-stick-meta":"","header-main-stick-meta":"","header-below-stick-meta":""},"pwb-brand":[330],"product_cat":[40],"product_tag":[],"class_list":{"0":"post-14781","1":"product","2":"type-product","3":"status-publish","5":"pwb-brand-vaico","6":"product_cat-kierretulppa","7":"desktop-align-left","8":"tablet-align-left","9":"mobile-align-left","11":"first","12":"instock","13":"product-type-external"},"brands":[{"id":330,"name":"VAICO","slug":"vaico"}],"_links":{"self":[{"href":"https:\/\/www.autonvaraosahaku.fi\/index.php?rest_route=\/wp\/v2\/product\/14781","targetHints":{"allow":["GET"]}}],"collection":[{"href":"https:\/\/www.autonvaraosahaku.fi\/index.php?rest_route=\/wp\/v2\/product"}],"about":[{"href":"https:\/\/www.autonvaraosahaku.fi\/index.php?rest_route=\/wp\/v2\/types\/product"}],"wp:attachment":[{"href":"https:\/\/www.autonvaraosahaku.fi\/index.php?rest_route=%2Fwp%2Fv2%2Fmedia&parent=14781"}],"wp:term":[{"taxonomy":"pwb-brand","embeddable":true,"href":"https:\/\/www.autonvaraosahaku.fi\/index.php?rest_route=%2Fwp%2Fv2%2Fpwb-brand&post=14781"},{"taxonomy":"product_cat","embeddable":true,"href":"https:\/\/www.autonvaraosahaku.fi\/index.php?rest_route=%2Fwp%2Fv2%2Fproduct_cat&post=14781"},{"taxonomy":"product_tag","embeddable":true,"href":"https:\/\/www.autonvaraosahaku.fi\/index.php?rest_route=%2Fwp%2Fv2%2Fproduct_tag&post=14781"}],"curies":[{"name":"wp","href":"https:\/\/api.w.org\/{rel}","templated":true}]}}