{"id":14782,"date":"2021-02-21T14:21:57","date_gmt":"2021-02-21T14:21:57","guid":{"rendered":"https:\/\/www.autonvaraosahaku.fi\/?product=monroe-l29617-koiranluu"},"modified":"2021-02-21T14:21:58","modified_gmt":"2021-02-21T14:21:58","slug":"monroe-l29617-koiranluu","status":"publish","type":"product","link":"https:\/\/www.autonvaraosahaku.fi\/?product=monroe-l29617-koiranluu","title":{"rendered":"MONROE L29617 Koiranluu"},"content":{"rendered":"<p>Pituus (mm): 270; Paino [kg]: 0,400; Tarvittava kappalem\u00e4\u00e4r\u00e4: 2; Kierremitta: M10x1,5\/M10x1,5; Tanko \/ tuki: Yhdystanko; Pakkauspituus [cm]: 31; Pakkausleveys [cm]: 8; Pakkauskorkeus [mm]: 4; Valmistusvuosi alkaen: 03\/2011; VW: POLO 9N_,POLO 6R, 6C,FOX 5Z1, 5Z3,UP,POLO CLASSIC 6KV2,POLO Stufenheck,POLO Stufenheck 9A4,POLO Stufenheck 9N4,POLO Van 6R,LOAD UP; AUDI: A2 8Z0,A1 8X1, 8XF,A1 Sportback 8XA, 8XK; SKODA: FABIA Combi 6Y5,FABIA,FABIA 6Y2,FABIA Combi,ROOMSTER 5J,CITIGO,RAPID Spaceback NH1,FABIA Stufenheck 6Y3,ROOMSTER Praktik 5J,RAPID NH3,FABIA Praktik,FABIA NJ3,FABIA Kombi NJ5; SEAT: IBIZA IV 6L1,IBIZA V 6J5, 6P5,IBIZA V ST 6J8, 6P8,Mii KF1_,IBIZA V SPORTCOUPE 6J1, 6P1,CORDOBA 6L2,TOLEDO IV KG3,IBIZA V KJ1; 6Q0411315A, 6Q0411315C, 6Q0411315D, 6Q0411315F, 6Q0411315G, 6Q0411315N, 6R0411315, 6C0411315, 6Q0411315, 6Q0411315A, 6Q0411315C, 6Q0411315D, 6Q0411315F, 6Q0411315G, 6Q0411315N, 6Q0411315Q, 6R0411315, 6R0411315A, 6C0411315, 6Q0411315A, 6Q0411315C, 6Q0411315D, 6Q0411315F, 6Q0411315G, 6Q0411315J, 6Q0411315L, 6Q0411315N, 6Q0411315Q, 6R0411315, 6R0411315A, 6C0411315, 6Q0411315A, 6Q0411315C, 6Q0411315D, 6Q0411315F, 6Q0411315G, 6Q0411315J, 6Q0411315L, 6Q0411315M, 6Q0411315N, 6Q0411315P, 6R0411315, 6R0411315A; Kallistuksenvakaajan Yhdystanko,Tanko, Kallistuksenvaimennin<\/p>\n","protected":false},"excerpt":{"rendered":"<p>MONROE Koiranluu L29617 Kallistuksenvakaajan Yhdystanko,Tanko, Kallistuksenvaimennin VW,AUDI,SKODA,POLO 9N_,POLO 6R, 6C,FOX 5Z1, 5Z3,UP<\/p>\n","protected":false},"featured_media":0,"template":"","meta":{"site-sidebar-layout":"default","site-content-layout":"default","ast-global-header-display":"","ast-main-header-display":"","ast-hfb-above-header-display":"","ast-hfb-below-header-display":"","ast-hfb-mobile-header-display":"","site-post-title":"","ast-breadcrumbs-content":"","ast-featured-img":"","footer-sml-layout":"","theme-transparent-header-meta":"","adv-header-id-meta":"","stick-header-meta":"","header-above-stick-meta":"","header-main-stick-meta":"","header-below-stick-meta":""},"pwb-brand":[79],"product_cat":[38],"product_tag":[],"class_list":{"0":"post-14782","1":"product","2":"type-product","3":"status-publish","5":"pwb-brand-monroe","6":"product_cat-koiranluu","7":"desktop-align-left","8":"tablet-align-left","9":"mobile-align-left","11":"first","12":"instock","13":"product-type-external"},"brands":[{"id":79,"name":"MONROE","slug":"monroe"}],"_links":{"self":[{"href":"https:\/\/www.autonvaraosahaku.fi\/index.php?rest_route=\/wp\/v2\/product\/14782","targetHints":{"allow":["GET"]}}],"collection":[{"href":"https:\/\/www.autonvaraosahaku.fi\/index.php?rest_route=\/wp\/v2\/product"}],"about":[{"href":"https:\/\/www.autonvaraosahaku.fi\/index.php?rest_route=\/wp\/v2\/types\/product"}],"wp:attachment":[{"href":"https:\/\/www.autonvaraosahaku.fi\/index.php?rest_route=%2Fwp%2Fv2%2Fmedia&parent=14782"}],"wp:term":[{"taxonomy":"pwb-brand","embeddable":true,"href":"https:\/\/www.autonvaraosahaku.fi\/index.php?rest_route=%2Fwp%2Fv2%2Fpwb-brand&post=14782"},{"taxonomy":"product_cat","embeddable":true,"href":"https:\/\/www.autonvaraosahaku.fi\/index.php?rest_route=%2Fwp%2Fv2%2Fproduct_cat&post=14782"},{"taxonomy":"product_tag","embeddable":true,"href":"https:\/\/www.autonvaraosahaku.fi\/index.php?rest_route=%2Fwp%2Fv2%2Fproduct_tag&post=14782"}],"curies":[{"name":"wp","href":"https:\/\/api.w.org\/{rel}","templated":true}]}}