{"id":14795,"date":"2021-02-21T14:21:57","date_gmt":"2021-02-21T14:21:57","guid":{"rendered":"https:\/\/www.autonvaraosahaku.fi\/?product=valeo-587003-polttoainesuodatin"},"modified":"2021-02-21T14:21:59","modified_gmt":"2021-02-21T14:21:59","slug":"valeo-587003-polttoainesuodatin","status":"publish","type":"product","link":"https:\/\/www.autonvaraosahaku.fi\/?product=valeo-587003-polttoainesuodatin","title":{"rendered":"VALEO 587003 Polttoainesuodatin"},"content":{"rendered":"<p>Ulkol\u00e4pimitta [mm]: 60; Kierre sis\u00e4\u00e4ntulo: 8; Kierre ulostulo: 8; Korkeus (mm): 138,7; Suodatintyyppi: Letkusuodatin; Paino [kg]: 0,1; Moottorinumero: AR61201,AR61202; VW: POLO 6N1,CADDY II Kasten 9K9A,POLO Variant 6KV5,POLO CLASSIC 6KV2,POLO Kasten 6NF,CADDY II Kombi 9K9B,CADDY II Pick-up 9U7; AUDI: A6 Avant 4B5, C5,A6 4B2, C5; SKODA: FELICIA I 6U1,FELICIA II 6U1,FELICIA I Fun 797,FELICIA I Kombi 6U5,FELICIA II Kombi 6U5,FAVORIT 781,FAVORIT Forman 785,FAVORIT Pick-up 787; BMW: 7 E65, E66, E67,02 E10,6 E24,7 E23,5 E12,02 Touring E6; SEAT: IBIZA II 6K1,CORDOBA 6K1, 6K2,CORDOBA Vario 6K1,INCA 6K9; OPEL: OMEGA A 16_, 17_, 19_,ASTRA F CC 53_, 54_, 58_, 59_,ASTRA F Caravan 51_, 52_,FRONTERA B 6B_,CALIBRA A 85_,VECTRA A 86_, 87_,ASTRA F Cabriolet 53_B,ASTRA F 56_, 57_,KADETT E CC 33_, 34_, 43_, 44_,FRONTERA A Sport 5_SUD2,CORSA A CC 93_, 94_, 98_, 99_,FRONTERA A 5_MWL4,KADETT C Coupe,MANTA B 58_, 59_,VECTRA A CC 88_, 89_,MONZA A 22_,KADETT E Cabriolet 43B_,ASCONA B 81_, 86_, 87_, 88_,ASCONA C 81_, 86_, 87_, 88_,CAMPO TF_,REKORD E 17_-19_, 11_, 14_, 16_,SENATOR B 29_,SENATOR A 29_,MANTA A 58_, 59_,OMEGA A Caravan 66_, 67_,ASTRA F CLASSIC CC,CORSA A TR 91_, 92_, 96_, 97_,KADETT D 31_-34_, 41_-44_,ASTRA F CLASSIC Stufenheck,MONTEREY A UBS_,ASTRA F CLASSIC Caravan,KADETT E 39_, 49_,ASCONA C CC 84_, 89_,KADETT E Caravan 35_, 36_, 45_, 46_,MANTA B CC 53_, 55_,COMMODORE C 14_, 19_,MONTEREY B,ASTRA F Van 55_,REKORD E Caravan 61_, 66_, 67_,CORSA A Kasten,COMMODORE C Caravan 61,KADETT E Kasten 37_, 47_,KADETT E Combo 38_, 48_; LANCIA: DELTA I 831AB0,DEDRA 835,GAMMA Coupe,PRISMA 831AB0,TREVI 828DB; FIAT: CINQUECENTO 170,PANDA 141A_,UNO 146A\/E,FIORINO Kasten 146,RITMO I 138A,132,REGATA 138,ARGENTA 132A,RITMO Cabriolet,REGATA Weekend 138; CITRO\u00cbN: XANTIA X1,AX ZA-_,ZX N2,BX XB-_,XM Y3,CX II,CX I MA,XANTIA Break X1,ZX Break N2,BX Break XB-_,C15 VD-_,CX II Break,XM Break Y3,CX I Break MA,C15 Kombi; ALFA ROMEO: 75 162B,164 164; 0060534120, 119113204500, 60534120, 6N0201511A, 13321256492, 13711256492, 16126764348, 156779, 5470530, 91470530, 95470530, 96131549, 2330087402LOC, 4435144, 5984093, 60534120, 71736102, 7612972, 7680997, 5010912, 5984093, 8250553640, 8251217780, 4435144, 5984093, 7612972, 7680997, 82342304, 16400D0300, 16400F5100, 818500, 818501, 818512, 818513, 818541, 90169150, 156728, 156786, 92309490628, 7700582693, 831842, 6N0201511A, 004312115, 4312115, 6U0201511D, 25121113, 25121785, 25121974, 25161249, 25164434, 25164435, 90169150, 6N0201511A, 6U0201511D<\/p>\n","protected":false},"excerpt":{"rendered":"<p>VALEO Polttoainesuodatin 587003  VW,AUDI,SKODA,POLO 6N1,CADDY II Kasten 9K9A,POLO Variant 6KV5,POLO CLASSIC 6KV2,POLO Kasten 6NF,CADDY II Kombi 9K9B<\/p>\n","protected":false},"featured_media":0,"template":"","meta":{"site-sidebar-layout":"default","site-content-layout":"default","ast-global-header-display":"","ast-main-header-display":"","ast-hfb-above-header-display":"","ast-hfb-below-header-display":"","ast-hfb-mobile-header-display":"","site-post-title":"","ast-breadcrumbs-content":"","ast-featured-img":"","footer-sml-layout":"","theme-transparent-header-meta":"","adv-header-id-meta":"","stick-header-meta":"","header-above-stick-meta":"","header-main-stick-meta":"","header-below-stick-meta":""},"pwb-brand":[28],"product_cat":[29],"product_tag":[],"class_list":{"0":"post-14795","1":"product","2":"type-product","3":"status-publish","5":"pwb-brand-valeo","6":"product_cat-polttoainesuodatin","7":"desktop-align-left","8":"tablet-align-left","9":"mobile-align-left","11":"first","12":"instock","13":"product-type-external"},"brands":[{"id":28,"name":"VALEO","slug":"valeo"}],"_links":{"self":[{"href":"https:\/\/www.autonvaraosahaku.fi\/index.php?rest_route=\/wp\/v2\/product\/14795","targetHints":{"allow":["GET"]}}],"collection":[{"href":"https:\/\/www.autonvaraosahaku.fi\/index.php?rest_route=\/wp\/v2\/product"}],"about":[{"href":"https:\/\/www.autonvaraosahaku.fi\/index.php?rest_route=\/wp\/v2\/types\/product"}],"wp:attachment":[{"href":"https:\/\/www.autonvaraosahaku.fi\/index.php?rest_route=%2Fwp%2Fv2%2Fmedia&parent=14795"}],"wp:term":[{"taxonomy":"pwb-brand","embeddable":true,"href":"https:\/\/www.autonvaraosahaku.fi\/index.php?rest_route=%2Fwp%2Fv2%2Fpwb-brand&post=14795"},{"taxonomy":"product_cat","embeddable":true,"href":"https:\/\/www.autonvaraosahaku.fi\/index.php?rest_route=%2Fwp%2Fv2%2Fproduct_cat&post=14795"},{"taxonomy":"product_tag","embeddable":true,"href":"https:\/\/www.autonvaraosahaku.fi\/index.php?rest_route=%2Fwp%2Fv2%2Fproduct_tag&post=14795"}],"curies":[{"name":"wp","href":"https:\/\/api.w.org\/{rel}","templated":true}]}}