{"id":14797,"date":"2021-02-21T14:21:57","date_gmt":"2021-02-21T14:21:57","guid":{"rendered":"https:\/\/www.autonvaraosahaku.fi\/?product=ridex-82b0140-jarrulevyt"},"modified":"2021-02-21T14:21:59","modified_gmt":"2021-02-21T14:21:59","slug":"ridex-82b0140-jarrulevyt","status":"publish","type":"product","link":"https:\/\/www.autonvaraosahaku.fi\/?product=ridex-82b0140-jarrulevyt","title":{"rendered":"RIDEX 82B0140 Jarrulevyt"},"content":{"rendered":"<p>L\u00e4pimitta [mm]: 288; Jarrulevyn paksuus (mm): 25; V\u00e4himm\u00e4ispaksuus (mm): 22; Jarrulevytyyppi: Tuuletettu; Reikien m\u00e4\u00e4r\u00e4: 7; Reik\u00e4ympyr\u00e4-\u00d8 [mm]: 110; keskitt\u00e4misl\u00e4pimitta [mm]: 70; Korkeus (mm): 41; V\u00e4ri: Musta; Asennuspuoli: Etuakseli, Vorderachse; Reik\u00e4-\u00d8 [mm]: 14,2; Reik\u00e4kuvio\/-m\u00e4\u00e4r\u00e4: 5\/8; Sis\u00e4l\u00e4pimitta [mm]: 139; SAAB: 9-5 Kombi YS3E,9-3 YS3D,9-5 YS3E,9-3 Cabriolet YS3D,900 II Cabriolet,900 II,900 II Coupe; OPEL: VECTRA B 36_,VECTRA B Caravan 31_,CALIBRA A 85_,VECTRA B CC 38_,SPEEDSTER; LOTUS: ELISE,EXIGE SCC_,EUROPA S; VAUXHALL: VECTRA B CC,VX220,VECTRA B Estate,VECTRA B; 32025723, 5390786, 569056, 569357, 90496327, 90512029, 9197912, 93182284, B117J0028F, 32025723, 4801628, 5390786, 569056, 569357, 90512029, 9197912, 93179053, 93182284, 93182306, 32025723, 4566840, 4837019, 4839007, 4839320, 5390786, 569357, 32025723, 4801628, 5390786, 569056, 569357, 90496327, 90512029, 9197912, 93179053, 93182284; Jarrulevy<\/p>\n","protected":false},"excerpt":{"rendered":"<p>RIDEX Jarrulevyt 82B0140 Jarrulevy SAAB,OPEL,LOTUS,9-5 Kombi YS3E,9-3 YS3D,9-5 YS3E,9-3 Cabriolet YS3D,900 II Cabriolet,900 II,900 II Coupe<\/p>\n","protected":false},"featured_media":0,"template":"","meta":{"site-sidebar-layout":"default","site-content-layout":"default","ast-global-header-display":"","ast-main-header-display":"","ast-hfb-above-header-display":"","ast-hfb-below-header-display":"","ast-hfb-mobile-header-display":"","site-post-title":"","ast-breadcrumbs-content":"","ast-featured-img":"","footer-sml-layout":"","theme-transparent-header-meta":"","adv-header-id-meta":"","stick-header-meta":"","header-above-stick-meta":"","header-main-stick-meta":"","header-below-stick-meta":""},"pwb-brand":[157],"product_cat":[66],"product_tag":[],"class_list":{"0":"post-14797","1":"product","2":"type-product","3":"status-publish","5":"pwb-brand-ridex","6":"product_cat-jarrulevyt","7":"desktop-align-left","8":"tablet-align-left","9":"mobile-align-left","11":"first","12":"instock","13":"product-type-external"},"brands":[{"id":157,"name":"RIDEX","slug":"ridex"}],"_links":{"self":[{"href":"https:\/\/www.autonvaraosahaku.fi\/index.php?rest_route=\/wp\/v2\/product\/14797","targetHints":{"allow":["GET"]}}],"collection":[{"href":"https:\/\/www.autonvaraosahaku.fi\/index.php?rest_route=\/wp\/v2\/product"}],"about":[{"href":"https:\/\/www.autonvaraosahaku.fi\/index.php?rest_route=\/wp\/v2\/types\/product"}],"wp:attachment":[{"href":"https:\/\/www.autonvaraosahaku.fi\/index.php?rest_route=%2Fwp%2Fv2%2Fmedia&parent=14797"}],"wp:term":[{"taxonomy":"pwb-brand","embeddable":true,"href":"https:\/\/www.autonvaraosahaku.fi\/index.php?rest_route=%2Fwp%2Fv2%2Fpwb-brand&post=14797"},{"taxonomy":"product_cat","embeddable":true,"href":"https:\/\/www.autonvaraosahaku.fi\/index.php?rest_route=%2Fwp%2Fv2%2Fproduct_cat&post=14797"},{"taxonomy":"product_tag","embeddable":true,"href":"https:\/\/www.autonvaraosahaku.fi\/index.php?rest_route=%2Fwp%2Fv2%2Fproduct_tag&post=14797"}],"curies":[{"name":"wp","href":"https:\/\/api.w.org\/{rel}","templated":true}]}}