{"id":14806,"date":"2021-02-21T14:22:01","date_gmt":"2021-02-21T14:22:01","guid":{"rendered":"https:\/\/www.autonvaraosahaku.fi\/?product=vaico-v40-0751-kierretulppa"},"modified":"2021-02-21T14:22:02","modified_gmt":"2021-02-21T14:22:02","slug":"vaico-v40-0751-kierretulppa","status":"publish","type":"product","link":"https:\/\/www.autonvaraosahaku.fi\/?product=vaico-v40-0751-kierretulppa","title":{"rendered":"VAICO V40-0751 Kierretulppa"},"content":{"rendered":"<p>Kierremitta: M14 x 1,5; Avainv\u00e4li: TX 45; Ruuvikanta\/mutteriprofiili: Torx, sis\u00e4; Kierteen pituus (mm): 10,5; Korvaava tuote\/korvaava tiedote 2: Tiivisterenkaalla; Kierrenousu (mm): 1,5; Asennuspuoli: Moottorin puoli; Pinta: Sinkki-nikkel\u00f6ity; Tarvittava kappalem\u00e4\u00e4r\u00e4: 1; Materiaali: Ter\u00e4s; Paino [kg]: 0,0427; Pakkausleveys [cm]: 7,2; Pakkauskorkeus [mm]: 8,1; Pakkaussyvyys [cm]: 8,8; lis\u00e4tieto: CST99; Alustanumeroon: V2000001-; CHEVROLET: ORLANDO J309,NUBIRA Kombi,AVEO Schr\u00e4gheck T250, T255,AVEO Schr\u00e4gheck T300,EPICA KL1_,LACETTI J200,REZZO,AVEO Stufenheck T300,EVANDA,NUBIRA Stufenheck; DAEWOO: REZZO KLAU,EVANDA KLAL,LACETTI Schr\u00e4gheck KLAN,NUBIRA Stufenheck KLAN,NUBIRA Wagon KLAN,NUBIRA Wagon KLAJ,LEGANZA KLAV,NUBIRA Stufenheck KLAJ,NUBIRA KLAJ; NISSAN: PIXO UA0; LAND ROVER: RANGE ROVER SPORT LS,DISCOVERY III TAA,DISCOVERY IV LA; SAAB: 9-3 YS3F,9-3 Kombi YS3F,9-3 YS3D,9-5 YS3G; SUZUKI: SWIFT III MZ, EZ,SWIFT IV FZ, NZ,SPLASH,ALTO HA25, HA35,WAGON R+ EM,WAGON R; OPEL: CORSA D,CORSA C F08, F68,ZAFIRA B A05,ASTRA H Caravan L35,MERIVA,ZAFIRA A F75_,ASTRA G CC F48_, F08_,ASTRA H L48,ASTRA J Sports Tourer,ASTRA G Caravan F35_,CORSA B 73_, 78_, 79_,INSIGNIA Caravan,VECTRA C Caravan,ASTRA J,ASTRA H GTC L08,MERIVA B,SIGNUM,VECTRA C,AGILA A H00,ZAFIRA TOURER C P12,VECTRA B 36_,ASTRA F CC 53_, 54_, 58_, 59_,OMEGA B Caravan 21_, 22_, 23_,MOKKA,OMEGA B 25_, 26_, 27_,ADAM,VECTRA C GTS,TIGRA TwinTop,VECTRA B Caravan 31_,ASTRA H TwinTop L67,INSIGNIA,ASTRA G Cabriolet F67,ASTRA F Caravan 51_, 52_,INSIGNIA Stufenheck,FRONTERA B 6B_,ASTRA G Coupe F07_,COMBO Kasten\/Kombi,ASTRA G Stufenheck F69_,ZAFIRA B Van,CALIBRA A 85_,ASTRA GTC J,VECTRA B CC 38_,COMBO Tour,AGILA B H08,ASTRA F Cabriolet 53_B,ASTRA J Stufenheck,ASTRA F 56_, 57_,SINTRA,CORSA D Van,CASCADA W13,CORSA C Kasten F08, W5L,ASTRA H Stufenheck L69,COMBO Kasten\/Kombi X12,ASTRA H Kasten L70,SPEEDSTER,ASTRA G Kasten F70,ASTRA F Van 55_; JAGUAR: S-TYPE CCX,XF _J05_, CC9,XJ X350, X358; LANCIA: YPSILON 843,MUSA 350,YPSILON 312, 846; DACIA: DOKKER Express; 1423591, 24111423591, 24117533937, 7533937, 1722061, 00652315, 00652477, 0652315, 0652457, 0652477, 0652737, 0652976, 12855449, 652315, 652457, 652477, 652737, 652976, 90502556, 93171290, 93177277, 96023264, 98016867, 1659063P00, 1659086J00, 16590M86J30000; \u00d6ljytulppa,Kierretulppa, \u00d6ljypohja<\/p>\n","protected":false},"excerpt":{"rendered":"<p>VAICO Kierretulppa V40-0751 \u00d6ljytulppa,Kierretulppa, \u00d6ljypohja CHEVROLET,DAEWOO,NISSAN,ORLANDO J309,NUBIRA Kombi,AVEO Schr\u00e4gheck T250, T255<\/p>\n","protected":false},"featured_media":0,"template":"","meta":{"site-sidebar-layout":"default","site-content-layout":"default","ast-global-header-display":"","ast-main-header-display":"","ast-hfb-above-header-display":"","ast-hfb-below-header-display":"","ast-hfb-mobile-header-display":"","site-post-title":"","ast-breadcrumbs-content":"","ast-featured-img":"","footer-sml-layout":"","theme-transparent-header-meta":"","adv-header-id-meta":"","stick-header-meta":"","header-above-stick-meta":"","header-main-stick-meta":"","header-below-stick-meta":""},"pwb-brand":[330],"product_cat":[40],"product_tag":[],"class_list":{"0":"post-14806","1":"product","2":"type-product","3":"status-publish","5":"pwb-brand-vaico","6":"product_cat-kierretulppa","7":"desktop-align-left","8":"tablet-align-left","9":"mobile-align-left","11":"first","12":"instock","13":"product-type-external"},"brands":[{"id":330,"name":"VAICO","slug":"vaico"}],"_links":{"self":[{"href":"https:\/\/www.autonvaraosahaku.fi\/index.php?rest_route=\/wp\/v2\/product\/14806","targetHints":{"allow":["GET"]}}],"collection":[{"href":"https:\/\/www.autonvaraosahaku.fi\/index.php?rest_route=\/wp\/v2\/product"}],"about":[{"href":"https:\/\/www.autonvaraosahaku.fi\/index.php?rest_route=\/wp\/v2\/types\/product"}],"wp:attachment":[{"href":"https:\/\/www.autonvaraosahaku.fi\/index.php?rest_route=%2Fwp%2Fv2%2Fmedia&parent=14806"}],"wp:term":[{"taxonomy":"pwb-brand","embeddable":true,"href":"https:\/\/www.autonvaraosahaku.fi\/index.php?rest_route=%2Fwp%2Fv2%2Fpwb-brand&post=14806"},{"taxonomy":"product_cat","embeddable":true,"href":"https:\/\/www.autonvaraosahaku.fi\/index.php?rest_route=%2Fwp%2Fv2%2Fproduct_cat&post=14806"},{"taxonomy":"product_tag","embeddable":true,"href":"https:\/\/www.autonvaraosahaku.fi\/index.php?rest_route=%2Fwp%2Fv2%2Fproduct_tag&post=14806"}],"curies":[{"name":"wp","href":"https:\/\/api.w.org\/{rel}","templated":true}]}}