{"id":14808,"date":"2021-02-21T14:22:01","date_gmt":"2021-02-21T14:22:01","guid":{"rendered":"https:\/\/www.autonvaraosahaku.fi\/?product=febi-bilstein-23750-muut-luokat"},"modified":"2021-02-21T14:22:02","modified_gmt":"2021-02-21T14:22:02","slug":"febi-bilstein-23750-muut-luokat","status":"publish","type":"product","link":"https:\/\/www.autonvaraosahaku.fi\/?product=febi-bilstein-23750-muut-luokat","title":{"rendered":"FEBI BILSTEIN 23750 Muut luokat"},"content":{"rendered":"<p>Pituus (mm): 10, 17,5; Ulkokierre [mm]: M10 x 1; Materiaali: Muovi; Paino [kg]: 0,005, 0,005; TECDOC-moottorinumero: 30401; BMW: 3 E46,3 Touring E91,3 E90,5 E39,5 E60,1 E87,3 Touring E46,X3 E83,5 Touring E39,3 Compact E46,3 Coupe E46,1 E81,1 F20,3 Compact E36,3 E36,X5 E53,3 E30,3 Cabriolet E46,3 F30, F35, F80,7 E38,3 Coupe E36,Z3 E36,Z4 E85,5 E34,3 Cabriolet E30,3 Cabriolet E36,3 Touring E36,1 Cabriolet E88,8 E31,5 Touring E34,3 Touring E30,Z3 Coupe E36,Z4 Coupe E86; 11537793373, 17110141325, 17111712788<\/p>\n","protected":false},"excerpt":{"rendered":"<p>FEBI BILSTEIN Ilmausruuvi\/-Venttiili J\u00e4\u00e4hdytt\u00e4j\u00e4 febi Plus 23750  BMW,3 E46,3 Touring E91,3 E90,5 E39,5 E60,1 E87,3 Touring E46,X3 E83,5 Touring E39<\/p>\n","protected":false},"featured_media":0,"template":"","meta":{"site-sidebar-layout":"default","site-content-layout":"default","ast-global-header-display":"","ast-main-header-display":"","ast-hfb-above-header-display":"","ast-hfb-below-header-display":"","ast-hfb-mobile-header-display":"","site-post-title":"","ast-breadcrumbs-content":"","ast-featured-img":"","footer-sml-layout":"","theme-transparent-header-meta":"","adv-header-id-meta":"","stick-header-meta":"","header-above-stick-meta":"","header-main-stick-meta":"","header-below-stick-meta":""},"pwb-brand":[50],"product_cat":[37],"product_tag":[],"class_list":{"0":"post-14808","1":"product","2":"type-product","3":"status-publish","5":"pwb-brand-febi-bilstein","6":"product_cat-muut-luokat","7":"desktop-align-left","8":"tablet-align-left","9":"mobile-align-left","11":"first","12":"instock","13":"product-type-external"},"brands":[{"id":50,"name":"FEBI BILSTEIN","slug":"febi-bilstein"}],"_links":{"self":[{"href":"https:\/\/www.autonvaraosahaku.fi\/index.php?rest_route=\/wp\/v2\/product\/14808","targetHints":{"allow":["GET"]}}],"collection":[{"href":"https:\/\/www.autonvaraosahaku.fi\/index.php?rest_route=\/wp\/v2\/product"}],"about":[{"href":"https:\/\/www.autonvaraosahaku.fi\/index.php?rest_route=\/wp\/v2\/types\/product"}],"wp:attachment":[{"href":"https:\/\/www.autonvaraosahaku.fi\/index.php?rest_route=%2Fwp%2Fv2%2Fmedia&parent=14808"}],"wp:term":[{"taxonomy":"pwb-brand","embeddable":true,"href":"https:\/\/www.autonvaraosahaku.fi\/index.php?rest_route=%2Fwp%2Fv2%2Fpwb-brand&post=14808"},{"taxonomy":"product_cat","embeddable":true,"href":"https:\/\/www.autonvaraosahaku.fi\/index.php?rest_route=%2Fwp%2Fv2%2Fproduct_cat&post=14808"},{"taxonomy":"product_tag","embeddable":true,"href":"https:\/\/www.autonvaraosahaku.fi\/index.php?rest_route=%2Fwp%2Fv2%2Fproduct_tag&post=14808"}],"curies":[{"name":"wp","href":"https:\/\/api.w.org\/{rel}","templated":true}]}}