{"id":14812,"date":"2021-02-21T14:22:01","date_gmt":"2021-02-21T14:22:01","guid":{"rendered":"https:\/\/www.autonvaraosahaku.fi\/?product=ridex-83b0057-jarruletku"},"modified":"2021-02-21T14:22:02","modified_gmt":"2021-02-21T14:22:02","slug":"ridex-83b0057-jarruletku","status":"publish","type":"product","link":"https:\/\/www.autonvaraosahaku.fi\/?product=ridex-83b0057-jarruletku","title":{"rendered":"RIDEX 83B0057 Jarruletku"},"content":{"rendered":"<p>Pituus (mm): 410; Sis\u00e4kierre (mm): M10 x 1; Ulkokierre [mm]: M10 x 1; Kierteen pituus (mm): 14,5; Avainv\u00e4li: 14; V\u00e4ri: Musta; Asennuspuoli: etuakseli molemminpuoleinen; Paino [kg]: 0,074; Tarvittava kappalem\u00e4\u00e4r\u00e4: 2; Alustanumerosta: A 344661; MERCEDES-BENZ: C-CLASS W203,C-CLASS W204,C-CLASS T-Model S204,C-CLASS T-Model S203,C-CLASS W202,SLK R170,E-CLASS W210,C-CLASS Coupe CL203,E-CLASS T-Model S212,E-CLASS Kombi S210,SLK R171,CLK C208,CLK C209,C-CLASS Kombi S202,SPRINTER 3,5-t Kasten 906,E-CLASS Coupe C207,CLK Cabriolet A208,CLK Cabriolet A209,C-CLASS Coupe C204,SPRINTER 3,5-t Bus 906,SPRINTER 3-t Kasten 906,SLK R172,E-CLASS Cabriolet A207,CLC-CLASS CL203,SPRINTER 3,5-t Pritsche\/Fahrgestell 906,SPRINTER 3-t Bus 906,SPRINTER 5-t Kasten 906,SPRINTER 5-t Pritsche\/Fahrgestell 906,SPRINTER 3-t Pritsche\/Fahrgestell 906,SPRINTER 4,6-t Pritsche\/Fahrgestell 906,SPRINTER 4,6-t Kasten 906,SLC R172; 2024280135, 2024280735, 2044280135, 2044280435, A2024280735, A2044280135, A2044280435<\/p>\n","protected":false},"excerpt":{"rendered":"<p>RIDEX Jarruletku 83B0057  MERCEDES-BENZ,C-CLASS W203,C-CLASS W204,C-CLASS T-Model S204,C-CLASS T-Model S203,C-CLASS W202,SLK R170,E-CLASS W210<\/p>\n","protected":false},"featured_media":0,"template":"","meta":{"site-sidebar-layout":"default","site-content-layout":"default","ast-global-header-display":"","ast-main-header-display":"","ast-hfb-above-header-display":"","ast-hfb-below-header-display":"","ast-hfb-mobile-header-display":"","site-post-title":"","ast-breadcrumbs-content":"","ast-featured-img":"","footer-sml-layout":"","theme-transparent-header-meta":"","adv-header-id-meta":"","stick-header-meta":"","header-above-stick-meta":"","header-main-stick-meta":"","header-below-stick-meta":""},"pwb-brand":[157],"product_cat":[70],"product_tag":[],"class_list":{"0":"post-14812","1":"product","2":"type-product","3":"status-publish","5":"pwb-brand-ridex","6":"product_cat-jarruletku","7":"desktop-align-left","8":"tablet-align-left","9":"mobile-align-left","11":"first","12":"instock","13":"product-type-external"},"brands":[{"id":157,"name":"RIDEX","slug":"ridex"}],"_links":{"self":[{"href":"https:\/\/www.autonvaraosahaku.fi\/index.php?rest_route=\/wp\/v2\/product\/14812","targetHints":{"allow":["GET"]}}],"collection":[{"href":"https:\/\/www.autonvaraosahaku.fi\/index.php?rest_route=\/wp\/v2\/product"}],"about":[{"href":"https:\/\/www.autonvaraosahaku.fi\/index.php?rest_route=\/wp\/v2\/types\/product"}],"wp:attachment":[{"href":"https:\/\/www.autonvaraosahaku.fi\/index.php?rest_route=%2Fwp%2Fv2%2Fmedia&parent=14812"}],"wp:term":[{"taxonomy":"pwb-brand","embeddable":true,"href":"https:\/\/www.autonvaraosahaku.fi\/index.php?rest_route=%2Fwp%2Fv2%2Fpwb-brand&post=14812"},{"taxonomy":"product_cat","embeddable":true,"href":"https:\/\/www.autonvaraosahaku.fi\/index.php?rest_route=%2Fwp%2Fv2%2Fproduct_cat&post=14812"},{"taxonomy":"product_tag","embeddable":true,"href":"https:\/\/www.autonvaraosahaku.fi\/index.php?rest_route=%2Fwp%2Fv2%2Fproduct_tag&post=14812"}],"curies":[{"name":"wp","href":"https:\/\/api.w.org\/{rel}","templated":true}]}}