{"id":14858,"date":"2021-02-21T14:22:08","date_gmt":"2021-02-21T14:22:08","guid":{"rendered":"https:\/\/www.autonvaraosahaku.fi\/?product=monroe-g1083-iskunvaimennin"},"modified":"2021-02-21T14:22:11","modified_gmt":"2021-02-21T14:22:11","slug":"monroe-g1083-iskunvaimennin","status":"publish","type":"product","link":"https:\/\/www.autonvaraosahaku.fi\/?product=monroe-g1083-iskunvaimennin","title":{"rendered":"MONROE G1083 Iskunvaimennin"},"content":{"rendered":"<p>Iskunvaimennin tyyppi: Kaasupaine; Iskunvaimennusj\u00e4rjestelm\u00e4: Kaksiputki; Iskunvaimennin asennustapa: Silmukka ylh\u00e4\u00e4ll\u00e4, Silmukka alhaalla; Paino [kg]: 1,200; Reik\u00e4-\u00d8 [mm]: 25,4; suurin pituus [mm]: 371; v\u00e4h. pituus [mm]: 251; Pakkauspituus [cm]: 45; Pakkausleveys [cm]: 5,5; Pakkauskorkeus [mm]: 5,3; Tullitariffinumero: 87088035; Tappil\u00e4pimitta [mm]: 11; Asennuspuoli: Hinterachse; ABARTH: 500C \/ 595C 312_; FORD: KA RU8; FIAT: 500 312,500 C 312; 51860150, 51957098, 51984162, 50708786, 50709731, 51857841, 51857842, 51860150, 51864833, 51957096, 51957098, 51984161, 51984162, 52070349, 52071141, 52109495, 52109496, 1540225, 1578532, 1672372, 50709731, 9S5118125AA, 9S5118125AB, 9S5118125AC, 9S5118125AD; Iskarit,Iskunvaimennin<\/p>\n","protected":false},"excerpt":{"rendered":"<p>MONROE Iskunvaimentimet MONROE ORIGINAL (Gas Technology) G1083 Iskarit,Iskunvaimennin ABARTH,FORD,FIAT,500C \/ 595C 312_,KA RU8,500 312,500 C 312<\/p>\n","protected":false},"featured_media":0,"template":"","meta":{"site-sidebar-layout":"default","site-content-layout":"default","ast-global-header-display":"","ast-main-header-display":"","ast-hfb-above-header-display":"","ast-hfb-below-header-display":"","ast-hfb-mobile-header-display":"","site-post-title":"","ast-breadcrumbs-content":"","ast-featured-img":"","footer-sml-layout":"","theme-transparent-header-meta":"","adv-header-id-meta":"","stick-header-meta":"","header-above-stick-meta":"","header-main-stick-meta":"","header-below-stick-meta":""},"pwb-brand":[79],"product_cat":[80],"product_tag":[],"class_list":{"0":"post-14858","1":"product","2":"type-product","3":"status-publish","5":"pwb-brand-monroe","6":"product_cat-iskunvaimennin","7":"desktop-align-left","8":"tablet-align-left","9":"mobile-align-left","11":"first","12":"instock","13":"product-type-external"},"brands":[{"id":79,"name":"MONROE","slug":"monroe"}],"_links":{"self":[{"href":"https:\/\/www.autonvaraosahaku.fi\/index.php?rest_route=\/wp\/v2\/product\/14858","targetHints":{"allow":["GET"]}}],"collection":[{"href":"https:\/\/www.autonvaraosahaku.fi\/index.php?rest_route=\/wp\/v2\/product"}],"about":[{"href":"https:\/\/www.autonvaraosahaku.fi\/index.php?rest_route=\/wp\/v2\/types\/product"}],"wp:attachment":[{"href":"https:\/\/www.autonvaraosahaku.fi\/index.php?rest_route=%2Fwp%2Fv2%2Fmedia&parent=14858"}],"wp:term":[{"taxonomy":"pwb-brand","embeddable":true,"href":"https:\/\/www.autonvaraosahaku.fi\/index.php?rest_route=%2Fwp%2Fv2%2Fpwb-brand&post=14858"},{"taxonomy":"product_cat","embeddable":true,"href":"https:\/\/www.autonvaraosahaku.fi\/index.php?rest_route=%2Fwp%2Fv2%2Fproduct_cat&post=14858"},{"taxonomy":"product_tag","embeddable":true,"href":"https:\/\/www.autonvaraosahaku.fi\/index.php?rest_route=%2Fwp%2Fv2%2Fproduct_tag&post=14858"}],"curies":[{"name":"wp","href":"https:\/\/api.w.org\/{rel}","templated":true}]}}