{"id":14885,"date":"2021-02-21T14:22:15","date_gmt":"2021-02-21T14:22:15","guid":{"rendered":"https:\/\/www.autonvaraosahaku.fi\/?product=ngk-3689-sytytystulpat"},"modified":"2021-02-21T14:22:16","modified_gmt":"2021-02-21T14:22:16","slug":"ngk-3689-sytytystulpat","status":"publish","type":"product","link":"https:\/\/www.autonvaraosahaku.fi\/?product=ngk-3689-sytytystulpat","title":{"rendered":"NGK 3689 Sytytystulpat"},"content":{"rendered":"<p>Avainv\u00e4li: 16 mm; Ulkokierre [mm]: 14,0; Kierteen pituus (mm): 17,5; Sytytystulppa: kiinte\u00e4 SAE-liitin, Iridium-keskielektrodi, 1-maaelektroodi, H\u00e4iri\u00f6npoisto, 5 k-ohm, kartioistukalla; Kipin\u00e4et\u00e4isyys [mm]: 4,0; AUDI: 100 4A, C4,A8 4D2, 4D8,A6 Avant 4A, C4,A6 4A, C4,100 Avant 4A, C4,V8 44_, 4C_; MAZDA: 5 CR19,3 BK,6 Station Wagon GY,6 Hatchback GG,6 GG,TRIBUTE EP,3 Stufenheck BK,MPV II LW; CHEVROLET: TAHOE B2W,AVALANCHE,SILVERADO 1500; FORD USA: WINDSTAR A3,EXPLORER UN46,PROBE I,EXCURSION; VOLVO: V50 MW,V70 III BW,C30,S40 II MS,S80 II AS,760 704, 764,260 P262, P264,260 Coupe P262,260 Kombi P265,780; ROVER: 2000-3500 Hatchback SD1; MERCEDES-BENZ: 190 W201,Stufenheck W124,SL R129,SL R107,Stufenheck W123,S-CLASS W126,KOMBI Kombi S124,E-CLASS W124,G-CLASS W463,COUPE C124,G-CLASS W460,E-CLASS Kombi S124,COUPE C123,G-CLASS W461,KOMBI Kombi S123,T1 Bus 601,T1 Pritsche\/Fahrgestell 602,T2\/L Kasten\/Kombi,T1 Kasten 602,T1 Pritsche\/Fahrgestell 601,T2\/LN1 Kasten\/Kombi,T1 Kasten 601,T2\/L Pritsche\/Fahrgestell,T1\/TN Pritsche\/Fahrgestell,G-CLASS Cabrio W463,T2\/LN1 Pritsche\/Fahrgestell,T1\/TN Kasten\/Kombi,T2\/L Kipper; JAGUAR: S-TYPE CCX,XF _J05_, CC9,X-TYPE CF1,X-TYPE Estate,XJ X350, X358,XJ X300,XJSC Convertible,XK 8 Coupe QEV,XJ X35_, _J12_, _J24_,XJ Coupe; LANCIA: THEMA 834; FORD: FIESTA V JH_, JD_,MONDEO III Kombi BWY,FOCUS II Kombi DA_,MONDEO IV Turnier BA7,FOCUS Kombi DNW,FOCUS II DA_,FOCUS DAW, DBW,S-MAX WA6,FOCUS C-MAX,FIESTA IV JA_, JB_,GALAXY WA6,MONDEO III B5Y,C-MAX DM2,MAVERICK,TRANSIT MK-7 Kasten,MONDEO IV BA7,MONDEO III Stufenheck B4Y,FIESTA III GFJ,FOCUS II Stufenheck DA_,FOCUS II Cabriolet,TRANSIT MK-7 Pritsche\/Fahrgestell,MONDEO IV Stufenheck BA7,ESCORT VII GAL, AAL, ABL,ESCORT VII Kombi GAL, ANL,ESCORT VI GAL,FIESTA I GFBT,ESCORT IV GAF, AWF, ABFT,FIESTA II FBD,SCORPIO I GAE, GGE,ESCORT III GAA,FIESTA Kasten J5_, J3_,SCORPIO I Stufenheck GGE,ESCORT V GAL,ESCORT VII Stufenheck GAL, AFL,ESCORT VI Kombi GAL,ESCORT VI Stufenheck GAL,FIESTA Kasten F3L, F5L,SCORPIO I Kombi GGE,FIESTA Kasten FVD,ORION II AFF,ESCORT IV Kombi AWF, AVF,ESCORT &#8217;86 Express AVF,ESCORT V Kombi GAL, AVL,GT,ESCORT &#8217;91 Express AVL,FIESTA Kasten WFVT,ORION III GAL,ESCORT III Kombi AWA,ESCORT &#8217;81 Express AVA; Tulpat,Sytytystulppa<\/p>\n","protected":false},"excerpt":{"rendered":"<p>NGK Sytytystulpat Iridium IX 3689 Tulpat,Sytytystulppa AUDI,MAZDA,CHEVROLET,100 4A, C4,A8 4D2, 4D8,A6 Avant 4A, C4,A6 4A, C4,100 Avant 4A, C4<\/p>\n","protected":false},"featured_media":0,"template":"","meta":{"site-sidebar-layout":"default","site-content-layout":"default","ast-global-header-display":"","ast-main-header-display":"","ast-hfb-above-header-display":"","ast-hfb-below-header-display":"","ast-hfb-mobile-header-display":"","site-post-title":"","ast-breadcrumbs-content":"","ast-featured-img":"","footer-sml-layout":"","theme-transparent-header-meta":"","adv-header-id-meta":"","stick-header-meta":"","header-above-stick-meta":"","header-main-stick-meta":"","header-below-stick-meta":""},"pwb-brand":[189],"product_cat":[165],"product_tag":[],"class_list":{"0":"post-14885","1":"product","2":"type-product","3":"status-publish","5":"pwb-brand-ngk","6":"product_cat-sytytystulpat","7":"desktop-align-left","8":"tablet-align-left","9":"mobile-align-left","11":"first","12":"instock","13":"product-type-external"},"brands":[{"id":189,"name":"NGK","slug":"ngk"}],"_links":{"self":[{"href":"https:\/\/www.autonvaraosahaku.fi\/index.php?rest_route=\/wp\/v2\/product\/14885","targetHints":{"allow":["GET"]}}],"collection":[{"href":"https:\/\/www.autonvaraosahaku.fi\/index.php?rest_route=\/wp\/v2\/product"}],"about":[{"href":"https:\/\/www.autonvaraosahaku.fi\/index.php?rest_route=\/wp\/v2\/types\/product"}],"wp:attachment":[{"href":"https:\/\/www.autonvaraosahaku.fi\/index.php?rest_route=%2Fwp%2Fv2%2Fmedia&parent=14885"}],"wp:term":[{"taxonomy":"pwb-brand","embeddable":true,"href":"https:\/\/www.autonvaraosahaku.fi\/index.php?rest_route=%2Fwp%2Fv2%2Fpwb-brand&post=14885"},{"taxonomy":"product_cat","embeddable":true,"href":"https:\/\/www.autonvaraosahaku.fi\/index.php?rest_route=%2Fwp%2Fv2%2Fproduct_cat&post=14885"},{"taxonomy":"product_tag","embeddable":true,"href":"https:\/\/www.autonvaraosahaku.fi\/index.php?rest_route=%2Fwp%2Fv2%2Fproduct_tag&post=14885"}],"curies":[{"name":"wp","href":"https:\/\/api.w.org\/{rel}","templated":true}]}}