{"id":14898,"date":"2021-02-21T14:22:15","date_gmt":"2021-02-21T14:22:15","guid":{"rendered":"https:\/\/www.autonvaraosahaku.fi\/?product=swag-50-93-2307-pyoranpultit"},"modified":"2021-02-21T14:22:18","modified_gmt":"2021-02-21T14:22:18","slug":"swag-50-93-2307-pyoranpultit","status":"publish","type":"product","link":"https:\/\/www.autonvaraosahaku.fi\/?product=swag-50-93-2307-pyoranpultit","title":{"rendered":"SWAG 50 93 2307 Py\u00f6r\u00e4npultit"},"content":{"rendered":"<p>Pituus (mm): 46; Ulkokierre [mm]: M12 x 1,5; Kierteen pituus (mm): 26; Laatu \/ luokka: 10.9; Runkopituus [mm]: 13; Materiaali: Ter\u00e4s; Pinta: dakrometoitu; Ruuvin pituus ilman p\u00e4\u00e4t\u00e4: 42; Py\u00e4lletyn osan halkaisija [mm]: 13; Ruuvikanta-\u00d8 [mm]: 19; Paino [kg]: 0,04, 0,04; Valmistusvuoteen: 06\/2012; FORD: FIESTA V JH_, JD_,MONDEO III Kombi BWY,FIESTA VI,FOCUS Kombi DNW,FOCUS II DA_,FOCUS DAW, DBW,FOCUS C-MAX,FIESTA IV JA_, JB_,FUSION JU_,KA RB_,MONDEO III B5Y,C-MAX DM2,MONDEO III Stufenheck B4Y,FIESTA Stufenheck JA8 JR8,FOCUS Stufenheck DFW,STREET KA RL2,MONDEO II Kombi BNP,FIESTA III GFJ,TRANSIT CONNECT P65_, P70_, P80_,FOCUS II Stufenheck DA_,COUGAR EC_,MONDEO II BAP,TOURNEO CONNECT,FIESTA Stufenheck JAS JBS,PUMA EC_,MONDEO IV Stufenheck BA7,ESCORT VII GAL, AAL, ABL,MONDEO II Stufenheck BFP,MONDEO I Kombi BNP,SIERRA GBG, GB4,MONDEO I GBP,ESCORT VII Kombi GAL, ANL,FIESTA V Van,ESCORT VII Cabriolet ALL,FIESTA VI Van,ESCORT VI Cabriolet ALL,ESCORT VI GAL,SCORPIO II GFR, GGR,SIERRA Schr\u00e4gheck GBC, GBG,SCORPIO I GAE, GGE,ESCORT V Cabriolet ALL,MONDEO I Stufenheck GBP,SIERRA Schr\u00e4gheck GBC,ESCORT &#8217;95 Express AVL,FIESTA Kasten J5_, J3_,SCORPIO II Kombi GNR, GGR,SCORPIO I Stufenheck GGE,ESCORT V GAL,ESCORT VII Stufenheck GAL, AFL,FIESTA Kasten JV_,SIERRA Kombi BNG; 1359311, 1473166, 1481984, 1535305, 1629657, 1637224, 6041137, 6168108, 6586309, 6789185, 1535305, 85GB1107AA, 85GB1107BB, W700678S300, W700678S301, W700678S439, W700678S442<\/p>\n","protected":false},"excerpt":{"rendered":"<p>SWAG Py\u00f6r\u00e4npultit 50 93 2307  FORD,FIESTA V JH_, JD_,MONDEO III Kombi BWY,FIESTA VI,FOCUS Kombi DNW,FOCUS II DA_,FOCUS DAW, DBW,FOCUS C-MAX<\/p>\n","protected":false},"featured_media":0,"template":"","meta":{"site-sidebar-layout":"default","site-content-layout":"default","ast-global-header-display":"","ast-main-header-display":"","ast-hfb-above-header-display":"","ast-hfb-below-header-display":"","ast-hfb-mobile-header-display":"","site-post-title":"","ast-breadcrumbs-content":"","ast-featured-img":"","footer-sml-layout":"","theme-transparent-header-meta":"","adv-header-id-meta":"","stick-header-meta":"","header-above-stick-meta":"","header-main-stick-meta":"","header-below-stick-meta":""},"pwb-brand":[103],"product_cat":[51],"product_tag":[],"class_list":{"0":"post-14898","1":"product","2":"type-product","3":"status-publish","5":"pwb-brand-swag","6":"product_cat-pyoranpultit","7":"desktop-align-left","8":"tablet-align-left","9":"mobile-align-left","11":"first","12":"instock","13":"product-type-external"},"brands":[{"id":103,"name":"SWAG","slug":"swag"}],"_links":{"self":[{"href":"https:\/\/www.autonvaraosahaku.fi\/index.php?rest_route=\/wp\/v2\/product\/14898","targetHints":{"allow":["GET"]}}],"collection":[{"href":"https:\/\/www.autonvaraosahaku.fi\/index.php?rest_route=\/wp\/v2\/product"}],"about":[{"href":"https:\/\/www.autonvaraosahaku.fi\/index.php?rest_route=\/wp\/v2\/types\/product"}],"wp:attachment":[{"href":"https:\/\/www.autonvaraosahaku.fi\/index.php?rest_route=%2Fwp%2Fv2%2Fmedia&parent=14898"}],"wp:term":[{"taxonomy":"pwb-brand","embeddable":true,"href":"https:\/\/www.autonvaraosahaku.fi\/index.php?rest_route=%2Fwp%2Fv2%2Fpwb-brand&post=14898"},{"taxonomy":"product_cat","embeddable":true,"href":"https:\/\/www.autonvaraosahaku.fi\/index.php?rest_route=%2Fwp%2Fv2%2Fproduct_cat&post=14898"},{"taxonomy":"product_tag","embeddable":true,"href":"https:\/\/www.autonvaraosahaku.fi\/index.php?rest_route=%2Fwp%2Fv2%2Fproduct_tag&post=14898"}],"curies":[{"name":"wp","href":"https:\/\/api.w.org\/{rel}","templated":true}]}}