{"id":14899,"date":"2021-02-21T14:22:19","date_gmt":"2021-02-21T14:22:19","guid":{"rendered":"https:\/\/www.autonvaraosahaku.fi\/?product=mahle-original-kl-596-polttoainesuodatin"},"modified":"2021-02-21T14:22:19","modified_gmt":"2021-02-21T14:22:19","slug":"mahle-original-kl-596-polttoainesuodatin","status":"publish","type":"product","link":"https:\/\/www.autonvaraosahaku.fi\/?product=mahle-original-kl-596-polttoainesuodatin","title":{"rendered":"MAHLE ORIGINAL KL 596 Polttoainesuodatin"},"content":{"rendered":"<p>Suodatintyyppi: Letkusuodatin; Kopan l\u00e4pimitta (mm): 54,6; Korkeus (mm): 249,5; L\u00e4pimitta 2 [mm]: 8,0; L\u00e4pimitta 3 [mm]: 10,0; OE-numerolle: 8K0 127 400A; Paino [g]: 0,6; Korkeus (tuumaa): 9,88; Leveys (tuumaa): 3,54; Pituus (tuumaa): 3,54; Valmistusvuosi alkaen: 06\/2010; AUDI: A4 Avant 8K5, B8,A4 8K2, B8,Q5 8R,A6 Avant 4G5, C7, 4GD,A5 8T3,A4 Cabriolet 8H7, B6, 8HE, B7,A5 Sportback 8TA,Q7 4L,A6 4G2, C7, 4GC,A4 Allroad 8KH, B8,A5 Cabriolet 8F7,A8 4H_,A4 Avant 8W5, B9,A4 8W2, B9,Q5 FY,A5 Sportback F5A,A5 F53,A4 Allroad 8WH, B9,A5 Cabriolet F57; 8K0127400, 8K0127400A, 8K0127400C, 8T0127401A, 8K0127400, 8K0127400A, 8K0127400C, 8T0127401A, 8K0127400, 8K0127400A, 8K0127400C, 8T0127401A<\/p>\n","protected":false},"excerpt":{"rendered":"<p>MAHLE ORIGINAL Polttoainesuodatin KL 596  AUDI,A4 Avant 8K5, B8,A4 8K2, B8,Q5 8R,A6 Avant 4G5, C7, 4GD,A5 8T3,A4 Cabriolet 8H7, B6, 8HE, B7<\/p>\n","protected":false},"featured_media":0,"template":"","meta":{"site-sidebar-layout":"default","site-content-layout":"default","ast-global-header-display":"","ast-main-header-display":"","ast-hfb-above-header-display":"","ast-hfb-below-header-display":"","ast-hfb-mobile-header-display":"","site-post-title":"","ast-breadcrumbs-content":"","ast-featured-img":"","footer-sml-layout":"","theme-transparent-header-meta":"","adv-header-id-meta":"","stick-header-meta":"","header-above-stick-meta":"","header-main-stick-meta":"","header-below-stick-meta":""},"pwb-brand":[153],"product_cat":[29],"product_tag":[],"class_list":{"0":"post-14899","1":"product","2":"type-product","3":"status-publish","5":"pwb-brand-mahle-original","6":"product_cat-polttoainesuodatin","7":"desktop-align-left","8":"tablet-align-left","9":"mobile-align-left","11":"first","12":"instock","13":"product-type-external"},"brands":[{"id":153,"name":"MAHLE ORIGINAL","slug":"mahle-original"}],"_links":{"self":[{"href":"https:\/\/www.autonvaraosahaku.fi\/index.php?rest_route=\/wp\/v2\/product\/14899","targetHints":{"allow":["GET"]}}],"collection":[{"href":"https:\/\/www.autonvaraosahaku.fi\/index.php?rest_route=\/wp\/v2\/product"}],"about":[{"href":"https:\/\/www.autonvaraosahaku.fi\/index.php?rest_route=\/wp\/v2\/types\/product"}],"wp:attachment":[{"href":"https:\/\/www.autonvaraosahaku.fi\/index.php?rest_route=%2Fwp%2Fv2%2Fmedia&parent=14899"}],"wp:term":[{"taxonomy":"pwb-brand","embeddable":true,"href":"https:\/\/www.autonvaraosahaku.fi\/index.php?rest_route=%2Fwp%2Fv2%2Fpwb-brand&post=14899"},{"taxonomy":"product_cat","embeddable":true,"href":"https:\/\/www.autonvaraosahaku.fi\/index.php?rest_route=%2Fwp%2Fv2%2Fproduct_cat&post=14899"},{"taxonomy":"product_tag","embeddable":true,"href":"https:\/\/www.autonvaraosahaku.fi\/index.php?rest_route=%2Fwp%2Fv2%2Fproduct_tag&post=14899"}],"curies":[{"name":"wp","href":"https:\/\/api.w.org\/{rel}","templated":true}]}}