{"id":14910,"date":"2021-02-21T14:22:19","date_gmt":"2021-02-21T14:22:19","guid":{"rendered":"https:\/\/www.autonvaraosahaku.fi\/?product=fa1-866-371-011-kierretulppa"},"modified":"2021-02-21T14:22:21","modified_gmt":"2021-02-21T14:22:21","slug":"fa1-866-371-011-kierretulppa","status":"publish","type":"product","link":"https:\/\/www.autonvaraosahaku.fi\/?product=fa1-866-371-011-kierretulppa","title":{"rendered":"FA1 866.371.011 Kierretulppa"},"content":{"rendered":"<p>Kierremitta: M18x1.5; Pituus (mm): 21; Avainv\u00e4li: SW13; JEEP: RENEGADE Gel\u00e4ndewagen geschlossen BU,CHEROKEE KL,COMPASS; SUZUKI: SX4 EY, GY,SX4 S-Cross,VITARA LY; LANCIA: DELTA III 844,MUSA 350; OPEL: ZAFIRA B A05,ASTRA H Caravan L35,ASTRA H L48,ASTRA J Sports Tourer,INSIGNIA Caravan,VECTRA C Caravan,ASTRA J,ASTRA H GTC L08,SIGNUM,VECTRA C,ZAFIRA TOURER C P12,VECTRA C GTS,ASTRA H TwinTop L67,INSIGNIA,INSIGNIA Stufenheck,ASTRA GTC J,CASCADA W13,COMBO Kasten\/Kombi X12,ASTRA H Kasten L70,COMBO Tour X12; ALFA ROMEO: 159 Sportwagon 939,GIULIETTA 940,MITO 955,159 939,BRERA,SPIDER 939; FIAT: GRANDE PUNTO 199,DUCATO Kasten 250,BRAVO II 198,DUCATO Pritsche\/Fahrgestell 250,FREEMONT JF_,PUNTO EVO 199,DUCATO Bus 250,DOBLO Kasten\/Kombi 263,IDEA,SEDICI,500L,DOBLO Gro\u00dfraumlimousine 152, 263,LINEA 323,DOBLO Pritsche\/Fahrgestell 263,500X,TIPO Schr\u00e4gheck 356_,TIPO Kombi 356_,TIPO Stufenheck 356_; VAUXHALL: COMBO Mk III D Kasten\/Kombi; 55196505, 55196505, 55196505, 652300, 652950, 93183669; \u00d6ljytulppa,Kierretulppa, \u00d6ljypohja<\/p>\n","protected":false},"excerpt":{"rendered":"<p>FA1 Kierretulppa 866.371.011 \u00d6ljytulppa,Kierretulppa, \u00d6ljypohja JEEP,SUZUKI,LANCIA,RENEGADE Gel\u00e4ndewagen geschlossen BU,CHEROKEE KL,COMPASS,SX4 EY, GY<\/p>\n","protected":false},"featured_media":0,"template":"","meta":{"site-sidebar-layout":"default","site-content-layout":"default","ast-global-header-display":"","ast-main-header-display":"","ast-hfb-above-header-display":"","ast-hfb-below-header-display":"","ast-hfb-mobile-header-display":"","site-post-title":"","ast-breadcrumbs-content":"","ast-featured-img":"","footer-sml-layout":"","theme-transparent-header-meta":"","adv-header-id-meta":"","stick-header-meta":"","header-above-stick-meta":"","header-main-stick-meta":"","header-below-stick-meta":""},"pwb-brand":[39],"product_cat":[40],"product_tag":[],"class_list":{"0":"post-14910","1":"product","2":"type-product","3":"status-publish","5":"pwb-brand-fa1","6":"product_cat-kierretulppa","7":"desktop-align-left","8":"tablet-align-left","9":"mobile-align-left","11":"first","12":"instock","13":"product-type-external"},"brands":[{"id":39,"name":"FA1","slug":"fa1"}],"_links":{"self":[{"href":"https:\/\/www.autonvaraosahaku.fi\/index.php?rest_route=\/wp\/v2\/product\/14910","targetHints":{"allow":["GET"]}}],"collection":[{"href":"https:\/\/www.autonvaraosahaku.fi\/index.php?rest_route=\/wp\/v2\/product"}],"about":[{"href":"https:\/\/www.autonvaraosahaku.fi\/index.php?rest_route=\/wp\/v2\/types\/product"}],"wp:attachment":[{"href":"https:\/\/www.autonvaraosahaku.fi\/index.php?rest_route=%2Fwp%2Fv2%2Fmedia&parent=14910"}],"wp:term":[{"taxonomy":"pwb-brand","embeddable":true,"href":"https:\/\/www.autonvaraosahaku.fi\/index.php?rest_route=%2Fwp%2Fv2%2Fpwb-brand&post=14910"},{"taxonomy":"product_cat","embeddable":true,"href":"https:\/\/www.autonvaraosahaku.fi\/index.php?rest_route=%2Fwp%2Fv2%2Fproduct_cat&post=14910"},{"taxonomy":"product_tag","embeddable":true,"href":"https:\/\/www.autonvaraosahaku.fi\/index.php?rest_route=%2Fwp%2Fv2%2Fproduct_tag&post=14910"}],"curies":[{"name":"wp","href":"https:\/\/api.w.org\/{rel}","templated":true}]}}