{"id":14916,"date":"2021-02-21T14:22:19","date_gmt":"2021-02-21T14:22:19","guid":{"rendered":"https:\/\/www.autonvaraosahaku.fi\/?product=febi-bilstein-19099-hehkutulppa"},"modified":"2021-02-21T14:22:21","modified_gmt":"2021-02-21T14:22:21","slug":"febi-bilstein-19099-hehkutulppa","status":"publish","type":"product","link":"https:\/\/www.autonvaraosahaku.fi\/?product=febi-bilstein-19099-hehkutulppa","title":{"rendered":"FEBI BILSTEIN 19099 Hehkutulppa"},"content":{"rendered":"<p>Asennussyvyys (mm): 29,5; Pituus (mm): 90; Ulkokierre [mm]: M10 x 1; Avainv\u00e4li: 10; J\u00e4nnite (V): 11; Paino [kg]: 0,03; Hehkutulppatyyppi: j\u00e4lkihehkutuksenkest\u00e4v\u00e4, j\u00e4lkihehkutuksenkest\u00e4v\u00e4; Huomioi tekniset tiedot: ; TOYOTA: COROLLA Liftback _E11_,COROLLA Compact _E11_,COROLLA _E11_,COROLLA Wagon __E11_; FIAT: SCUDO Kasten 220L,SCUDO Combinato 220P,SCUDO Pritsche\/Fahrgestell 220_; CITRO\u00cbN: BERLINGO MF,SAXO S0, S1,BERLINGO Kasten M_,XSARA N1,XSARA Break N2,XSARA Coupe N0,AX ZA-_,JUMPY U6U,JUMPY Kasten BS_, BT_, BY_, BZ_,ZX Break N2,XSARA Kasten,SAXO Hatchback van S3_,XSARA Kasten\/Schr\u00e4gheck; PEUGEOT: 206 Schr\u00e4gheck 2A\/C,106 II 1,306 Schr\u00e4gheck 7A, 7C, N3, N5,PARTNER Combispace 5F,106 I 1A, 1C,PARTNER Kasten 5,306 Break 7E, N3, N5,306 7B, N3, N5,EXPERT Kasten 222,206 Van,EXPERT 224,106 Van 1_,EXPERT Pritsche\/Fahrgestell 223,306 Kasten\/Schr\u00e4gheck; 1610429080, 596068, 596069, 5960F6, 59622Y, 59622Z, 5962W2, 5962W3, E161004, 9631658980, 9651029880, 1610429080, 596068, 596069, 5960F6, 59622Y, 59622Z, 5962W2, 5962W3, E161004, SU00100351<\/p>\n","protected":false},"excerpt":{"rendered":"<p>FEBI BILSTEIN Hehkutulppa 19099  TOYOTA,FIAT,CITRO\u00cbN,COROLLA Liftback _E11_,COROLLA Compact _E11_,COROLLA _E11_,COROLLA Wagon __E11_,SCUDO Kasten 220L<\/p>\n","protected":false},"featured_media":0,"template":"","meta":{"site-sidebar-layout":"default","site-content-layout":"default","ast-global-header-display":"","ast-main-header-display":"","ast-hfb-above-header-display":"","ast-hfb-below-header-display":"","ast-hfb-mobile-header-display":"","site-post-title":"","ast-breadcrumbs-content":"","ast-featured-img":"","footer-sml-layout":"","theme-transparent-header-meta":"","adv-header-id-meta":"","stick-header-meta":"","header-above-stick-meta":"","header-main-stick-meta":"","header-below-stick-meta":""},"pwb-brand":[50],"product_cat":[52],"product_tag":[],"class_list":{"0":"post-14916","1":"product","2":"type-product","3":"status-publish","5":"pwb-brand-febi-bilstein","6":"product_cat-hehkutulppa","7":"desktop-align-left","8":"tablet-align-left","9":"mobile-align-left","11":"first","12":"instock","13":"product-type-external"},"brands":[{"id":50,"name":"FEBI BILSTEIN","slug":"febi-bilstein"}],"_links":{"self":[{"href":"https:\/\/www.autonvaraosahaku.fi\/index.php?rest_route=\/wp\/v2\/product\/14916","targetHints":{"allow":["GET"]}}],"collection":[{"href":"https:\/\/www.autonvaraosahaku.fi\/index.php?rest_route=\/wp\/v2\/product"}],"about":[{"href":"https:\/\/www.autonvaraosahaku.fi\/index.php?rest_route=\/wp\/v2\/types\/product"}],"wp:attachment":[{"href":"https:\/\/www.autonvaraosahaku.fi\/index.php?rest_route=%2Fwp%2Fv2%2Fmedia&parent=14916"}],"wp:term":[{"taxonomy":"pwb-brand","embeddable":true,"href":"https:\/\/www.autonvaraosahaku.fi\/index.php?rest_route=%2Fwp%2Fv2%2Fpwb-brand&post=14916"},{"taxonomy":"product_cat","embeddable":true,"href":"https:\/\/www.autonvaraosahaku.fi\/index.php?rest_route=%2Fwp%2Fv2%2Fproduct_cat&post=14916"},{"taxonomy":"product_tag","embeddable":true,"href":"https:\/\/www.autonvaraosahaku.fi\/index.php?rest_route=%2Fwp%2Fv2%2Fproduct_tag&post=14916"}],"curies":[{"name":"wp","href":"https:\/\/api.w.org\/{rel}","templated":true}]}}