{"id":14927,"date":"2021-02-21T14:22:23","date_gmt":"2021-02-21T14:22:23","guid":{"rendered":"https:\/\/www.autonvaraosahaku.fi\/?product=ridex-82b0723-jarrulevyt"},"modified":"2021-02-21T14:22:24","modified_gmt":"2021-02-21T14:22:24","slug":"ridex-82b0723-jarrulevyt","status":"publish","type":"product","link":"https:\/\/www.autonvaraosahaku.fi\/?product=ridex-82b0723-jarrulevyt","title":{"rendered":"RIDEX 82B0723 Jarrulevyt"},"content":{"rendered":"<p>Jarrulevytyyppi: Tuuletettu, ulko; L\u00e4pimitta [mm]: 280; Jarrulevyn paksuus (mm): 24,0; Korkeus (mm): 43,9; Reik\u00e4kuvio\/-m\u00e4\u00e4r\u00e4: 05\/07; Korvaava tuote\/korvaava tiedote 2: Ilman py\u00f6r\u00e4nnapaa, Ilman py\u00f6r\u00e4nkiinnityspultteja; V\u00e4himm\u00e4ispaksuus (mm): 21,8; Reik\u00e4ympyr\u00e4-\u00d8 [mm]: 108,0; keskitt\u00e4misl\u00e4pimitta [mm]: 61,0; Kierremitta: 15,8; Sis\u00e4l\u00e4pimitta [mm]: 140; Asennuspuoli: Etuakseli, Vorderachse; MERCEDES-BENZ: CITAN Kasten 415,CITAN Kombi 415,CITAN Mixto 415; RENAULT: KANGOO \/ GRAND KANGOO KW0\/1_,KANGOO Express FW0\/1_,SAFRANE II B54_; 4154200001, 4154200701, A4154200001, A4154200701, 7701209839, 8201464604; Jarrulevy<\/p>\n","protected":false},"excerpt":{"rendered":"<p>RIDEX Jarrulevyt 82B0723 Jarrulevy MERCEDES-BENZ,RENAULT,CITAN Kasten 415,CITAN Kombi 415,CITAN Mixto 415,KANGOO \/ GRAND KANGOO KW0\/1_<\/p>\n","protected":false},"featured_media":0,"template":"","meta":{"site-sidebar-layout":"default","site-content-layout":"default","ast-global-header-display":"","ast-main-header-display":"","ast-hfb-above-header-display":"","ast-hfb-below-header-display":"","ast-hfb-mobile-header-display":"","site-post-title":"","ast-breadcrumbs-content":"","ast-featured-img":"","footer-sml-layout":"","theme-transparent-header-meta":"","adv-header-id-meta":"","stick-header-meta":"","header-above-stick-meta":"","header-main-stick-meta":"","header-below-stick-meta":""},"pwb-brand":[157],"product_cat":[66],"product_tag":[],"class_list":{"0":"post-14927","1":"product","2":"type-product","3":"status-publish","5":"pwb-brand-ridex","6":"product_cat-jarrulevyt","7":"desktop-align-left","8":"tablet-align-left","9":"mobile-align-left","11":"first","12":"instock","13":"product-type-external"},"brands":[{"id":157,"name":"RIDEX","slug":"ridex"}],"_links":{"self":[{"href":"https:\/\/www.autonvaraosahaku.fi\/index.php?rest_route=\/wp\/v2\/product\/14927","targetHints":{"allow":["GET"]}}],"collection":[{"href":"https:\/\/www.autonvaraosahaku.fi\/index.php?rest_route=\/wp\/v2\/product"}],"about":[{"href":"https:\/\/www.autonvaraosahaku.fi\/index.php?rest_route=\/wp\/v2\/types\/product"}],"wp:attachment":[{"href":"https:\/\/www.autonvaraosahaku.fi\/index.php?rest_route=%2Fwp%2Fv2%2Fmedia&parent=14927"}],"wp:term":[{"taxonomy":"pwb-brand","embeddable":true,"href":"https:\/\/www.autonvaraosahaku.fi\/index.php?rest_route=%2Fwp%2Fv2%2Fpwb-brand&post=14927"},{"taxonomy":"product_cat","embeddable":true,"href":"https:\/\/www.autonvaraosahaku.fi\/index.php?rest_route=%2Fwp%2Fv2%2Fproduct_cat&post=14927"},{"taxonomy":"product_tag","embeddable":true,"href":"https:\/\/www.autonvaraosahaku.fi\/index.php?rest_route=%2Fwp%2Fv2%2Fproduct_tag&post=14927"}],"curies":[{"name":"wp","href":"https:\/\/api.w.org\/{rel}","templated":true}]}}