{"id":14929,"date":"2021-02-21T14:22:23","date_gmt":"2021-02-21T14:22:23","guid":{"rendered":"https:\/\/www.autonvaraosahaku.fi\/?product=ridex-854s0103-iskunvaimennin"},"modified":"2021-02-21T14:22:24","modified_gmt":"2021-02-21T14:22:24","slug":"ridex-854s0103-iskunvaimennin","status":"publish","type":"product","link":"https:\/\/www.autonvaraosahaku.fi\/?product=ridex-854s0103-iskunvaimennin","title":{"rendered":"RIDEX 854S0103 Iskunvaimennin"},"content":{"rendered":"<p>Asennuspuoli: Taka-akseli; Iskunvaimennin tyyppi: Kaasupaine; Iskunvaimennin asennustapa: Tappi ylh\u00e4\u00e4ll\u00e4, Silmukka alhaalla; v\u00e4h. pituus [mm]: 272; suurin pituus [mm]: 414; Alustanumeroon: J 2791967; OPEL: ZAFIRA B A05,ASTRA H Caravan L35,ASTRA H L48,ASTRA H GTC L08,ASTRA F CC 53_, 54_, 58_, 59_,ASTRA H TwinTop L67,ASTRA F Caravan 51_, 52_,ZAFIRA B Van,VECTRA A 86_, 87_,ASTRA F 56_, 57_,KADETT E CC 33_, 34_, 43_, 44_,ASTRA H Stufenheck L69,KADETT E Cabriolet 43B_,ASTRA H Kasten L70,ASCONA C 81_, 86_, 87_, 88_,KADETT D 31_-34_, 41_-44_,KADETT E 39_, 49_,ASCONA C CC 84_, 89_,KADETT D 32_,37_,39, _42; VAUXHALL: ZAFIRA Mk II B M75,ASTRA Mk V H CC,ASTRA Mk V H Estate,ASTRA Mk III F CC,ASTRA Mk II CC,ASTRA Mk III F Estate,ASTRAVAN Mk V H,ASTRAVAN Mk III F,CAVALIER Mk II CC; 13279263, 436530, 436488, 13234963, 13261179, 13279261, 13279263, 13319752, 13319754, 22012278, 436035, 436072, 436127, 436207, 436233, 436325, 436326, 436327, 436333, 436334, 436482, 436488, 436489, 436506, 436512, 436526, 436529, 436530, 436571, 436575, 72118264, 90007588, 90094801, 90094803, 90140353, 90141851, 90193744, 90295474, 90295477, 90297922, 90297925, 90304472, 90349893, 90349894, 90350737, 90350738, 90372072, 90399496, 90442285, 90442879, 93178640, 93178641, 93178642, 93182102, 93182103, 93182104, 93182237, 93182239, 13279261, 13279263, 13319752, 13319754, 22012278, 436325, 436326, 436327, 436334, 436482, 436488, 436489, 436506, 436512, 436526, 436529, 436530, 436575, 72118264, 90007588, 90094801, 90094803, 90140353, 90141851, 90193744, 90372072, 90442879, 93178640, 93178641, 93178642, 93182102, 93182103, 93182104, 93182237, 93182239; Iskarit,Iskunvaimennin<\/p>\n","protected":false},"excerpt":{"rendered":"<p>RIDEX Iskunvaimentimet 854S0103 Iskarit,Iskunvaimennin OPEL,VAUXHALL,ZAFIRA B A05,ASTRA H Caravan L35,ASTRA H L48,ASTRA H GTC L08<\/p>\n","protected":false},"featured_media":0,"template":"","meta":{"site-sidebar-layout":"default","site-content-layout":"default","ast-global-header-display":"","ast-main-header-display":"","ast-hfb-above-header-display":"","ast-hfb-below-header-display":"","ast-hfb-mobile-header-display":"","site-post-title":"","ast-breadcrumbs-content":"","ast-featured-img":"","footer-sml-layout":"","theme-transparent-header-meta":"","adv-header-id-meta":"","stick-header-meta":"","header-above-stick-meta":"","header-main-stick-meta":"","header-below-stick-meta":""},"pwb-brand":[157],"product_cat":[80],"product_tag":[],"class_list":{"0":"post-14929","1":"product","2":"type-product","3":"status-publish","5":"pwb-brand-ridex","6":"product_cat-iskunvaimennin","7":"desktop-align-left","8":"tablet-align-left","9":"mobile-align-left","11":"first","12":"instock","13":"product-type-external"},"brands":[{"id":157,"name":"RIDEX","slug":"ridex"}],"_links":{"self":[{"href":"https:\/\/www.autonvaraosahaku.fi\/index.php?rest_route=\/wp\/v2\/product\/14929","targetHints":{"allow":["GET"]}}],"collection":[{"href":"https:\/\/www.autonvaraosahaku.fi\/index.php?rest_route=\/wp\/v2\/product"}],"about":[{"href":"https:\/\/www.autonvaraosahaku.fi\/index.php?rest_route=\/wp\/v2\/types\/product"}],"wp:attachment":[{"href":"https:\/\/www.autonvaraosahaku.fi\/index.php?rest_route=%2Fwp%2Fv2%2Fmedia&parent=14929"}],"wp:term":[{"taxonomy":"pwb-brand","embeddable":true,"href":"https:\/\/www.autonvaraosahaku.fi\/index.php?rest_route=%2Fwp%2Fv2%2Fpwb-brand&post=14929"},{"taxonomy":"product_cat","embeddable":true,"href":"https:\/\/www.autonvaraosahaku.fi\/index.php?rest_route=%2Fwp%2Fv2%2Fproduct_cat&post=14929"},{"taxonomy":"product_tag","embeddable":true,"href":"https:\/\/www.autonvaraosahaku.fi\/index.php?rest_route=%2Fwp%2Fv2%2Fproduct_tag&post=14929"}],"curies":[{"name":"wp","href":"https:\/\/api.w.org\/{rel}","templated":true}]}}