{"id":14936,"date":"2021-02-21T14:22:23","date_gmt":"2021-02-21T14:22:23","guid":{"rendered":"https:\/\/www.autonvaraosahaku.fi\/?product=mahle-original-oc-405-3-oljynsuodatin"},"modified":"2021-02-21T14:22:25","modified_gmt":"2021-02-21T14:22:25","slug":"mahle-original-oc-405-3-oljynsuodatin","status":"publish","type":"product","link":"https:\/\/www.autonvaraosahaku.fi\/?product=mahle-original-oc-405-3-oljynsuodatin","title":{"rendered":"MAHLE ORIGINAL OC 405\/3 \u00d6ljynsuodatin"},"content":{"rendered":"<p>Suodatintyyppi: Ruuvattava suodatin; Korkeus (mm): 79,3, 79,3; Sis\u00e4l\u00e4pimitta 2 [mm]: 62,0; Liitinkierre: M18x1,5; Kiristysmomentti: 20; Suositellun erikoisty\u00f6kalun tuotenumero: OCS 1, OCS 1; Paino [g]: 0,68; Korkeus (tuumaa): 3,17; Leveys (tuumaa): 3,09; Pituus (tuumaa): 3,09; Moottorinumero: Z 16 XE; DAEWOO: KALOS KLAS,LACETTI Schr\u00e4gheck KLAN,KALOS Stufenheck KLAS,LEGANZA KLAV,NUBIRA Stufenheck KLAJ,ESPERO KLEJ,NUBIRA KLAJ,NEXIA Stufenheck KLETN,CIELO Stufenheck,LACETTI J150  Stufenheck,LUBLIN II Pritsche\/Fahrgestell,NUBIRA J150,NUBIRA Kombi J150,NUBIRA Stufenheck J150,LUBLIN II Bus; CHEVROLET: CAPTIVA C100, C140,CRUZE J300,CRUZE Schr\u00e4gheck J305,LACETTI J200,AVEO Stufenheck T250, T255,CAPTIVA SPORT,NUBIRA Stufenheck,AVEO Stufenheck T200,LACETTI Kombi J200,AVEO Schr\u00e4gheck T200,VOLT,S10 Pick-up,LACETTI Stufenheck; OPEL: CORSA C F08, F68,ZAFIRA B A05,ASTRA H Caravan L35,MERIVA,ZAFIRA A F75_,ASTRA G CC F48_, F08_,ASTRA H L48,ASTRA G Caravan F35_,CORSA B 73_, 78_, 79_,VECTRA C Caravan,ASTRA H GTC L08,SIGNUM,VECTRA C,VECTRA B 36_,ASTRA F CC 53_, 54_, 58_, 59_,OMEGA B Caravan 21_, 22_, 23_,OMEGA B 25_, 26_, 27_,VECTRA C GTS,TIGRA TwinTop,VECTRA B Caravan 31_,ASTRA H TwinTop L67,ASTRA G Cabriolet F67,ASTRA F Caravan 51_, 52_,FRONTERA B 6B_,ASTRA G Coupe F07_,COMBO Kasten\/Kombi,ASTRA G Stufenheck F69_,ZAFIRA B Van,VECTRA B CC 38_,COMBO Tour,CORSA CLASSIC Stufenheck,CORSA A CC 93_, 94_, 98_, 99_,FRONTERA A 5_MWL4,ASTRA H Stufenheck L69,COMBO 71_,ASTRA H Kasten L70,CORSA C Utility Pick-up,OMEGA A Caravan 66_, 67_,SPEEDSTER,KADETT E 39_, 49_,AMPERA,ASTRA G Kasten F70,CORSA B Utility Pick-up,ASTRA F Van 55_,ASTRA G CLASSIC Caravan F35,ASTRA G CLASSIC T98,ASTRA G CLASSIC Stufenheck T98; SAAB: 9-3 YS3F,9-3 Kombi YS3F,9-3 Cabriolet YS3F; FIAT: CROMA 194; LOTUS: EUROPA S; VAUXHALL: ZAFIRA Mk II B M75,ASTRA Mk V H CC,VECTRA Mk II C CC,ZAFIRA Mk I A F75,CORSA Mk II C W5L, F08,ASTRA Mk V H Estate,VECTRA Mk II C Estate,ASTRA Mk V H Convertible,ASTRA Mk IV G CC,VECTRA Mk II C,ANTARA J26, H26,FRONTERA Mk II B,SIGNUM,MERIVA Mk I A,ASTRA Mk IV G Sedan,AMPERA,ASTRA Mk II CC,TIGRA Convertible,VECTRA B CC,FRONTERA Mk I A,CAVALIER Mk III 87,VX220,VECTRA B Estate,VECTRA B,COMBO Mk I B,ASTRAVAN Mk V H,ASTRAVAN Mk IV G,CAVALIER Mk III CC,ASTRA Mk IV G Coupe F67,COMBO TOUR Mk II C F25,ASTRA Mk IV G Convertible,COMBO Mk II C Kasten\/Kombi F25,ASTRA Mk IV G Estate,CAVALIER Mk II CC,NOVA CC,CARLTON Mk III; 55352643, 92142009, 93156300, 93156954, 93178952, 93179720, 93745067, 94797406, 95509857, 96352845, 96395221, 96458873, 96879797, 93745067, 96395221, 96458873, 96879797, 55352643, 55496757, 93178952, 93183723, 93745067, 96879797, A124E6196S, 0650104, 0650144, 0650401, 55352643, 55496757, 5650343, 650104, 650144, 650381, 650401, 93156243, 93156300, 93178952, 93179720, 95509857, 93178952, 95509857, 55352643, 55496757, 93156300, 93178952, 93179720, 95509857<\/p>\n","protected":false},"excerpt":{"rendered":"<p>MAHLE ORIGINAL \u00d6ljynsuodatin OC 405\/3  DAEWOO,CHEVROLET,OPEL,KALOS KLAS,LACETTI Schr\u00e4gheck KLAN,KALOS Stufenheck KLAS,LEGANZA KLAV<\/p>\n","protected":false},"featured_media":0,"template":"","meta":{"site-sidebar-layout":"default","site-content-layout":"default","ast-global-header-display":"","ast-main-header-display":"","ast-hfb-above-header-display":"","ast-hfb-below-header-display":"","ast-hfb-mobile-header-display":"","site-post-title":"","ast-breadcrumbs-content":"","ast-featured-img":"","footer-sml-layout":"","theme-transparent-header-meta":"","adv-header-id-meta":"","stick-header-meta":"","header-above-stick-meta":"","header-main-stick-meta":"","header-below-stick-meta":""},"pwb-brand":[153],"product_cat":[30],"product_tag":[],"class_list":{"0":"post-14936","1":"product","2":"type-product","3":"status-publish","5":"pwb-brand-mahle-original","6":"product_cat-oljynsuodatin","7":"desktop-align-left","8":"tablet-align-left","9":"mobile-align-left","11":"first","12":"instock","13":"product-type-external"},"brands":[{"id":153,"name":"MAHLE ORIGINAL","slug":"mahle-original"}],"_links":{"self":[{"href":"https:\/\/www.autonvaraosahaku.fi\/index.php?rest_route=\/wp\/v2\/product\/14936","targetHints":{"allow":["GET"]}}],"collection":[{"href":"https:\/\/www.autonvaraosahaku.fi\/index.php?rest_route=\/wp\/v2\/product"}],"about":[{"href":"https:\/\/www.autonvaraosahaku.fi\/index.php?rest_route=\/wp\/v2\/types\/product"}],"wp:attachment":[{"href":"https:\/\/www.autonvaraosahaku.fi\/index.php?rest_route=%2Fwp%2Fv2%2Fmedia&parent=14936"}],"wp:term":[{"taxonomy":"pwb-brand","embeddable":true,"href":"https:\/\/www.autonvaraosahaku.fi\/index.php?rest_route=%2Fwp%2Fv2%2Fpwb-brand&post=14936"},{"taxonomy":"product_cat","embeddable":true,"href":"https:\/\/www.autonvaraosahaku.fi\/index.php?rest_route=%2Fwp%2Fv2%2Fproduct_cat&post=14936"},{"taxonomy":"product_tag","embeddable":true,"href":"https:\/\/www.autonvaraosahaku.fi\/index.php?rest_route=%2Fwp%2Fv2%2Fproduct_tag&post=14936"}],"curies":[{"name":"wp","href":"https:\/\/api.w.org\/{rel}","templated":true}]}}