{"id":14965,"date":"2021-02-21T14:22:31","date_gmt":"2021-02-21T14:22:31","guid":{"rendered":"https:\/\/www.autonvaraosahaku.fi\/?product=ridex-123b0030-jarrurumpu"},"modified":"2021-02-21T14:22:32","modified_gmt":"2021-02-21T14:22:32","slug":"ridex-123b0030-jarrurumpu","status":"publish","type":"product","link":"https:\/\/www.autonvaraosahaku.fi\/?product=ridex-123b0030-jarrurumpu","title":{"rendered":"RIDEX 123B0030 Jarrurumpu"},"content":{"rendered":"<p>Asennuspuoli: Taka-akseli, Hinterachse; Rumpul\u00e4pimitta: 203,3; J-rumpu sis\u00e4leveys [mm]: 50,5; Reik\u00e4ympyr\u00e4-\u00d8 [mm]: 100; Korvaava tuote\/korvaava tiedote 2: Py\u00f6r\u00e4nnavalla, Ilman py\u00f6r\u00e4nkiinnityspultteja, ilman py\u00f6r\u00e4nlaakeria; M\u00e4\u00e4r\u00e4tty kiertosuunta: ; ei sidoksissa kulkusuuntaan: ; Jarrurummun ulkol\u00e4pim. [mm]: 234; J-rumpu ulkoleveys [mm]: 76; Reik\u00e4kuvio\/-m\u00e4\u00e4r\u00e4: 04\/04; Suurin mahdollinen rummun sis\u00e4mitta (mm): 204,5; Paino [kg]: 5; Navan l\u00e4pimitta 1 [mm]: 52; Kierremitta: M12x1,5; NISSAN: MICRA III K12,NOTE E11,MICRA C+C K12; DACIA: SANDERO,LOGAN MCV KS_,LOGAN LS_,LOGAN EXPRESS FS_; RENAULT: TWINGO I C06_,CLIO II BB0\/1\/2_, CB0\/1\/2_,TWINGO II CN0_,MEGANE I BA0\/1_,MEGANE I Cabriolet EA0\/1_,TWINGO I Kasten S06_,MEGANE I Classic LA0\/1_,MEGANE I Coach DA0\/1_,CLIO II Kasten SB0\/1\/2_,19 II B\/C53_,19 II Cabriolet D53_, 853_,19 I B\/C53_,19 II Chamade L53_,19 I Chamade L53_,THALIA I LB0\/1\/2_,SANDERO\/STEPWAY I,LOGAN I Kombi KS_,19 II Kasten S53_,LOGAN I LS_,THALIA II LU1\/2_,THALIA III; 6001547703, 8200243735, 43206AX650, 432006468R, 432022546R, 6001547703, 7700428821, 7700818346, 7700827866, 7700839322, 770818346, 8200243735, 8200672836<\/p>\n","protected":false},"excerpt":{"rendered":"<p>RIDEX Jarrurumpu 123B0030  NISSAN,DACIA,RENAULT,MICRA III K12,NOTE E11,MICRA C+C K12,SANDERO,LOGAN MCV KS_,LOGAN LS_,LOGAN EXPRESS FS_,TWINGO I C06_<\/p>\n","protected":false},"featured_media":0,"template":"","meta":{"site-sidebar-layout":"default","site-content-layout":"default","ast-global-header-display":"","ast-main-header-display":"","ast-hfb-above-header-display":"","ast-hfb-below-header-display":"","ast-hfb-mobile-header-display":"","site-post-title":"","ast-breadcrumbs-content":"","ast-featured-img":"","footer-sml-layout":"","theme-transparent-header-meta":"","adv-header-id-meta":"","stick-header-meta":"","header-above-stick-meta":"","header-main-stick-meta":"","header-below-stick-meta":""},"pwb-brand":[157],"product_cat":[304],"product_tag":[],"class_list":{"0":"post-14965","1":"product","2":"type-product","3":"status-publish","5":"pwb-brand-ridex","6":"product_cat-jarrurumpu","7":"desktop-align-left","8":"tablet-align-left","9":"mobile-align-left","11":"first","12":"instock","13":"product-type-external"},"brands":[{"id":157,"name":"RIDEX","slug":"ridex"}],"_links":{"self":[{"href":"https:\/\/www.autonvaraosahaku.fi\/index.php?rest_route=\/wp\/v2\/product\/14965","targetHints":{"allow":["GET"]}}],"collection":[{"href":"https:\/\/www.autonvaraosahaku.fi\/index.php?rest_route=\/wp\/v2\/product"}],"about":[{"href":"https:\/\/www.autonvaraosahaku.fi\/index.php?rest_route=\/wp\/v2\/types\/product"}],"wp:attachment":[{"href":"https:\/\/www.autonvaraosahaku.fi\/index.php?rest_route=%2Fwp%2Fv2%2Fmedia&parent=14965"}],"wp:term":[{"taxonomy":"pwb-brand","embeddable":true,"href":"https:\/\/www.autonvaraosahaku.fi\/index.php?rest_route=%2Fwp%2Fv2%2Fpwb-brand&post=14965"},{"taxonomy":"product_cat","embeddable":true,"href":"https:\/\/www.autonvaraosahaku.fi\/index.php?rest_route=%2Fwp%2Fv2%2Fproduct_cat&post=14965"},{"taxonomy":"product_tag","embeddable":true,"href":"https:\/\/www.autonvaraosahaku.fi\/index.php?rest_route=%2Fwp%2Fv2%2Fproduct_tag&post=14965"}],"curies":[{"name":"wp","href":"https:\/\/api.w.org\/{rel}","templated":true}]}}