{"id":14976,"date":"2021-02-21T14:22:31","date_gmt":"2021-02-21T14:22:31","guid":{"rendered":"https:\/\/www.autonvaraosahaku.fi\/?product=monroe-l28607-koiranluu"},"modified":"2021-02-21T14:22:33","modified_gmt":"2021-02-21T14:22:33","slug":"monroe-l28607-koiranluu","status":"publish","type":"product","link":"https:\/\/www.autonvaraosahaku.fi\/?product=monroe-l28607-koiranluu","title":{"rendered":"MONROE L28607 Koiranluu"},"content":{"rendered":"<p>Valmistaja rajaus: TRW; L\u00e4pimitta [mm]: 9; Pituus (mm): 335; Paino [kg]: 0,392; Tarvittava kappalem\u00e4\u00e4r\u00e4: 2; Kierremitta: M10x1,5\/M10x1,5; Tanko \/ tuki: Yhdystanko; Pakkauspituus [cm]: 43,5; Pakkausleveys [cm]: 7,5; Pakkauskorkeus [mm]: 4; Asennuspuoli: Vorderachse; CITRO\u00cbN: C2 JM_,C3 I FC_,DS3,C3 II,C3 Pluriel HB_,DS3 Cabriolet,C2 ENTERPRISE,C4 CACTUS,C3 III SX; PEUGEOT: 206 Schr\u00e4gheck 2A\/C,206 CC 2D,206 SW 2E\/K,208,206+ T3E,1007 KM_,2008,206 Stufenheck,206 Van,208 Kasten; DS: DS 3,DS 3 Cabriolet; 1646621980, 508745, 508759, 508766, 508771, 508774, 96288787, 9808868280, 9808868280, 1646621980, 508745, 508759, 508766, 508771, 9808868280; Kallistuksenvakaajan Yhdystanko,Tanko, Kallistuksenvaimennin<\/p>\n","protected":false},"excerpt":{"rendered":"<p>MONROE Koiranluu L28607 Kallistuksenvakaajan Yhdystanko,Tanko, Kallistuksenvaimennin CITRO\u00cbN,PEUGEOT,DS,C2 JM_,C3 I FC_,DS3,C3 II,C3 Pluriel HB_<\/p>\n","protected":false},"featured_media":0,"template":"","meta":{"site-sidebar-layout":"default","site-content-layout":"default","ast-global-header-display":"","ast-main-header-display":"","ast-hfb-above-header-display":"","ast-hfb-below-header-display":"","ast-hfb-mobile-header-display":"","site-post-title":"","ast-breadcrumbs-content":"","ast-featured-img":"","footer-sml-layout":"","theme-transparent-header-meta":"","adv-header-id-meta":"","stick-header-meta":"","header-above-stick-meta":"","header-main-stick-meta":"","header-below-stick-meta":""},"pwb-brand":[79],"product_cat":[38],"product_tag":[],"class_list":{"0":"post-14976","1":"product","2":"type-product","3":"status-publish","5":"pwb-brand-monroe","6":"product_cat-koiranluu","7":"desktop-align-left","8":"tablet-align-left","9":"mobile-align-left","11":"first","12":"instock","13":"product-type-external"},"brands":[{"id":79,"name":"MONROE","slug":"monroe"}],"_links":{"self":[{"href":"https:\/\/www.autonvaraosahaku.fi\/index.php?rest_route=\/wp\/v2\/product\/14976","targetHints":{"allow":["GET"]}}],"collection":[{"href":"https:\/\/www.autonvaraosahaku.fi\/index.php?rest_route=\/wp\/v2\/product"}],"about":[{"href":"https:\/\/www.autonvaraosahaku.fi\/index.php?rest_route=\/wp\/v2\/types\/product"}],"wp:attachment":[{"href":"https:\/\/www.autonvaraosahaku.fi\/index.php?rest_route=%2Fwp%2Fv2%2Fmedia&parent=14976"}],"wp:term":[{"taxonomy":"pwb-brand","embeddable":true,"href":"https:\/\/www.autonvaraosahaku.fi\/index.php?rest_route=%2Fwp%2Fv2%2Fpwb-brand&post=14976"},{"taxonomy":"product_cat","embeddable":true,"href":"https:\/\/www.autonvaraosahaku.fi\/index.php?rest_route=%2Fwp%2Fv2%2Fproduct_cat&post=14976"},{"taxonomy":"product_tag","embeddable":true,"href":"https:\/\/www.autonvaraosahaku.fi\/index.php?rest_route=%2Fwp%2Fv2%2Fproduct_tag&post=14976"}],"curies":[{"name":"wp","href":"https:\/\/api.w.org\/{rel}","templated":true}]}}