{"id":14990,"date":"2021-02-21T14:22:35","date_gmt":"2021-02-21T14:22:35","guid":{"rendered":"https:\/\/www.autonvaraosahaku.fi\/?product=ridex-654w0045-pyoranlaakerit"},"modified":"2021-02-21T14:22:36","modified_gmt":"2021-02-21T14:22:36","slug":"ridex-654w0045-pyoranlaakerit","status":"publish","type":"product","link":"https:\/\/www.autonvaraosahaku.fi\/?product=ridex-654w0045-pyoranlaakerit","title":{"rendered":"RIDEX 654W0045 Py\u00f6r\u00e4nlaakerit"},"content":{"rendered":"<p>Leveys (mm): 44; Sis\u00e4l\u00e4pimitta [mm]: 45; Ulkol\u00e4pimitta [mm]: 83; Korvaava tuote\/korvaava tiedote 2: integroidulla ABS-sensorilla; Asennuspuoli: etuakseli molemminpuoleinen; Moottorinumero: EP6CDTX; CITRO\u00cbN: C5 III Break TD_,C5 III RD_,C4 II B7,C6 TD_,DS4,DS5; PEUGEOT: 407 SW 6E_,308 4A_, 4C_,508 SW,607 9D, 9U,407 6D_,3008,RCZ,308 CC,508,407 Coupe 6C_; DS: DS5,DS 4 \/ DS 4 CROSSBACK; 1607704180, 335082, 335082, 335085, 335098; Py\u00f6r\u00e4nlaakerisarja<\/p>\n","protected":false},"excerpt":{"rendered":"<p>RIDEX Py\u00f6r\u00e4nlaakerit 654W0045 Py\u00f6r\u00e4nlaakerisarja CITRO\u00cbN,PEUGEOT,DS,C5 III Break TD_,C5 III RD_,C4 II B7,C6 TD_,DS4,DS5,407 SW 6E_,308 4A_, 4C_,508 SW<\/p>\n","protected":false},"featured_media":0,"template":"","meta":{"site-sidebar-layout":"default","site-content-layout":"default","ast-global-header-display":"","ast-main-header-display":"","ast-hfb-above-header-display":"","ast-hfb-below-header-display":"","ast-hfb-mobile-header-display":"","site-post-title":"","ast-breadcrumbs-content":"","ast-featured-img":"","footer-sml-layout":"","theme-transparent-header-meta":"","adv-header-id-meta":"","stick-header-meta":"","header-above-stick-meta":"","header-main-stick-meta":"","header-below-stick-meta":""},"pwb-brand":[157],"product_cat":[83],"product_tag":[],"class_list":{"0":"post-14990","1":"product","2":"type-product","3":"status-publish","5":"pwb-brand-ridex","6":"product_cat-pyoranlaakerit","7":"desktop-align-left","8":"tablet-align-left","9":"mobile-align-left","11":"first","12":"instock","13":"product-type-external"},"brands":[{"id":157,"name":"RIDEX","slug":"ridex"}],"_links":{"self":[{"href":"https:\/\/www.autonvaraosahaku.fi\/index.php?rest_route=\/wp\/v2\/product\/14990","targetHints":{"allow":["GET"]}}],"collection":[{"href":"https:\/\/www.autonvaraosahaku.fi\/index.php?rest_route=\/wp\/v2\/product"}],"about":[{"href":"https:\/\/www.autonvaraosahaku.fi\/index.php?rest_route=\/wp\/v2\/types\/product"}],"wp:attachment":[{"href":"https:\/\/www.autonvaraosahaku.fi\/index.php?rest_route=%2Fwp%2Fv2%2Fmedia&parent=14990"}],"wp:term":[{"taxonomy":"pwb-brand","embeddable":true,"href":"https:\/\/www.autonvaraosahaku.fi\/index.php?rest_route=%2Fwp%2Fv2%2Fpwb-brand&post=14990"},{"taxonomy":"product_cat","embeddable":true,"href":"https:\/\/www.autonvaraosahaku.fi\/index.php?rest_route=%2Fwp%2Fv2%2Fproduct_cat&post=14990"},{"taxonomy":"product_tag","embeddable":true,"href":"https:\/\/www.autonvaraosahaku.fi\/index.php?rest_route=%2Fwp%2Fv2%2Fproduct_tag&post=14990"}],"curies":[{"name":"wp","href":"https:\/\/api.w.org\/{rel}","templated":true}]}}