{"id":15002,"date":"2021-02-21T14:22:39","date_gmt":"2021-02-21T14:22:39","guid":{"rendered":"https:\/\/www.autonvaraosahaku.fi\/?product=hella-8xy-006-481-001-polttoainetankin-korkki"},"modified":"2021-02-21T14:22:39","modified_gmt":"2021-02-21T14:22:39","slug":"hella-8xy-006-481-001-polttoainetankin-korkki","status":"publish","type":"product","link":"https:\/\/www.autonvaraosahaku.fi\/?product=hella-8xy-006-481-001-polttoainetankin-korkki","title":{"rendered":"HELLA 8XY 006 481-001 Polttoainetankin korkki"},"content":{"rendered":"<p>Korvaava tuote\/korvaava tiedote 2: Huohotinventtiilill\u00e4, ilman pidikehihnaa; Ulkol\u00e4pimitta [mm]: 60,5; Sis\u00e4l\u00e4pimitta [mm]: 44,5; Lukkolaite: Lukolla, Avaimella; Valmistusvuosi alkaen: 09\/1991; OPEL: CORSA C F08, F68,ZAFIRA A F75_,ASTRA G CC F48_, F08_,ASTRA G Caravan F35_,CORSA B 73_, 78_, 79_,AGILA A H00,VECTRA B 36_,OMEGA B Caravan 21_, 22_, 23_,OMEGA B 25_, 26_, 27_,VECTRA B Caravan 31_,ASTRA G Cabriolet F67,ASTRA G Coupe F07_,ASTRA G Stufenheck F69_,VECTRA B CC 38_,TIGRA 95_,CORSA C Kasten F08, W5L,CAMPO TF_,MONTEREY A UBS_,CORSA B Kasten 73_,ASTRA G Kasten F70,CORSA B Kombi F35,ASTRA G CLASSIC T98,ASTRA G CLASSIC Stufenheck T98; FORD: FIESTA V JH_, JD_,MONDEO III Kombi BWY,FUSION JU_,MONDEO III B5Y,MAVERICK,MONDEO III Stufenheck B4Y,STREET KA RL2,MONDEO II Kombi BNP,MONDEO II BAP,TOURNEO CONNECT,MONDEO II Stufenheck BFP,MONDEO I Kombi BNP,MONDEO I GBP,SCORPIO II GFR, GGR,MAVERICK UDS, UNS,MONDEO I Stufenheck GBP,SCORPIO II Kombi GNR, GGR,MAVERICK VAN; FIAT: BARCHETTA 183,PALIO Weekend 178DX; SKODA: FELICIA I 6U1,FELICIA II 6U1,FELICIA I Fun 797,FELICIA I Kombi 6U5,FELICIA II Kombi 6U5; TOYOTA: YARIS SCP1_, NLP1_, NCP1_,AVENSIS Kombi T25,RAV 4 II CLA2_, XA2_, ZCA2_, ACA2_,COROLLA ZZE12_, NDE12_, ZDE12_,AVENSIS T25_,YARIS VERSO _NLP2_, _NCP2_,COROLLA Kombi _E12J_, _E12T_,AVENSIS Stufenheck T25,AVENSIS _T22_,COROLLA Liftback _E11_,COROLLA Compact _E11_,AVENSIS Station Wagon _T22_,RAV 4 I SXA1_,COROLLA Verso ZDE12_, CDE12_,CELICA ZZT23_,PREVIA MCR3_, ACR3_, CLR3_,COROLLA Stufenheck _E12J_, _E12T_,AVENSIS Liftback _T22_,PICNIC _XM10,LAND CRUISER 90 _J9_,AVENSIS VERSO _CLM2_, _ACM2_,MR 2 II SW2_,MR 2 III ZZW3_,STARLET _P8_,PASEO Coupe EL54,COROLLA Compact _E10_,CARINA E _T19_,CELICA ST20_, AT20_,COROLLA _E11_,CARINA E Stufenheck _T19_,CELICA Coupe AT18_, ST18_,COROLLA Wagon __E11_,CARINA E Sportswagon _T19_,PREVIA TCR2_, TCR1_,RAV 4 \u00a0 SXA1_,CAMRY _CV2_, _XV2_,STARLET _P7_,4 RUNNER RN10_, VZN13_, VZN10_, RN13_,COROLLA Liftback _E10_,COROLLA Liftback _E9_,HIACE IV Bus LH1_,PASEO Cabriolet EL54,COROLLA _E10_,PRIUS Stufenheck NHW11_,HIACE IV Kasten LXH1_, RZH1_, L; HYUNDAI: GETZ TB,SANTA F\u00c9 I SM,MATRIX FC,TERRACAN HP,COUPE GK,H-1 Travel TQ,TRAJET FO,SONATA IV EF,ACCENT II LC,COUPE RD,H-1 Kasten,H-1 \/ STAREX,ELANTRA XD,ELANTRA Stufenheck XD,ACCENT I X-3,ACCENT II Stufenheck LC,XG XG,LANTRA II Wagon J-2,LANTRA II J-2,ACCENT Stufenheck X-3,SONATA III Y-3,PONY X-2,LANTRA I J-1,S COUPE SLC,PONY \/ EXCEL Stufenheck X-2,H-1 Pritsche\/Fahrgestell,SONATA II Y-2,PONY Stufenheck X-1; NISSAN: MICRA III K12,X-TRAIL T30,MICRA II K11,ALMERA TINO V10,ALMERA II Hatchback N16,PRIMERA P11,PRIMERA Kombi WP12,PRIMERA P12,TERRANO II R20,PRIMERA Traveller WP11,350 Z Z33,PRIMERA Hatchback P11,PRIMERA Hatchback P12,PATROL GR II Wagon Y61,ALMERA I Hatchback N15,PICK UP D22,PATHFINDER R50,ALMERA Mk II N16,MICRA I K10,ALMERA I N15,SERENA C23M,PRIMERA P10,MAXIMA QX A33,TERRANO I WD21,MAXIMA QX A32,PATROL Station Wagon W260,PATROL Hardtop K260,SUNNY III N14,PULSAR V Schr\u00e4gheck N14,SUNNY III Liftback N14,PRIMERA Hatchback P10,PRIMERA Traveller W10,SUNNY III Traveller Y10,TERRANO Van R20,MAXIMA II J30,PRAIRIE PRO M11,SUNNY Kasten Y10,MAXIMA Station Wagon; MAZDA: 3 BK,6 Station Wagon GY,323 F VI BJ,PREMACY CP,6 Hatchback GG,6 GG,MX-5 I NA,DEMIO DW,626 V Hatchback GF,3 Stufenheck BK,MPV II LW,626 V GF,626 V Station Wagon GW,626 IV Hatchback GE,MX-3 EC,FAMILIA VI BJ,XEDOS 6 CA,FAMILIA IV BF,XEDOS 9 TA,626 IV GE,FAMILIA V BA,FAMILIA V BG8,RX 7 II FC,121 II DB,MX-6 GE,626 III Station Wagon GV,626 II GC,626 II Hatchback GC,MPV I LV,626 I CB,626 II Coupe GC; KIA: SORENTO I JC,CARENS II FJ,CARNIVAL II GQ,RIO Kombi DC,MAGENTIS GD,SPORTAGE K00,RIO Stufenheck DC_,JOICE,SHUMA II FB,CARENS I FC,RETONA CE,SHUMA FB,PRIDE DA,SHUMA II Stufenheck FB,CLARUS K9A,CARNIVAL I UP,CLARUS Kombi GC,SEPHIA Stufenheck FA,PREGIO Kasten TB,SEPHIA FA,PRIDE Kombi,SEPHIA FB,PREGIO Bus,ROADSTER; HONDA: JAZZ II GD,CIVIC VII Hatchback EU, EP, EV,CR-V II RD_,ACCORD VII CL,CIVIC VI Hatchback EJ, EK,ACCORD VI CG, CK,CIVIC VI Fastback MA, MB,CRX III EH, EG,CIVIC VI Aerodeck MB, MC,STREAM RN,CR-V I RD,HR-V GH,CIVIC V Hatchback EG,CIVIC VII Coupe EM2,ACCORD VI Hatchback CH,ACCORD VI Coupe CG,S2000 AP,ACCORD V CE, CF,CIVIC VI Stufenheck EJ, EK,PRELUDE IV BB,CIVIC VI Coupe EJ, EM1,SHUTTLE RA,INTEGRA Coupe DC2, DC4,CIVIC V Coupe EJ,CIVIC VII Stufenheck ES,ACCORD IV CB,CIVIC V Stufenheck EG, EH,ACCORD V Aerodeck CE,ACCORD V CC, CD,ACCORD V Coupe CD,LEGEND II Coupe KA8,ACCORD IV Aerodeck CB,NSX Coupe NA,ACCORD VII CM,LEGEND II KA7,INSIGHT ZE,ACCORD IV Coupe CB, CC,ACCORD VI Aerodeck CF,CIVIC II Shuttle EE,NSX Cabriolet NA; DB17081001; Tankin Korkki,Korkki, Polttoainetankki<\/p>\n","protected":false},"excerpt":{"rendered":"<p>HELLA Polttoainetankin Korkki 8XY 006 481-001 Tankin Korkki,Korkki, Polttoainetankki OPEL,FORD,FIAT,CORSA C F08, F68,ZAFIRA A F75_<\/p>\n","protected":false},"featured_media":0,"template":"","meta":{"site-sidebar-layout":"default","site-content-layout":"default","ast-global-header-display":"","ast-main-header-display":"","ast-hfb-above-header-display":"","ast-hfb-below-header-display":"","ast-hfb-mobile-header-display":"","site-post-title":"","ast-breadcrumbs-content":"","ast-featured-img":"","footer-sml-layout":"","theme-transparent-header-meta":"","adv-header-id-meta":"","stick-header-meta":"","header-above-stick-meta":"","header-main-stick-meta":"","header-below-stick-meta":""},"pwb-brand":[24],"product_cat":[105],"product_tag":[],"class_list":{"0":"post-15002","1":"product","2":"type-product","3":"status-publish","5":"pwb-brand-hella","6":"product_cat-polttoainetankin-korkki","7":"desktop-align-left","8":"tablet-align-left","9":"mobile-align-left","11":"first","12":"instock","13":"product-type-external"},"brands":[{"id":24,"name":"HELLA","slug":"hella"}],"_links":{"self":[{"href":"https:\/\/www.autonvaraosahaku.fi\/index.php?rest_route=\/wp\/v2\/product\/15002","targetHints":{"allow":["GET"]}}],"collection":[{"href":"https:\/\/www.autonvaraosahaku.fi\/index.php?rest_route=\/wp\/v2\/product"}],"about":[{"href":"https:\/\/www.autonvaraosahaku.fi\/index.php?rest_route=\/wp\/v2\/types\/product"}],"wp:attachment":[{"href":"https:\/\/www.autonvaraosahaku.fi\/index.php?rest_route=%2Fwp%2Fv2%2Fmedia&parent=15002"}],"wp:term":[{"taxonomy":"pwb-brand","embeddable":true,"href":"https:\/\/www.autonvaraosahaku.fi\/index.php?rest_route=%2Fwp%2Fv2%2Fpwb-brand&post=15002"},{"taxonomy":"product_cat","embeddable":true,"href":"https:\/\/www.autonvaraosahaku.fi\/index.php?rest_route=%2Fwp%2Fv2%2Fproduct_cat&post=15002"},{"taxonomy":"product_tag","embeddable":true,"href":"https:\/\/www.autonvaraosahaku.fi\/index.php?rest_route=%2Fwp%2Fv2%2Fproduct_tag&post=15002"}],"curies":[{"name":"wp","href":"https:\/\/api.w.org\/{rel}","templated":true}]}}