{"id":15044,"date":"2021-02-21T14:22:46","date_gmt":"2021-02-21T14:22:46","guid":{"rendered":"https:\/\/www.autonvaraosahaku.fi\/?product=valeo-574205-pyyhkijansulat"},"modified":"2021-02-21T14:22:47","modified_gmt":"2021-02-21T14:22:47","slug":"valeo-574205-pyyhkijansulat","status":"publish","type":"product","link":"https:\/\/www.autonvaraosahaku.fi\/?product=valeo-574205-pyyhkijansulat","title":{"rendered":"VALEO 574205 Pyyhkij\u00e4nsulat"},"content":{"rendered":"<p>Asennuspuoli: Takana; M\u00e4\u00e4r\u00e4: 1; Pituus (mm): 300; Pituus (tuumaa): 12; Paino [kg]: 0,09; Tuotelinja: SILENCIO PERFORMANCE; Pyyhkij\u00e4nsulkatyyppi: Tavallinen; Valmistusvuosi alkaen: 09\/2011; MAZDA: 5 CR19,6 Station Wagon GY,3 BL,5 CW,3 BM,6 Kombi GJ, GH; JEEP: GRAND CHEROKEE IV WK, WK2; SUZUKI: GRAND VITARA II JT,CELERIO,BALENO FW, EW; KIA: RIO III UB,SOUL II PS,STONIC YB; LAND ROVER: DISCOVERY SPORT LC; LEXUS: NX ZGZ1_, AGZ1_, AYZ1_,RX _L2_; SUBARU: TREZIA; JAGUAR: XF SPORTBRAKE X260; TOYOTA: AVENSIS Kombi T25,COROLLA Verso ZER_, ZZE12_, R1_,AURIS NRE15_, ZZE15_, ADE15_, ZRE15_, NDE15_,RAV 4 III ACA3_, ACE_, ALA3_, GSA3_, ZSA3_,RAV 4 II CLA2_, XA2_, ZCA2_, ACA2_,AVENSIS Station Wagon ZRT27, ADT27,VERSO _AUR2_, _ZGR2_,YARIS NHP13_, NSP13_, NCP13_, KSP13_, NLP13_,VERSO S NLP12_, NCP12_, NSP12_,LAND CRUISER VDJ20_, UZJ20_,AYGO PAB4_, KGB4_; HYUNDAI: i20 PB, PBT; 8524287401, 8524297401, K68040372AA, 988501J000, 988501J001, 988502K000, 988502F000, 988502K000, 852420R010, 8524242030, C24767330, G21B67330, GS2A67330, 1612434680, 3834058J00, 05018407AA, 5018407AA, 8524205080, 8524205110, 8524205210, 852420F010, 852420R010, 8524212100, 8524242030; Tuulilasinpyyhkimet,Pyyhkij\u00e4t,Pyyhkij\u00e4nsulka<\/p>\n","protected":false},"excerpt":{"rendered":"<p>VALEO Pyyhkij\u00e4nsulat 574205 Tuulilasinpyyhkimet,Pyyhkij\u00e4t MAZDA,JEEP,SUZUKI,5 CR19,6 Station Wagon GY,3 BL,5 CW,3 BM,6 Kombi GJ, GH<\/p>\n","protected":false},"featured_media":0,"template":"","meta":{"site-sidebar-layout":"default","site-content-layout":"default","ast-global-header-display":"","ast-main-header-display":"","ast-hfb-above-header-display":"","ast-hfb-below-header-display":"","ast-hfb-mobile-header-display":"","site-post-title":"","ast-breadcrumbs-content":"","ast-featured-img":"","footer-sml-layout":"","theme-transparent-header-meta":"","adv-header-id-meta":"","stick-header-meta":"","header-above-stick-meta":"","header-main-stick-meta":"","header-below-stick-meta":""},"pwb-brand":[28],"product_cat":[33],"product_tag":[],"class_list":{"0":"post-15044","1":"product","2":"type-product","3":"status-publish","5":"pwb-brand-valeo","6":"product_cat-pyyhkijansulat","7":"desktop-align-left","8":"tablet-align-left","9":"mobile-align-left","11":"first","12":"instock","13":"product-type-external"},"brands":[{"id":28,"name":"VALEO","slug":"valeo"}],"_links":{"self":[{"href":"https:\/\/www.autonvaraosahaku.fi\/index.php?rest_route=\/wp\/v2\/product\/15044","targetHints":{"allow":["GET"]}}],"collection":[{"href":"https:\/\/www.autonvaraosahaku.fi\/index.php?rest_route=\/wp\/v2\/product"}],"about":[{"href":"https:\/\/www.autonvaraosahaku.fi\/index.php?rest_route=\/wp\/v2\/types\/product"}],"wp:attachment":[{"href":"https:\/\/www.autonvaraosahaku.fi\/index.php?rest_route=%2Fwp%2Fv2%2Fmedia&parent=15044"}],"wp:term":[{"taxonomy":"pwb-brand","embeddable":true,"href":"https:\/\/www.autonvaraosahaku.fi\/index.php?rest_route=%2Fwp%2Fv2%2Fpwb-brand&post=15044"},{"taxonomy":"product_cat","embeddable":true,"href":"https:\/\/www.autonvaraosahaku.fi\/index.php?rest_route=%2Fwp%2Fv2%2Fproduct_cat&post=15044"},{"taxonomy":"product_tag","embeddable":true,"href":"https:\/\/www.autonvaraosahaku.fi\/index.php?rest_route=%2Fwp%2Fv2%2Fproduct_tag&post=15044"}],"curies":[{"name":"wp","href":"https:\/\/api.w.org\/{rel}","templated":true}]}}