{"id":15051,"date":"2021-02-21T14:22:46","date_gmt":"2021-02-21T14:22:46","guid":{"rendered":"https:\/\/www.autonvaraosahaku.fi\/?product=hella-8ga-002-071-251-rekisterikilven-valo"},"modified":"2021-02-21T14:22:48","modified_gmt":"2021-02-21T14:22:48","slug":"hella-8ga-002-071-251-rekisterikilven-valo","status":"publish","type":"product","link":"https:\/\/www.autonvaraosahaku.fi\/?product=hella-8ga-002-071-251-rekisterikilven-valo","title":{"rendered":"HELLA 8GA 002 071-251 Rekisterikilven valo"},"content":{"rendered":"<p>Lamppumalli: R10W; J\u00e4nnite (V): 24; Nimellisteho (W): 10; M\u00e4\u00e4r\u00e4: 10; Tarkistuskilpi: E1; Kantamalli: BA15s; Pakkaustyyppi: Laatikko; Valmistusvuosi alkaen: 06\/2001; VW: L 80; MERCEDES-BENZ: T2\/L Kasten\/Kombi,T2\/LN1 Kasten\/Kombi,VARIO Kasten\/Kombi,VARIO Pritsche\/Fahrgestell,T1\/TN Pritsche\/Fahrgestell,VARIO Kipper,T2\/LN1 Pritsche\/Fahrgestell,T1\/TN Kasten\/Kombi,VARIO Bus,T2\/LN1 Kipper,T2\/LN1 Bus,VARIO Triebkopf,T2\/LN1 Triebkopf,ACTROS,ACTROS MP2 \/ MP3,ACTROS MP4 \/ MP5,ANTOS,AROCS,ATEGO,ATEGO 2,ATEGO 3,AXOR,AXOR 2,CITARO (O 530),CITO (O 520),CONECTO (O 345),ECONIC,ECONIC 2,LK\/LN2,LP,MK,NG,O 302,O 303,O 309,O 340,O 402,O 404,O 405,O 407,O 408,SK,T2\/L,TOURINO (O 510),TRAVEGO (O 580),UNIMOG,ZETROS; VOLVO: FH16,FL,FM,FM12,FM7,FM9; IVECO: EuroCargo V,EUROTECH MH,EUROTECH MP,EUROTRAKKER,MK,P\/PA-Haubenfahrzeuge,STRALIS; SCANIA: 4 &#8211; series,P,G,R,T &#8211; series; RENAULT TRUCKS: AGORA,KERAX,MAGNUM,MANAGER,MIDLUM,PREMIUM; MAN: EL,EM,F2000,F9,F90,F90 Unterflur,G,G90,L2000,LION\u00b4S COACH,LION\u00b4S COMFORT,LION\u00b4S STAR,M 2000 L,M 2000 M,M90,NG,NL,NM,SG,SL,SL II,S\u00dc,TGA,\u00dcL; MAGIRUS-DEUTZ: D-Series,M-Series; INTERNATIONAL HARV.: 1455,743,844,856,C-Series,CM-Series; FENDT: Favorit; KDWHLO9500, 0534597, 1354885, 28312027, 151000800, T1305, ZF259010010, 1400006003, A1400006003, 99120710, V99120710, 0050234, 14210380, 20007050638, 7050638, 949185, 967710, 992520, KDWHLO9500<\/p>\n","protected":false},"excerpt":{"rendered":"<p>HELLA Polttimo, Rekisterikilvenvalo HEAVY DUTY 8GA 002 071-251  VW,MERCEDES-BENZ,VOLVO,L 80,T2\/L Kasten\/Kombi,T2\/LN1 Kasten\/Kombi,VARIO Kasten\/Kombi<\/p>\n","protected":false},"featured_media":0,"template":"","meta":{"site-sidebar-layout":"default","site-content-layout":"default","ast-global-header-display":"","ast-main-header-display":"","ast-hfb-above-header-display":"","ast-hfb-below-header-display":"","ast-hfb-mobile-header-display":"","site-post-title":"","ast-breadcrumbs-content":"","ast-featured-img":"","footer-sml-layout":"","theme-transparent-header-meta":"","adv-header-id-meta":"","stick-header-meta":"","header-above-stick-meta":"","header-main-stick-meta":"","header-below-stick-meta":""},"pwb-brand":[24],"product_cat":[55],"product_tag":[],"class_list":{"0":"post-15051","1":"product","2":"type-product","3":"status-publish","5":"pwb-brand-hella","6":"product_cat-rekisterikilven-valo","7":"desktop-align-left","8":"tablet-align-left","9":"mobile-align-left","11":"first","12":"instock","13":"product-type-external"},"brands":[{"id":24,"name":"HELLA","slug":"hella"}],"_links":{"self":[{"href":"https:\/\/www.autonvaraosahaku.fi\/index.php?rest_route=\/wp\/v2\/product\/15051","targetHints":{"allow":["GET"]}}],"collection":[{"href":"https:\/\/www.autonvaraosahaku.fi\/index.php?rest_route=\/wp\/v2\/product"}],"about":[{"href":"https:\/\/www.autonvaraosahaku.fi\/index.php?rest_route=\/wp\/v2\/types\/product"}],"wp:attachment":[{"href":"https:\/\/www.autonvaraosahaku.fi\/index.php?rest_route=%2Fwp%2Fv2%2Fmedia&parent=15051"}],"wp:term":[{"taxonomy":"pwb-brand","embeddable":true,"href":"https:\/\/www.autonvaraosahaku.fi\/index.php?rest_route=%2Fwp%2Fv2%2Fpwb-brand&post=15051"},{"taxonomy":"product_cat","embeddable":true,"href":"https:\/\/www.autonvaraosahaku.fi\/index.php?rest_route=%2Fwp%2Fv2%2Fproduct_cat&post=15051"},{"taxonomy":"product_tag","embeddable":true,"href":"https:\/\/www.autonvaraosahaku.fi\/index.php?rest_route=%2Fwp%2Fv2%2Fproduct_tag&post=15051"}],"curies":[{"name":"wp","href":"https:\/\/api.w.org\/{rel}","templated":true}]}}