{"id":15058,"date":"2021-02-21T14:22:46","date_gmt":"2021-02-21T14:22:46","guid":{"rendered":"https:\/\/www.autonvaraosahaku.fi\/?product=jp-group-1213850300-kierretulppa"},"modified":"2021-02-21T14:22:48","modified_gmt":"2021-02-21T14:22:48","slug":"jp-group-1213850300-kierretulppa","status":"publish","type":"product","link":"https:\/\/www.autonvaraosahaku.fi\/?product=jp-group-1213850300-kierretulppa","title":{"rendered":"JP GROUP 1213850300 Kierretulppa"},"content":{"rendered":"<p>Sis\u00e4l\u00e4pimitta [mm]: 18; Ulkol\u00e4pimitta [mm]: 22; Paksuus [mm]: 2; Muoto: O-rengas; Moottorinumerosta: 14142431; OPEL: CORSA D,CORSA C F08, F68,ZAFIRA B A05,ASTRA H Caravan L35,MERIVA,ZAFIRA A F75_,ASTRA G CC F48_, F08_,ASTRA H L48,ASTRA J Sports Tourer,ASTRA G Caravan F35_,CORSA B 73_, 78_, 79_,INSIGNIA Caravan,VECTRA C Caravan,ASTRA J,ASTRA H GTC L08,MERIVA B,SIGNUM,VECTRA C,AGILA A H00,ZAFIRA TOURER C P12,VECTRA B 36_,ASTRA F CC 53_, 54_, 58_, 59_,OMEGA B Caravan 21_, 22_, 23_,MOKKA,OMEGA B 25_, 26_, 27_,ADAM,VECTRA C GTS,TIGRA TwinTop,VECTRA B Caravan 31_,ASTRA H TwinTop L67,INSIGNIA,ASTRA G Cabriolet F67,ASTRA F Caravan 51_, 52_,INSIGNIA Stufenheck,FRONTERA B 6B_,ASTRA G Coupe F07_,COMBO Kasten\/Kombi,ASTRA G Stufenheck F69_,ZAFIRA B Van,CALIBRA A 85_,ASTRA GTC J,VECTRA B CC 38_,COMBO Tour,VECTRA A 86_, 87_,ASTRA F Cabriolet 53_B,ASTRA J Stufenheck,ASTRA F 56_, 57_,SINTRA,CORSA D Van,FRONTERA A 5_MWL4,CASCADA W13,CORSA C Kasten F08, W5L,ASTRA H Stufenheck L69,VECTRA A CC 88_, 89_,ASTRA H Kasten L70,SPEEDSTER,ASTRA G Kasten F70,CORSA E,ASTRA F Van 55_,CORSA E Van,; FIAT: STILO 192,STILO Multi Wagon 192,CROMA 194; SUZUKI: WAGON R; CHEVROLET: ORLANDO J309,CRUZE J300,AVEO Schr\u00e4gheck T250, T255,CRUZE Station Wagon J308,AVEO Schr\u00e4gheck T300,EPICA KL1_,CRUZE Schr\u00e4gheck J305,TRAX,AVEO Stufenheck T250, T255,REZZO,AVEO Stufenheck T300,EVANDA,VOLT; ALFA ROMEO: 159 Sportwagon 939,159 939; SAAB: 9-3 YS3F,9-5 Kombi YS3E,9-3 Kombi YS3F,9-3 YS3D,9-5 YS3E,9-3 Cabriolet YS3F,9-5 YS3G; DAEWOO: REZZO KLAU,EVANDA KLAL,NUBIRA Wagon KLAJ,LEGANZA KLAV,NUBIRA Stufenheck KLAJ,NUBIRA KLAJ,NEXIA Stufenheck KLETN,LACETTI J150  Stufenheck,NUBIRA J150,NUBIRA Stufenheck J150,NUBIRA Kombi J150; CADILLAC: BLS,BLS Wagon; LOTUS: EUROPA S; VAUXHALL: CORSA Mk III D L_8,CALIBRA,INSIGNIA Mk I A,ZAFIRA Mk II B M75,ASTRA Mk V H CC,VECTRA Mk II C CC,ZAFIRA Mk I A F75,ADAM,INSIGNIA Mk I A Estate,CORSA Mk II C W5L, F08,ASTRA Mk V H Estate,ZAFIRA Mk III P12,VECTRA Mk II C Estate,ASTRA Mk V H Convertible,ASTRA Mk IV G CC,VECTRA Mk II C,ASTRA Mk VI J CC,INSIGNIA Mk I A Sedan,ASTRA Mk VI J,ASTRA Mk III F CC,FRONTERA Mk II B,CORSA Mk I B,MERIVA Mk I A,SIGNUM,CORSAVAN Mk II C,ASTRA Mk IV G Sedan,OMEGA B,CORSAVAN Mk III D,TIGRA Convertible,AGILA Mk I A,VECTRA B CC,FRONTERA Mk I A,CAVALIER Mk III 87,MERIVA Mk II B,ASTRA Mk VI J Sedan,VX220,VECTRA B Estate,VECTRA B,ASTRA Mk III F Estate,ASTRA Mk VI J Estate,MOKKA,ASTRAVAN Mk IV G,ASTRAVAN Mk V H,CAVALIER Mk III CC,ASTRA Mk IV G Coupe F67,OMEGA B Estate,COMBO Mk III D Kasten\/Kombi,CORSA Mk IV E,COMBO TOUR Mk II C F25,ASTRAVAN Mk III F,ASTRA Mk IV G Convertible,COMBO Mk II C Kasten\/Kombi F25,ASTRA Mk IV G Estate; 0652540, 0652690, 652540, 652690; Tiiviste, \u00d6ljynlaskutulppa<\/p>\n","protected":false},"excerpt":{"rendered":"<p>JP GROUP \u00d6ljytulpan Tiiviste JP Group 1213850300 Tiiviste, \u00d6ljynlaskutulppa OPEL,FIAT,SUZUKI,CORSA D,CORSA C F08, F68,ZAFIRA B A05,ASTRA H Caravan L35<\/p>\n","protected":false},"featured_media":0,"template":"","meta":{"site-sidebar-layout":"default","site-content-layout":"default","ast-global-header-display":"","ast-main-header-display":"","ast-hfb-above-header-display":"","ast-hfb-below-header-display":"","ast-hfb-mobile-header-display":"","site-post-title":"","ast-breadcrumbs-content":"","ast-featured-img":"","footer-sml-layout":"","theme-transparent-header-meta":"","adv-header-id-meta":"","stick-header-meta":"","header-above-stick-meta":"","header-main-stick-meta":"","header-below-stick-meta":""},"pwb-brand":[131],"product_cat":[40],"product_tag":[],"class_list":{"0":"post-15058","1":"product","2":"type-product","3":"status-publish","5":"pwb-brand-jp-group","6":"product_cat-kierretulppa","7":"desktop-align-left","8":"tablet-align-left","9":"mobile-align-left","11":"first","12":"instock","13":"product-type-external"},"brands":[{"id":131,"name":"JP GROUP","slug":"jp-group"}],"_links":{"self":[{"href":"https:\/\/www.autonvaraosahaku.fi\/index.php?rest_route=\/wp\/v2\/product\/15058","targetHints":{"allow":["GET"]}}],"collection":[{"href":"https:\/\/www.autonvaraosahaku.fi\/index.php?rest_route=\/wp\/v2\/product"}],"about":[{"href":"https:\/\/www.autonvaraosahaku.fi\/index.php?rest_route=\/wp\/v2\/types\/product"}],"wp:attachment":[{"href":"https:\/\/www.autonvaraosahaku.fi\/index.php?rest_route=%2Fwp%2Fv2%2Fmedia&parent=15058"}],"wp:term":[{"taxonomy":"pwb-brand","embeddable":true,"href":"https:\/\/www.autonvaraosahaku.fi\/index.php?rest_route=%2Fwp%2Fv2%2Fpwb-brand&post=15058"},{"taxonomy":"product_cat","embeddable":true,"href":"https:\/\/www.autonvaraosahaku.fi\/index.php?rest_route=%2Fwp%2Fv2%2Fproduct_cat&post=15058"},{"taxonomy":"product_tag","embeddable":true,"href":"https:\/\/www.autonvaraosahaku.fi\/index.php?rest_route=%2Fwp%2Fv2%2Fproduct_tag&post=15058"}],"curies":[{"name":"wp","href":"https:\/\/api.w.org\/{rel}","templated":true}]}}