{"id":15059,"date":"2021-02-21T14:22:50","date_gmt":"2021-02-21T14:22:50","guid":{"rendered":"https:\/\/www.autonvaraosahaku.fi\/?product=ridex-3946s0002-kampiakselin-asentotunnistin"},"modified":"2021-02-21T14:22:50","modified_gmt":"2021-02-21T14:22:50","slug":"ridex-3946s0002-kampiakselin-asentotunnistin","status":"publish","type":"product","link":"https:\/\/www.autonvaraosahaku.fi\/?product=ridex-3946s0002-kampiakselin-asentotunnistin","title":{"rendered":"RIDEX 3946S0002 Kampiakselin asentotunnistin"},"content":{"rendered":"<p>Asennuspuoli: Poistopuoli; Pituus (mm): 41,15; Tarvittava kappalem\u00e4\u00e4r\u00e4: 1; Tunnistinmalli: Hall-anturi; Napojen m\u00e4\u00e4r\u00e4: 3; Nimellisj\u00e4nnite (V): 12; Asennussyvyys (mm): 28; Korvaava tuote\/korvaava tiedote 2: nokka-akselille, ilman kaapelia, Tiivisterenkaalla; Pistokkeen kotelon muoto: D-muoto; Kiinnitysreikien lukum\u00e4\u00e4r\u00e4: 1; Moottorinumero: M52 B(20 6 S3) Vanos; BMW: 3 E46,3 Touring E91,3 E90,5 E39,5 E60,1 E87,5 Touring E61,3 Touring E46,X3 E83,5 Touring E39,3 Compact E46,3 Coupe E46,X1 E84,1 E81,3 Compact E36,3 E36,X5 E53,3 Coupe E92,3 Cabriolet E46,7 E38,3 Coupe E36,Z3 E36,Z4 E85,5 E34,3 Cabriolet E93,7 E65, E66, E67,3 Cabriolet E36,3 Touring E36,1 Cabriolet E88,1 Coupe E82,5 Touring E34,6 E63,Z3 Coupe E36,6 Cabriolet E64; 12141435351, 12141438082, 12147506273, 12147518628, 1435351, 1438082, 7506273, 7518628; Nokka Akselin Anturi,Nokka Akselin Tunnistin,Tunnistin, Nokka-Akselin Ajoitus<\/p>\n","protected":false},"excerpt":{"rendered":"<p>RIDEX Nokka Akselin Asentotunnistin 3946S0002 Nokka Akselin Anturi,Nokka Akselin Tunnistin BMW,3 E46,3 Touring E91,3 E90,5 E39,5 E60,1 E87<\/p>\n","protected":false},"featured_media":0,"template":"","meta":{"site-sidebar-layout":"default","site-content-layout":"default","ast-global-header-display":"","ast-main-header-display":"","ast-hfb-above-header-display":"","ast-hfb-below-header-display":"","ast-hfb-mobile-header-display":"","site-post-title":"","ast-breadcrumbs-content":"","ast-featured-img":"","footer-sml-layout":"","theme-transparent-header-meta":"","adv-header-id-meta":"","stick-header-meta":"","header-above-stick-meta":"","header-main-stick-meta":"","header-below-stick-meta":""},"pwb-brand":[157],"product_cat":[184],"product_tag":[],"class_list":{"0":"post-15059","1":"product","2":"type-product","3":"status-publish","5":"pwb-brand-ridex","6":"product_cat-kampiakselin-asentotunnistin","7":"desktop-align-left","8":"tablet-align-left","9":"mobile-align-left","11":"first","12":"instock","13":"product-type-external"},"brands":[{"id":157,"name":"RIDEX","slug":"ridex"}],"_links":{"self":[{"href":"https:\/\/www.autonvaraosahaku.fi\/index.php?rest_route=\/wp\/v2\/product\/15059","targetHints":{"allow":["GET"]}}],"collection":[{"href":"https:\/\/www.autonvaraosahaku.fi\/index.php?rest_route=\/wp\/v2\/product"}],"about":[{"href":"https:\/\/www.autonvaraosahaku.fi\/index.php?rest_route=\/wp\/v2\/types\/product"}],"wp:attachment":[{"href":"https:\/\/www.autonvaraosahaku.fi\/index.php?rest_route=%2Fwp%2Fv2%2Fmedia&parent=15059"}],"wp:term":[{"taxonomy":"pwb-brand","embeddable":true,"href":"https:\/\/www.autonvaraosahaku.fi\/index.php?rest_route=%2Fwp%2Fv2%2Fpwb-brand&post=15059"},{"taxonomy":"product_cat","embeddable":true,"href":"https:\/\/www.autonvaraosahaku.fi\/index.php?rest_route=%2Fwp%2Fv2%2Fproduct_cat&post=15059"},{"taxonomy":"product_tag","embeddable":true,"href":"https:\/\/www.autonvaraosahaku.fi\/index.php?rest_route=%2Fwp%2Fv2%2Fproduct_tag&post=15059"}],"curies":[{"name":"wp","href":"https:\/\/api.w.org\/{rel}","templated":true}]}}