{"id":15079,"date":"2021-02-21T14:22:54","date_gmt":"2021-02-21T14:22:54","guid":{"rendered":"https:\/\/www.autonvaraosahaku.fi\/?product=ate-24-0122-0115-1-jarrulevyt"},"modified":"2021-02-21T14:22:54","modified_gmt":"2021-02-21T14:22:54","slug":"ate-24-0122-0115-1-jarrulevyt","status":"publish","type":"product","link":"https:\/\/www.autonvaraosahaku.fi\/?product=ate-24-0122-0115-1-jarrulevyt","title":{"rendered":"ATE 24.0122-0115.1 Jarrulevyt"},"content":{"rendered":"<p>Ulkol\u00e4pimitta [mm]: 286,0; Jarrulevyn paksuus (mm): 22,0; V\u00e4himm\u00e4ispaksuus (mm): 20,4; Jarrulevytyyppi: Tuuletettu; K\u00e4sittely: hiiliter\u00e4s; Pinta: pinnoitettu; Reikien m\u00e4\u00e4r\u00e4: 5; Korvaava tuote\/korvaava tiedote 2: Ruuveilla; MAPP-koodi saatavilla: ; Reik\u00e4ympyr\u00e4-\u00d8 [mm]: 120,0; Korkeus (mm): 51,5; keskitt\u00e4misl\u00e4pimitta [mm]: 79,0; Sis\u00e4l\u00e4pimitta [mm]: 147,5; Reik\u00e4-\u00d8 [mm]: 14,5; Tarkistuskilpi: E1 90R-02C0115\/0175; Kantavuus: f\u00fcr erh\u00f6hte Nutzlast; BMW: 3 E46,3 Touring E46,3 Compact E46,3 Coupe E46,3 Compact E36,3 E36,3 Cabriolet E46,3 Coupe E36,Z3 E36,Z4 E85,3 Cabriolet E36,3 Touring E36,Z3 Coupe E36; 34111160674, 34111162282, 34111162288, 34111164199, 34111164431, 34111164921, 34111165455, 34116766239, 34116794301, 34116855153, 34116864060; Jarrulevy<\/p>\n","protected":false},"excerpt":{"rendered":"<p>ATE Jarrulevyt 24.0122-0115.1 Jarrulevy BMW,3 E46,3 Touring E46,3 Compact E46,3 Coupe E46,3 Compact E36,3 E36,3 Cabriolet E46,3 Coupe E36,Z3 E36<\/p>\n","protected":false},"featured_media":0,"template":"","meta":{"site-sidebar-layout":"default","site-content-layout":"default","ast-global-header-display":"","ast-main-header-display":"","ast-hfb-above-header-display":"","ast-hfb-below-header-display":"","ast-hfb-mobile-header-display":"","site-post-title":"","ast-breadcrumbs-content":"","ast-featured-img":"","footer-sml-layout":"","theme-transparent-header-meta":"","adv-header-id-meta":"","stick-header-meta":"","header-above-stick-meta":"","header-main-stick-meta":"","header-below-stick-meta":""},"pwb-brand":[108],"product_cat":[66],"product_tag":[],"class_list":{"0":"post-15079","1":"product","2":"type-product","3":"status-publish","5":"pwb-brand-ate","6":"product_cat-jarrulevyt","7":"desktop-align-left","8":"tablet-align-left","9":"mobile-align-left","11":"first","12":"instock","13":"product-type-external"},"brands":[{"id":108,"name":"ATE","slug":"ate"}],"_links":{"self":[{"href":"https:\/\/www.autonvaraosahaku.fi\/index.php?rest_route=\/wp\/v2\/product\/15079","targetHints":{"allow":["GET"]}}],"collection":[{"href":"https:\/\/www.autonvaraosahaku.fi\/index.php?rest_route=\/wp\/v2\/product"}],"about":[{"href":"https:\/\/www.autonvaraosahaku.fi\/index.php?rest_route=\/wp\/v2\/types\/product"}],"wp:attachment":[{"href":"https:\/\/www.autonvaraosahaku.fi\/index.php?rest_route=%2Fwp%2Fv2%2Fmedia&parent=15079"}],"wp:term":[{"taxonomy":"pwb-brand","embeddable":true,"href":"https:\/\/www.autonvaraosahaku.fi\/index.php?rest_route=%2Fwp%2Fv2%2Fpwb-brand&post=15079"},{"taxonomy":"product_cat","embeddable":true,"href":"https:\/\/www.autonvaraosahaku.fi\/index.php?rest_route=%2Fwp%2Fv2%2Fproduct_cat&post=15079"},{"taxonomy":"product_tag","embeddable":true,"href":"https:\/\/www.autonvaraosahaku.fi\/index.php?rest_route=%2Fwp%2Fv2%2Fproduct_tag&post=15079"}],"curies":[{"name":"wp","href":"https:\/\/api.w.org\/{rel}","templated":true}]}}