{"id":15082,"date":"2021-02-21T14:22:54","date_gmt":"2021-02-21T14:22:54","guid":{"rendered":"https:\/\/www.autonvaraosahaku.fi\/?product=ridex-424i0052-raitisilmasuodatin"},"modified":"2021-02-21T14:22:54","modified_gmt":"2021-02-21T14:22:54","slug":"ridex-424i0052-raitisilmasuodatin","status":"publish","type":"product","link":"https:\/\/www.autonvaraosahaku.fi\/?product=ridex-424i0052-raitisilmasuodatin","title":{"rendered":"RIDEX 424I0052 Raitisilmasuodatin"},"content":{"rendered":"<p>Paksuus [mm]: 20; Pituus (mm): 247; Leveys (mm): 172; Korkeus (mm): 20; Materiaali: Paperi; Suodatintyyppi: Siitep\u00f6lysuodin; Runkomateriaali: Polyesteri; Paino [kg]: 0,048; Pakkaussyvyys [cm]: 30,2; Valmistusvuosi alkaen: 02\/2008; KIA: CEE&#8217;D SW ED,CEE&#8217;D Schr\u00e4gheck ED,CEE&#8217;D JD,CEE`D Sportswagon JD,PRO CEE&#8217;D ED,PRO CEE\u00b4D JD; HYUNDAI: i30 FD,i30 CW FD,i30 GD,i30 CW GD; 087902L000A, 971332L000, 971332L000AT, 9999Z07028, S971332L000AT, J1340310, J1340515, 971331H000, 971332L000AT, F1178AP64401; Sis\u00e4ilmansuodatin,Suodatin, Sis\u00e4ilma<\/p>\n","protected":false},"excerpt":{"rendered":"<p>RIDEX Raitisilmasuodatin 424I0052 Sis\u00e4ilmansuodatin,Suodatin, Sis\u00e4ilma KIA,HYUNDAI,CEE&#8217;D SW ED,CEE&#8217;D Schr\u00e4gheck ED,CEE&#8217;D JD,CEE`D Sportswagon JD<\/p>\n","protected":false},"featured_media":0,"template":"","meta":{"site-sidebar-layout":"default","site-content-layout":"default","ast-global-header-display":"","ast-main-header-display":"","ast-hfb-above-header-display":"","ast-hfb-below-header-display":"","ast-hfb-mobile-header-display":"","site-post-title":"","ast-breadcrumbs-content":"","ast-featured-img":"","footer-sml-layout":"","theme-transparent-header-meta":"","adv-header-id-meta":"","stick-header-meta":"","header-above-stick-meta":"","header-main-stick-meta":"","header-below-stick-meta":""},"pwb-brand":[157],"product_cat":[19],"product_tag":[],"class_list":{"0":"post-15082","1":"product","2":"type-product","3":"status-publish","5":"pwb-brand-ridex","6":"product_cat-raitisilmasuodatin","7":"desktop-align-left","8":"tablet-align-left","9":"mobile-align-left","11":"first","12":"instock","13":"product-type-external"},"brands":[{"id":157,"name":"RIDEX","slug":"ridex"}],"_links":{"self":[{"href":"https:\/\/www.autonvaraosahaku.fi\/index.php?rest_route=\/wp\/v2\/product\/15082","targetHints":{"allow":["GET"]}}],"collection":[{"href":"https:\/\/www.autonvaraosahaku.fi\/index.php?rest_route=\/wp\/v2\/product"}],"about":[{"href":"https:\/\/www.autonvaraosahaku.fi\/index.php?rest_route=\/wp\/v2\/types\/product"}],"wp:attachment":[{"href":"https:\/\/www.autonvaraosahaku.fi\/index.php?rest_route=%2Fwp%2Fv2%2Fmedia&parent=15082"}],"wp:term":[{"taxonomy":"pwb-brand","embeddable":true,"href":"https:\/\/www.autonvaraosahaku.fi\/index.php?rest_route=%2Fwp%2Fv2%2Fpwb-brand&post=15082"},{"taxonomy":"product_cat","embeddable":true,"href":"https:\/\/www.autonvaraosahaku.fi\/index.php?rest_route=%2Fwp%2Fv2%2Fproduct_cat&post=15082"},{"taxonomy":"product_tag","embeddable":true,"href":"https:\/\/www.autonvaraosahaku.fi\/index.php?rest_route=%2Fwp%2Fv2%2Fproduct_tag&post=15082"}],"curies":[{"name":"wp","href":"https:\/\/api.w.org\/{rel}","templated":true}]}}