{"id":15097,"date":"2021-02-21T14:22:54","date_gmt":"2021-02-21T14:22:54","guid":{"rendered":"https:\/\/www.autonvaraosahaku.fi\/?product=ridex-273c0193-alatukivarsi"},"modified":"2021-02-21T14:22:56","modified_gmt":"2021-02-21T14:22:56","slug":"ridex-273c0193-alatukivarsi","status":"publish","type":"product","link":"https:\/\/www.autonvaraosahaku.fi\/?product=ridex-273c0193-alatukivarsi","title":{"rendered":"RIDEX 273C0193 Alatukivarsi"},"content":{"rendered":"<p>Asennuspuoli: Etuakseli, Oikea, Alla; Ohjausmalli: Poikittaistukivarsi; Materiaali: Ter\u00e4slevy; Kartiomitta (mm): 18; Organisaationumeroon: 10912; PEUGEOT: 1007 KM_; CITRO\u00cbN: C2 JM_,C3 I FC_,C3 Pluriel HB_,C2 ENTERPRISE; 3521H5, 3521H6, 3521J1, 3521J2, 3521K8, 3521L1, 3521N1, 3521N2, 3521N3, 3521N4, 3521N5, 3521N6, 3521Q3, 3521Q7, 3521R2, 3521S2, 3521H6, 3521J1, 3521K1, 3521N1, 3521N3, 3521N7, 3521Q3; Tukivarsi,Tukivarsi, Py\u00f6r\u00e4ntuenta<\/p>\n","protected":false},"excerpt":{"rendered":"<p>RIDEX Alatukivarsi 273C0193 Tukivarsi,Tukivarsi, Py\u00f6r\u00e4ntuenta PEUGEOT,CITRO\u00cbN,1007 KM_,C2 JM_,C3 I FC_,C3 Pluriel HB_,C2 ENTERPRISE<\/p>\n","protected":false},"featured_media":0,"template":"","meta":{"site-sidebar-layout":"default","site-content-layout":"default","ast-global-header-display":"","ast-main-header-display":"","ast-hfb-above-header-display":"","ast-hfb-below-header-display":"","ast-hfb-mobile-header-display":"","site-post-title":"","ast-breadcrumbs-content":"","ast-featured-img":"","footer-sml-layout":"","theme-transparent-header-meta":"","adv-header-id-meta":"","stick-header-meta":"","header-above-stick-meta":"","header-main-stick-meta":"","header-below-stick-meta":""},"pwb-brand":[157],"product_cat":[62],"product_tag":[],"class_list":{"0":"post-15097","1":"product","2":"type-product","3":"status-publish","5":"pwb-brand-ridex","6":"product_cat-alatukivarsi","7":"desktop-align-left","8":"tablet-align-left","9":"mobile-align-left","11":"first","12":"instock","13":"product-type-external"},"brands":[{"id":157,"name":"RIDEX","slug":"ridex"}],"_links":{"self":[{"href":"https:\/\/www.autonvaraosahaku.fi\/index.php?rest_route=\/wp\/v2\/product\/15097","targetHints":{"allow":["GET"]}}],"collection":[{"href":"https:\/\/www.autonvaraosahaku.fi\/index.php?rest_route=\/wp\/v2\/product"}],"about":[{"href":"https:\/\/www.autonvaraosahaku.fi\/index.php?rest_route=\/wp\/v2\/types\/product"}],"wp:attachment":[{"href":"https:\/\/www.autonvaraosahaku.fi\/index.php?rest_route=%2Fwp%2Fv2%2Fmedia&parent=15097"}],"wp:term":[{"taxonomy":"pwb-brand","embeddable":true,"href":"https:\/\/www.autonvaraosahaku.fi\/index.php?rest_route=%2Fwp%2Fv2%2Fpwb-brand&post=15097"},{"taxonomy":"product_cat","embeddable":true,"href":"https:\/\/www.autonvaraosahaku.fi\/index.php?rest_route=%2Fwp%2Fv2%2Fproduct_cat&post=15097"},{"taxonomy":"product_tag","embeddable":true,"href":"https:\/\/www.autonvaraosahaku.fi\/index.php?rest_route=%2Fwp%2Fv2%2Fproduct_tag&post=15097"}],"curies":[{"name":"wp","href":"https:\/\/api.w.org\/{rel}","templated":true}]}}