{"id":15101,"date":"2021-02-21T14:22:57","date_gmt":"2021-02-21T14:22:57","guid":{"rendered":"https:\/\/www.autonvaraosahaku.fi\/?product=dt-9-12012-muut-luokat"},"modified":"2021-02-21T14:22:58","modified_gmt":"2021-02-21T14:22:58","slug":"dt-9-12012-muut-luokat","status":"publish","type":"product","link":"https:\/\/www.autonvaraosahaku.fi\/?product=dt-9-12012-muut-luokat","title":{"rendered":"DT 9.12012 Muut luokat"},"content":{"rendered":"<p>Paino [g]: 3,3; Sis\u00e4l\u00e4pimitta [mm]: 10,5; Ulkol\u00e4pimitta [mm]: 20; Paksuus [mm]: 2; Tunnusluku: A; NISSAN: KUBISTAR X76,KUBISTAR Kasten X80; MERCEDES-BENZ: C-CLASS W203,C-CLASS T-Model S203,C-CLASS W202,190 W201,SLK R170,E-CLASS W210,C-CLASS Coupe CL203,Stufenheck W124,E-CLASS Kombi S210,CLK C208,SL R129,C-CLASS Kombi S202,KOMBI Kombi S124,E-CLASS W124,CLK Cabriolet A208,COUPE C124,E-CLASS Kombi S124,E-CLASS Cabriolet A124,E-CLASS Coupe C124,CABRIOLET A124,LK\/LN2,LP,NG,SK; ALFA ROMEO: 147 937,156 Sportwagon 932,156 932,GT 937,166 936; RENAULT: TWINGO I C06_,CLIO II BB0\/1\/2_, CB0\/1\/2_,KANGOO KC0\/1_,MEGANE I BA0\/1_,KANGOO Express FC0\/1_,MEGANE I Grandtour KA0\/1_,MEGANE I Cabriolet EA0\/1_,CLIO I B\/C57_, 5\/357_,TWINGO I Kasten S06_,MEGANE I Classic LA0\/1_,MEGANE I Coach DA0\/1_,CLIO II Kasten SB0\/1\/2_,19 II B\/C53_,SUPER 5 B\/C40_,RAPID Kasten F40_, G40_,19 I B\/C53_,19 II Chamade L53_,11 B\/C37_,21 Stufenheck L48_,THALIA I LB0\/1\/2_,CLIO I Kasten S57_,11 Kasten S37_,21 Kombi K48_,21 B48_,19 II Kasten S53_,19 I Kasten S53_,THALIA II LU1\/2_,21 Kasten S48_; MITSUBISHI: PAJERO II V3_W, V2_W, V4_W,PAJERO II Canvas Top V2_W, V4_W; 11190574, N01152714, 71199931020, 71199931106, 5126120AB, 694616, 694677, 694841, 694920, 7903053360, 7903053395, 11190574, 11190579, 12638601, 12642501, 12642524, 17097124, 17097124, 11190574, 06150120112, 06150130412, 06150130499, 06150210104, 64907100075, 64907700124, N1011054599, N1014009992, 999511000, AM1540357, 000125010500, 000125010504, 000125010513, 000125010517, 000125010518, 000125010532, 000961012025, 000961012092, 000961012093, 000961012106, 000961012163, MB633935, 694616, 694677, 694841, 694920, 7903053360, 7903053395, N01152714, N01152714, 192495, 944633, 960148, 976945, 986483, N01152714, N0115275, N10406105<\/p>\n","protected":false},"excerpt":{"rendered":"<p>DT Aluslaatta, Sylinterikannen Pultit 9.12012  NISSAN,MERCEDES-BENZ,ALFA ROMEO,KUBISTAR X76,KUBISTAR Kasten X80,C-CLASS W203,C-CLASS T-Model S203<\/p>\n","protected":false},"featured_media":0,"template":"","meta":{"site-sidebar-layout":"default","site-content-layout":"default","ast-global-header-display":"","ast-main-header-display":"","ast-hfb-above-header-display":"","ast-hfb-below-header-display":"","ast-hfb-mobile-header-display":"","site-post-title":"","ast-breadcrumbs-content":"","ast-featured-img":"","footer-sml-layout":"","theme-transparent-header-meta":"","adv-header-id-meta":"","stick-header-meta":"","header-above-stick-meta":"","header-main-stick-meta":"","header-below-stick-meta":""},"pwb-brand":[75],"product_cat":[37],"product_tag":[],"class_list":{"0":"post-15101","1":"product","2":"type-product","3":"status-publish","5":"pwb-brand-dt","6":"product_cat-muut-luokat","7":"desktop-align-left","8":"tablet-align-left","9":"mobile-align-left","11":"first","12":"instock","13":"product-type-external"},"brands":[{"id":75,"name":"DT","slug":"dt"}],"_links":{"self":[{"href":"https:\/\/www.autonvaraosahaku.fi\/index.php?rest_route=\/wp\/v2\/product\/15101","targetHints":{"allow":["GET"]}}],"collection":[{"href":"https:\/\/www.autonvaraosahaku.fi\/index.php?rest_route=\/wp\/v2\/product"}],"about":[{"href":"https:\/\/www.autonvaraosahaku.fi\/index.php?rest_route=\/wp\/v2\/types\/product"}],"wp:attachment":[{"href":"https:\/\/www.autonvaraosahaku.fi\/index.php?rest_route=%2Fwp%2Fv2%2Fmedia&parent=15101"}],"wp:term":[{"taxonomy":"pwb-brand","embeddable":true,"href":"https:\/\/www.autonvaraosahaku.fi\/index.php?rest_route=%2Fwp%2Fv2%2Fpwb-brand&post=15101"},{"taxonomy":"product_cat","embeddable":true,"href":"https:\/\/www.autonvaraosahaku.fi\/index.php?rest_route=%2Fwp%2Fv2%2Fproduct_cat&post=15101"},{"taxonomy":"product_tag","embeddable":true,"href":"https:\/\/www.autonvaraosahaku.fi\/index.php?rest_route=%2Fwp%2Fv2%2Fproduct_tag&post=15101"}],"curies":[{"name":"wp","href":"https:\/\/api.w.org\/{rel}","templated":true}]}}