{"id":15103,"date":"2021-02-21T14:22:57","date_gmt":"2021-02-21T14:22:57","guid":{"rendered":"https:\/\/www.autonvaraosahaku.fi\/?product=ridex-654w0221-pyoranlaakerit"},"modified":"2021-02-21T14:22:58","modified_gmt":"2021-02-21T14:22:58","slug":"ridex-654w0221-pyoranlaakerit","status":"publish","type":"product","link":"https:\/\/www.autonvaraosahaku.fi\/?product=ridex-654w0221-pyoranlaakerit","title":{"rendered":"RIDEX 654W0221 Py\u00f6r\u00e4nlaakerit"},"content":{"rendered":"<p>Asennuspuoli: Vasen, Oikea; Sis\u00e4l\u00e4pimitta [mm]: 43; Ulkol\u00e4pimitta [mm]: 95; Leveys (mm): 41; Sis\u00e4l\u00e4pimitta 2 [mm]: 45; Ulkol\u00e4pimitta 2 [mm]: 130,5; Alustanumerosta: 4B-2-031501; VW: PASSAT Variant 3B6,PASSAT Variant 3B5,PASSAT 3B2,PASSAT 3B3; AUDI: A4 8D2, B5,A4 Avant 8ED, B7,A4 Avant 8E5, B6,A6 Avant 4B5, C5,A4 Avant 8D5, B5,A4 8E2, B6,A6 4B2, C5,A4 Cabriolet 8H7, B6, 8HE, B7,A4 8EC, B7,A8 4E_,A8 4D2, 4D8; SEAT: EXEO ST 3R5,EXEO 3R2; 4D0407625D, 4D0407625H, 8D0498625C, 8E0498625A, 8E0498625B, 8E0598625A, 8E0598625B, 8E0498625B, 4D0407625D, 4D0407625H, 8D0498625C, 8E0498625A, 8E0498625B, 8E0598625A, 8E0598625B, 4D0407625D, 4D0407625H, 8D0498625C, 8E0498625A, 8E0498625B, 8E0598625A, 8E0598625B; Py\u00f6r\u00e4nlaakerisarja<\/p>\n","protected":false},"excerpt":{"rendered":"<p>RIDEX Py\u00f6r\u00e4nlaakerit 654W0221 Py\u00f6r\u00e4nlaakerisarja VW,AUDI,SEAT,PASSAT Variant 3B6,PASSAT Variant 3B5,PASSAT 3B2,PASSAT 3B3,A4 8D2, B5,A4 Avant 8ED, B7<\/p>\n","protected":false},"featured_media":0,"template":"","meta":{"site-sidebar-layout":"default","site-content-layout":"default","ast-global-header-display":"","ast-main-header-display":"","ast-hfb-above-header-display":"","ast-hfb-below-header-display":"","ast-hfb-mobile-header-display":"","site-post-title":"","ast-breadcrumbs-content":"","ast-featured-img":"","footer-sml-layout":"","theme-transparent-header-meta":"","adv-header-id-meta":"","stick-header-meta":"","header-above-stick-meta":"","header-main-stick-meta":"","header-below-stick-meta":""},"pwb-brand":[157],"product_cat":[83],"product_tag":[],"class_list":{"0":"post-15103","1":"product","2":"type-product","3":"status-publish","5":"pwb-brand-ridex","6":"product_cat-pyoranlaakerit","7":"desktop-align-left","8":"tablet-align-left","9":"mobile-align-left","11":"first","12":"instock","13":"product-type-external"},"brands":[{"id":157,"name":"RIDEX","slug":"ridex"}],"_links":{"self":[{"href":"https:\/\/www.autonvaraosahaku.fi\/index.php?rest_route=\/wp\/v2\/product\/15103","targetHints":{"allow":["GET"]}}],"collection":[{"href":"https:\/\/www.autonvaraosahaku.fi\/index.php?rest_route=\/wp\/v2\/product"}],"about":[{"href":"https:\/\/www.autonvaraosahaku.fi\/index.php?rest_route=\/wp\/v2\/types\/product"}],"wp:attachment":[{"href":"https:\/\/www.autonvaraosahaku.fi\/index.php?rest_route=%2Fwp%2Fv2%2Fmedia&parent=15103"}],"wp:term":[{"taxonomy":"pwb-brand","embeddable":true,"href":"https:\/\/www.autonvaraosahaku.fi\/index.php?rest_route=%2Fwp%2Fv2%2Fpwb-brand&post=15103"},{"taxonomy":"product_cat","embeddable":true,"href":"https:\/\/www.autonvaraosahaku.fi\/index.php?rest_route=%2Fwp%2Fv2%2Fproduct_cat&post=15103"},{"taxonomy":"product_tag","embeddable":true,"href":"https:\/\/www.autonvaraosahaku.fi\/index.php?rest_route=%2Fwp%2Fv2%2Fproduct_tag&post=15103"}],"curies":[{"name":"wp","href":"https:\/\/api.w.org\/{rel}","templated":true}]}}