{"id":15114,"date":"2021-02-21T14:22:57","date_gmt":"2021-02-21T14:22:57","guid":{"rendered":"https:\/\/www.autonvaraosahaku.fi\/?product=ridex-561r0041-hydraulinen-venttiilinnostin"},"modified":"2021-02-21T14:22:59","modified_gmt":"2021-02-21T14:22:59","slug":"ridex-561r0041-hydraulinen-venttiilinnostin","status":"publish","type":"product","link":"https:\/\/www.autonvaraosahaku.fi\/?product=ridex-561r0041-hydraulinen-venttiilinnostin","title":{"rendered":"RIDEX 561R0041 Hydraulinen venttiilinnostin"},"content":{"rendered":"<p>Varustelumahdollisuudet: Up to 12\/2007; Venttiilimalli: Imuventtiileille, Poistoventtiileille; M\u00e4\u00e4r\u00e4: 1; Lis\u00e4tarvike\/lis\u00e4tieto: Tarvikkeilla; BMW: 3 E46,3 Touring E91,3 E90,5 E39,5 E60,1 E87,5 Touring E61,3 Touring E46,X3 E83,5 Touring E39,3 Compact E46,3 Coupe E46,X5 E70,X5 E53,3 Coupe E92,3 Cabriolet E46,7 E38,3 Cabriolet E93,7 E65, E66, E67,X6 E71, E72,6 E63,6 Cabriolet E64; LAND ROVER: FREELANDER LN,RANGE ROVER III LM,FREELANDER Soft Top; ROVER: 75 Tourer RJ; OPEL: OMEGA B Caravan 21_, 22_, 23_,OMEGA B 25_, 26_, 27_; 11122247056, 11332248878, STC4532, 5640581, LXC000010, LXC100090, 93171486; Vipupainin, Moottorin S\u00e4\u00e4t\u00f6<\/p>\n","protected":false},"excerpt":{"rendered":"<p>RIDEX Keinuvipu 561R0041 Vipupainin, Moottorin S\u00e4\u00e4t\u00f6 BMW,LAND ROVER,ROVER,3 E46,3 Touring E91,3 E90,5 E39,5 E60,1 E87,5 Touring E61,3 Touring E46<\/p>\n","protected":false},"featured_media":0,"template":"","meta":{"site-sidebar-layout":"default","site-content-layout":"default","ast-global-header-display":"","ast-main-header-display":"","ast-hfb-above-header-display":"","ast-hfb-below-header-display":"","ast-hfb-mobile-header-display":"","site-post-title":"","ast-breadcrumbs-content":"","ast-featured-img":"","footer-sml-layout":"","theme-transparent-header-meta":"","adv-header-id-meta":"","stick-header-meta":"","header-above-stick-meta":"","header-main-stick-meta":"","header-below-stick-meta":""},"pwb-brand":[157],"product_cat":[126],"product_tag":[],"class_list":{"0":"post-15114","1":"product","2":"type-product","3":"status-publish","5":"pwb-brand-ridex","6":"product_cat-hydraulinen-venttiilinnostin","7":"desktop-align-left","8":"tablet-align-left","9":"mobile-align-left","11":"first","12":"instock","13":"product-type-external"},"brands":[{"id":157,"name":"RIDEX","slug":"ridex"}],"_links":{"self":[{"href":"https:\/\/www.autonvaraosahaku.fi\/index.php?rest_route=\/wp\/v2\/product\/15114","targetHints":{"allow":["GET"]}}],"collection":[{"href":"https:\/\/www.autonvaraosahaku.fi\/index.php?rest_route=\/wp\/v2\/product"}],"about":[{"href":"https:\/\/www.autonvaraosahaku.fi\/index.php?rest_route=\/wp\/v2\/types\/product"}],"wp:attachment":[{"href":"https:\/\/www.autonvaraosahaku.fi\/index.php?rest_route=%2Fwp%2Fv2%2Fmedia&parent=15114"}],"wp:term":[{"taxonomy":"pwb-brand","embeddable":true,"href":"https:\/\/www.autonvaraosahaku.fi\/index.php?rest_route=%2Fwp%2Fv2%2Fpwb-brand&post=15114"},{"taxonomy":"product_cat","embeddable":true,"href":"https:\/\/www.autonvaraosahaku.fi\/index.php?rest_route=%2Fwp%2Fv2%2Fproduct_cat&post=15114"},{"taxonomy":"product_tag","embeddable":true,"href":"https:\/\/www.autonvaraosahaku.fi\/index.php?rest_route=%2Fwp%2Fv2%2Fproduct_tag&post=15114"}],"curies":[{"name":"wp","href":"https:\/\/api.w.org\/{rel}","templated":true}]}}