{"id":15136,"date":"2021-02-21T14:23:01","date_gmt":"2021-02-21T14:23:01","guid":{"rendered":"https:\/\/www.autonvaraosahaku.fi\/?product=dt-6-24335-kierretulppa"},"modified":"2021-02-21T14:23:03","modified_gmt":"2021-02-21T14:23:03","slug":"dt-6-24335-kierretulppa","status":"publish","type":"product","link":"https:\/\/www.autonvaraosahaku.fi\/?product=dt-6-24335-kierretulppa","title":{"rendered":"DT 6.24335 Kierretulppa"},"content":{"rendered":"<p>Paino [g]: 0,88; Sis\u00e4l\u00e4pimitta [mm]: 16; Ulkol\u00e4pimitta [mm]: 22; Paksuus [mm]: 2; JEEP: CHEROKEE XJ,CJ5 &#8211; CJ8,COMANCHE MJ; LADA: NIVA 2121; NISSAN: QASHQAI \/ QASHQAI +2 J10, JJ10,JUKE F15,X-TRAIL T31,MICRA IV K13,NOTE E12,PRIMASTAR Bus X83,PRIMASTAR Kasten X83,INTERSTAR Kasten X70,QASHQAI J11, J11_,NV400 Kasten,KUBISTAR Kasten X80,INTERSTAR Bus X70,PULSAR Schr\u00e4gheck C13,NV400 Bus,NAVARA Pick-up D23,INTERSTAR Pritsche\/Fahrgestell,NV400 Pritsche\/Fahrgestell; VOLVO: 480 E,440 K 445,460 L 464,340-360 343, 345,340-360 Stufenheck 344; ROVER: 200 Hatchback XW,400 Tourer XW,400 XW; SUZUKI: SAMURAI SJ; MERCEDES-BENZ: CITAN Kasten 415,CITAN Kombi 415; OPEL: VIVARO Kasten F7,VIVARO Combi J7,MOVANO Kasten F9,MOVANO B Kasten,MOVANO B Bus,MOVANO Combi J9,VIVARO Pritsche\/Fahrgestell E7,MOVANO Pritsche\/Fahrgestell U9, E9,MOVANO B Pritsche\/Fahrgestell,MOVANO Kipper H9,ARENA Kasten TB, TF; MINI: MINI R56,MINI R50, R53,MINI CLUBMAN R55,MINI Cabriolet R57,MINI COUNTRYMAN R60,MINI Coupe R58,MINI Roadster R59,MINI PACEMAN R61,MINI CLUBVAN R55; CHRYSLER: VOYAGER II ES; 016402, 016430, 02454S, 02478S, 031338, 7903062003, 9400164309, 2829970345, 2091016, 016402, 016430, 02454S, 02478S, 031338, 7703062023, 7703062062, 7903062003, N0138451, N0138452, N138451, N138452; Tiiviste, \u00d6ljynlaskutulppa<\/p>\n","protected":false},"excerpt":{"rendered":"<p>DT \u00d6ljytulpan Tiiviste 6.24335 Tiiviste, \u00d6ljynlaskutulppa JEEP,LADA,NISSAN,CHEROKEE XJ,CJ5 &#8211; CJ8,COMANCHE MJ,NIVA 2121,QASHQAI \/ QASHQAI +2 J10, JJ10<\/p>\n","protected":false},"featured_media":0,"template":"","meta":{"site-sidebar-layout":"default","site-content-layout":"default","ast-global-header-display":"","ast-main-header-display":"","ast-hfb-above-header-display":"","ast-hfb-below-header-display":"","ast-hfb-mobile-header-display":"","site-post-title":"","ast-breadcrumbs-content":"","ast-featured-img":"","footer-sml-layout":"","theme-transparent-header-meta":"","adv-header-id-meta":"","stick-header-meta":"","header-above-stick-meta":"","header-main-stick-meta":"","header-below-stick-meta":""},"pwb-brand":[75],"product_cat":[40],"product_tag":[],"class_list":{"0":"post-15136","1":"product","2":"type-product","3":"status-publish","5":"pwb-brand-dt","6":"product_cat-kierretulppa","7":"desktop-align-left","8":"tablet-align-left","9":"mobile-align-left","11":"first","12":"instock","13":"product-type-external"},"brands":[{"id":75,"name":"DT","slug":"dt"}],"_links":{"self":[{"href":"https:\/\/www.autonvaraosahaku.fi\/index.php?rest_route=\/wp\/v2\/product\/15136","targetHints":{"allow":["GET"]}}],"collection":[{"href":"https:\/\/www.autonvaraosahaku.fi\/index.php?rest_route=\/wp\/v2\/product"}],"about":[{"href":"https:\/\/www.autonvaraosahaku.fi\/index.php?rest_route=\/wp\/v2\/types\/product"}],"wp:attachment":[{"href":"https:\/\/www.autonvaraosahaku.fi\/index.php?rest_route=%2Fwp%2Fv2%2Fmedia&parent=15136"}],"wp:term":[{"taxonomy":"pwb-brand","embeddable":true,"href":"https:\/\/www.autonvaraosahaku.fi\/index.php?rest_route=%2Fwp%2Fv2%2Fpwb-brand&post=15136"},{"taxonomy":"product_cat","embeddable":true,"href":"https:\/\/www.autonvaraosahaku.fi\/index.php?rest_route=%2Fwp%2Fv2%2Fproduct_cat&post=15136"},{"taxonomy":"product_tag","embeddable":true,"href":"https:\/\/www.autonvaraosahaku.fi\/index.php?rest_route=%2Fwp%2Fv2%2Fproduct_tag&post=15136"}],"curies":[{"name":"wp","href":"https:\/\/api.w.org\/{rel}","templated":true}]}}