{"id":15157,"date":"2021-02-21T14:23:05","date_gmt":"2021-02-21T14:23:05","guid":{"rendered":"https:\/\/www.autonvaraosahaku.fi\/?product=ridex-82b0267-jarrulevyt"},"modified":"2021-02-21T14:23:08","modified_gmt":"2021-02-21T14:23:08","slug":"ridex-82b0267-jarrulevyt","status":"publish","type":"product","link":"https:\/\/www.autonvaraosahaku.fi\/?product=ridex-82b0267-jarrulevyt","title":{"rendered":"RIDEX 82B0267 Jarrulevyt"},"content":{"rendered":"<p>Asennuspuoli: Etuakseli, Vorderachse; Jarrulevytyyppi: Tuuletettu, ulko; L\u00e4pimitta [mm]: 316; Jarrulevyn paksuus (mm): 28; Reik\u00e4ympyr\u00e4-\u00d8 [mm]: 108; Korvaava tuote\/korvaava tiedote 2: Ilman py\u00f6r\u00e4nnapaa, Ilman py\u00f6r\u00e4nkiinnityspultteja; M\u00e4\u00e4r\u00e4tty kiertosuunta: ; ei sidoksissa kulkusuuntaan: ; V\u00e4himm\u00e4ispaksuus (mm): 26; Korkeus (mm): 52; Reik\u00e4kuvio\/-m\u00e4\u00e4r\u00e4: 05\/06; keskitt\u00e4misl\u00e4pimitta [mm]: 63,5; Paino [kg]: 10,2; Sis\u00e4l\u00e4pimitta [mm]: 144; Reik\u00e4-\u00d8 [mm]: 15,5; FORD: S-MAX WA6,GALAXY WA6; VOLVO: V70 III BW,V60,XC70 II,S80 II AS,S60 II; LAND ROVER: FREELANDER 2 FA_; 1380046, 1404955, 1405509, 1434812, 1434815, 1864276, 6G9N2C375AC, 6G9N2C375DA, 6G9N2C375DB, 6G9N2C375DC, LR000470, LR027107, 30769061, 31400764; Jarrulevy<\/p>\n","protected":false},"excerpt":{"rendered":"<p>RIDEX Jarrulevyt 82B0267 Jarrulevy FORD,VOLVO,LAND ROVER,S-MAX WA6,GALAXY WA6,V70 III BW,V60,XC70 II,S80 II AS,S60 II,FREELANDER 2 FA_<\/p>\n","protected":false},"featured_media":0,"template":"","meta":{"site-sidebar-layout":"default","site-content-layout":"default","ast-global-header-display":"","ast-main-header-display":"","ast-hfb-above-header-display":"","ast-hfb-below-header-display":"","ast-hfb-mobile-header-display":"","site-post-title":"","ast-breadcrumbs-content":"","ast-featured-img":"","footer-sml-layout":"","theme-transparent-header-meta":"","adv-header-id-meta":"","stick-header-meta":"","header-above-stick-meta":"","header-main-stick-meta":"","header-below-stick-meta":""},"pwb-brand":[157],"product_cat":[66],"product_tag":[],"class_list":{"0":"post-15157","1":"product","2":"type-product","3":"status-publish","5":"pwb-brand-ridex","6":"product_cat-jarrulevyt","7":"desktop-align-left","8":"tablet-align-left","9":"mobile-align-left","11":"first","12":"instock","13":"product-type-external"},"brands":[{"id":157,"name":"RIDEX","slug":"ridex"}],"_links":{"self":[{"href":"https:\/\/www.autonvaraosahaku.fi\/index.php?rest_route=\/wp\/v2\/product\/15157","targetHints":{"allow":["GET"]}}],"collection":[{"href":"https:\/\/www.autonvaraosahaku.fi\/index.php?rest_route=\/wp\/v2\/product"}],"about":[{"href":"https:\/\/www.autonvaraosahaku.fi\/index.php?rest_route=\/wp\/v2\/types\/product"}],"wp:attachment":[{"href":"https:\/\/www.autonvaraosahaku.fi\/index.php?rest_route=%2Fwp%2Fv2%2Fmedia&parent=15157"}],"wp:term":[{"taxonomy":"pwb-brand","embeddable":true,"href":"https:\/\/www.autonvaraosahaku.fi\/index.php?rest_route=%2Fwp%2Fv2%2Fpwb-brand&post=15157"},{"taxonomy":"product_cat","embeddable":true,"href":"https:\/\/www.autonvaraosahaku.fi\/index.php?rest_route=%2Fwp%2Fv2%2Fproduct_cat&post=15157"},{"taxonomy":"product_tag","embeddable":true,"href":"https:\/\/www.autonvaraosahaku.fi\/index.php?rest_route=%2Fwp%2Fv2%2Fproduct_tag&post=15157"}],"curies":[{"name":"wp","href":"https:\/\/api.w.org\/{rel}","templated":true}]}}