{"id":15200,"date":"2021-02-21T14:23:17","date_gmt":"2021-02-21T14:23:17","guid":{"rendered":"https:\/\/www.autonvaraosahaku.fi\/?product=brembo-09-4939-21-jarrulevyt"},"modified":"2021-02-21T14:23:18","modified_gmt":"2021-02-21T14:23:18","slug":"brembo-09-4939-21-jarrulevyt","status":"publish","type":"product","link":"https:\/\/www.autonvaraosahaku.fi\/?product=brembo-09-4939-21-jarrulevyt","title":{"rendered":"BREMBO 09.4939.21 Jarrulevyt"},"content":{"rendered":"<p>Keskitt\u00e4misl\u00e4pimitta [mm]: 59; Kiristysmomentti: 98; Pinta: pinnoitettu; Korvaava tuote\/korvaava tiedote 2: Ruuveilla; Reikien m\u00e4\u00e4r\u00e4: 5; V\u00e4himm\u00e4ispaksuus (mm): 20,2; Jarrulevyn paksuus (mm): 22; Jarrulevytyyppi: Tuuletettu, sis\u00e4; Korkeus (mm): 43,5; L\u00e4pimitta [mm]: 284; Tuotelinja: COATED DISC LINE; Asennuspuoli: Vorderachse; OPEL: COMBO Kasten\/Kombi X12,COMBO Tour X12,COMBO Pritsche\/Fahrgestell; FIAT: DOBLO Kasten\/Kombi 263,QUBO 225,DOBLO Gro\u00dfraumlimousine 152, 263,DOBLO Pritsche\/Fahrgestell 263; ALFA ROMEO: 147 937,156 Sportwagon 932,156 932,GT 937,SPIDER 916S_,GTV 916C_; VAUXHALL: COMBO Mk III D Kasten\/Kombi; 164102202300, 46445006, 60569163, 60571548, 60622077, 60653478, 60658565, 60699518, 60801722, 60813443, 60815938, 71711434, 71711447, 82427592, 82450539, 46445006, 52015291, 52063171, 60569386, 569086; Jarrulevy<\/p>\n","protected":false},"excerpt":{"rendered":"<p>BREMBO Jarrulevyt 09.4939.21 Jarrulevy OPEL,FIAT,ALFA ROMEO,COMBO Kasten\/Kombi X12,COMBO Tour X12,COMBO Pritsche\/Fahrgestell,DOBLO Kasten\/Kombi 263<\/p>\n","protected":false},"featured_media":0,"template":"","meta":{"site-sidebar-layout":"default","site-content-layout":"default","ast-global-header-display":"","ast-main-header-display":"","ast-hfb-above-header-display":"","ast-hfb-below-header-display":"","ast-hfb-mobile-header-display":"","site-post-title":"","ast-breadcrumbs-content":"","ast-featured-img":"","footer-sml-layout":"","theme-transparent-header-meta":"","adv-header-id-meta":"","stick-header-meta":"","header-above-stick-meta":"","header-main-stick-meta":"","header-below-stick-meta":""},"pwb-brand":[146],"product_cat":[66],"product_tag":[],"class_list":{"0":"post-15200","1":"product","2":"type-product","3":"status-publish","5":"pwb-brand-brembo","6":"product_cat-jarrulevyt","7":"desktop-align-left","8":"tablet-align-left","9":"mobile-align-left","11":"first","12":"instock","13":"product-type-external"},"brands":[{"id":146,"name":"BREMBO","slug":"brembo"}],"_links":{"self":[{"href":"https:\/\/www.autonvaraosahaku.fi\/index.php?rest_route=\/wp\/v2\/product\/15200","targetHints":{"allow":["GET"]}}],"collection":[{"href":"https:\/\/www.autonvaraosahaku.fi\/index.php?rest_route=\/wp\/v2\/product"}],"about":[{"href":"https:\/\/www.autonvaraosahaku.fi\/index.php?rest_route=\/wp\/v2\/types\/product"}],"wp:attachment":[{"href":"https:\/\/www.autonvaraosahaku.fi\/index.php?rest_route=%2Fwp%2Fv2%2Fmedia&parent=15200"}],"wp:term":[{"taxonomy":"pwb-brand","embeddable":true,"href":"https:\/\/www.autonvaraosahaku.fi\/index.php?rest_route=%2Fwp%2Fv2%2Fpwb-brand&post=15200"},{"taxonomy":"product_cat","embeddable":true,"href":"https:\/\/www.autonvaraosahaku.fi\/index.php?rest_route=%2Fwp%2Fv2%2Fproduct_cat&post=15200"},{"taxonomy":"product_tag","embeddable":true,"href":"https:\/\/www.autonvaraosahaku.fi\/index.php?rest_route=%2Fwp%2Fv2%2Fproduct_tag&post=15200"}],"curies":[{"name":"wp","href":"https:\/\/api.w.org\/{rel}","templated":true}]}}