{"id":15243,"date":"2021-02-21T14:23:25","date_gmt":"2021-02-21T14:23:25","guid":{"rendered":"https:\/\/www.autonvaraosahaku.fi\/?product=fa1-003-928-pakoputken-asennussarja"},"modified":"2021-02-21T14:23:26","modified_gmt":"2021-02-21T14:23:26","slug":"fa1-003-928-pakoputken-asennussarja","status":"publish","type":"product","link":"https:\/\/www.autonvaraosahaku.fi\/?product=fa1-003-928-pakoputken-asennussarja","title":{"rendered":"FA1 003-928 Pakoputken asennussarja"},"content":{"rendered":"<p>Sis\u00e4l\u00e4pimitta [mm]: 28; Ulkol\u00e4pimitta [mm]: 59; Korkeus (mm): 14; Materiaali: Kumi; Pakoputkisto: f\u00fcr Endschalld\u00e4mpfer; MERCEDES-BENZ: 190 W201,Stufenheck W124,SL R107,Stufenheck W123,KOMBI Kombi S124,E-CLASS W124,COUPE C124,E-CLASS Kombi S124,COUPE C123,S-CLASS W108, W109,S-CLASS W116,COUPE W111,KOMBI Kombi S123,SL Coupe C107,E-CLASS Coupe C124,HECKFLOSSE W111, W112,CABRIOLET W111; 60801572, 60801631, 60801572, 60801631, 82409205, 82414754, 82448190, 1074920082, 1104920082, 1164920182<\/p>\n","protected":false},"excerpt":{"rendered":"<p>FA1 Kiinnitin, \u00c4\u00e4nenvaimentaja 003-928  MERCEDES-BENZ,190 W201,Stufenheck W124,SL R107,Stufenheck W123,KOMBI Kombi S124,E-CLASS W124,COUPE C124<\/p>\n","protected":false},"featured_media":0,"template":"","meta":{"site-sidebar-layout":"default","site-content-layout":"default","ast-global-header-display":"","ast-main-header-display":"","ast-hfb-above-header-display":"","ast-hfb-below-header-display":"","ast-hfb-mobile-header-display":"","site-post-title":"","ast-breadcrumbs-content":"","ast-featured-img":"","footer-sml-layout":"","theme-transparent-header-meta":"","adv-header-id-meta":"","stick-header-meta":"","header-above-stick-meta":"","header-main-stick-meta":"","header-below-stick-meta":""},"pwb-brand":[39],"product_cat":[101],"product_tag":[],"class_list":{"0":"post-15243","1":"product","2":"type-product","3":"status-publish","5":"pwb-brand-fa1","6":"product_cat-pakoputken-asennussarja","7":"desktop-align-left","8":"tablet-align-left","9":"mobile-align-left","11":"first","12":"instock","13":"product-type-external"},"brands":[{"id":39,"name":"FA1","slug":"fa1"}],"_links":{"self":[{"href":"https:\/\/www.autonvaraosahaku.fi\/index.php?rest_route=\/wp\/v2\/product\/15243","targetHints":{"allow":["GET"]}}],"collection":[{"href":"https:\/\/www.autonvaraosahaku.fi\/index.php?rest_route=\/wp\/v2\/product"}],"about":[{"href":"https:\/\/www.autonvaraosahaku.fi\/index.php?rest_route=\/wp\/v2\/types\/product"}],"wp:attachment":[{"href":"https:\/\/www.autonvaraosahaku.fi\/index.php?rest_route=%2Fwp%2Fv2%2Fmedia&parent=15243"}],"wp:term":[{"taxonomy":"pwb-brand","embeddable":true,"href":"https:\/\/www.autonvaraosahaku.fi\/index.php?rest_route=%2Fwp%2Fv2%2Fpwb-brand&post=15243"},{"taxonomy":"product_cat","embeddable":true,"href":"https:\/\/www.autonvaraosahaku.fi\/index.php?rest_route=%2Fwp%2Fv2%2Fproduct_cat&post=15243"},{"taxonomy":"product_tag","embeddable":true,"href":"https:\/\/www.autonvaraosahaku.fi\/index.php?rest_route=%2Fwp%2Fv2%2Fproduct_tag&post=15243"}],"curies":[{"name":"wp","href":"https:\/\/api.w.org\/{rel}","templated":true}]}}