{"id":15244,"date":"2021-02-21T14:23:25","date_gmt":"2021-02-21T14:23:25","guid":{"rendered":"https:\/\/www.autonvaraosahaku.fi\/?product=valeo-575548-pyyhkijansulat"},"modified":"2021-02-21T14:23:26","modified_gmt":"2021-02-21T14:23:26","slug":"valeo-575548-pyyhkijansulat","status":"publish","type":"product","link":"https:\/\/www.autonvaraosahaku.fi\/?product=valeo-575548-pyyhkijansulat","title":{"rendered":"VALEO 575548 Pyyhkij\u00e4nsulat"},"content":{"rendered":"<p>M\u00e4\u00e4r\u00e4: 1; Pituus (mm): 475; Pituus (tuumaa): 19; Sopiva adapteri: U; Paino [kg]: 0,14; Tuotelinja: FIRST; Pyyhkij\u00e4nsulkatyyppi: Tavallinen; Asennuspuoli: beifahrerseitig; VW: GOLF IV 1J1,LUPO 6X1, 6E1,GOLF III 1H1,GOLF IV Variant 1J5,POLO 6N2,POLO 6N1,BORA 1J2,GOLF III Cabriolet 1E7,GOLF Mk III Cabriolet 1E7,BORA Kombi 1J6,GOLF III Variant 1H5,CORRADO 53I,POLO CLASSIC 6KV2,VENTO 1H2,LT 28-35 I Kasten 281-363,LT 28-35 I Bus 281-363,LT 28-46 II Kasten 2DA, 2DD, 2DH,POLO Kasten 6NF,LT 28-35 II Bus 2DB, 2DE, 2DK,LT 28-46 II Pritsche\/Fahrgestell 2DC, 2DF, 2DG, 2DL, 2DM,LT 28-35 I Pritsche\/Fahrgestell 281-363,LT 40-55 I Pritsche\/Fahrgestell 293-909,LT 40-55 I Kasten 291-512,GOLF IV Van 1J1,GOLF III Van 1H1; AUDI: A3 8L1; MAZDA: 323 F VI BJ,TRIBUTE EP,626 V GF,626 IV Hatchback GE,FAMILIA VI BJ,626 IV GE,FAMILIA V BA,FAMILIA V BG8,626 III GD,626 III Hatchback GD,626 III Coupe GD,929 III HC,626 I CB; SKODA: FABIA Combi 6Y5,FABIA 6Y2,OCTAVIA Combi 1U5,OCTAVIA 1U2,FABIA Stufenheck 6Y3,FABIA Praktik; SEAT: IBIZA IV 6L1,LEON 1M1,AROSA 6H,TOLEDO II 1M2,CORDOBA 6K1, 6K2,CORDOBA Vario 6K1,CORDOBA 6L2,INCA 6K9,IBIZA I 021A; CHEVROLET: NUBIRA Kombi,LACETTI J200,REZZO,NUBIRA Stufenheck,LACETTI Kombi J200; JEEP: CHEROKEE KK; DAEWOO: REZZO KLAU,LANOS KLAT,LACETTI Schr\u00e4gheck KLAN,NUBIRA Stufenheck KLAN,NUBIRA Wagon KLAN,LANOS Stufenheck KLAT,LEGANZA KLAV,ESPERO KLEJ; NISSAN: NAVARA D40,PATHFINDER R51,PRIMERA Kombi WP12,PRIMERA P12,NAVARA Pritsche\/Fahrgestell D40,PRIMERA Hatchback P12,PATROL GR II Wagon Y61,ALMERA I Hatchback N15,PICK UP D22,ALMERA I N15,100 NX B13,PRIMERA P10,300 ZX Z31,SUNNY III N14,PULSAR V Schr\u00e4gheck N14,SUNNY III Liftback N14,PRIMERA Hatchback P10,PRIMERA Traveller W10,BLUEBIRD T72 , T12,LAUREL JC32,SUNNY III Traveller Y10,BLUEBIRD Hatchback T72, T12,BLUEBIRD Station Wagon WU11,BLUEBIRD U11,URVAN Bus E24,URVAN Kasten E23,URVAN Kasten E24,URVAN Bus E23; KIA: CARENS II FJ,CARENS III UN,SHUMA II FB,CARENS I FC,SHUMA FB,SHUMA II Stufenheck FB,CLARUS K9A,CLARUS Kombi GC,SEPHIA FB; 1611346280, 1613716080, 6423K4; Tuulilasinpyyhkimet,Pyyhkij\u00e4t,Pyyhkij\u00e4nsulka<\/p>\n","protected":false},"excerpt":{"rendered":"<p>VALEO Pyyhkij\u00e4nsulat 575548 Tuulilasinpyyhkimet,Pyyhkij\u00e4t VW,AUDI,MAZDA,GOLF IV 1J1,LUPO 6X1, 6E1,GOLF III 1H1,GOLF IV Variant 1J5,POLO 6N2,POLO 6N1<\/p>\n","protected":false},"featured_media":0,"template":"","meta":{"site-sidebar-layout":"default","site-content-layout":"default","ast-global-header-display":"","ast-main-header-display":"","ast-hfb-above-header-display":"","ast-hfb-below-header-display":"","ast-hfb-mobile-header-display":"","site-post-title":"","ast-breadcrumbs-content":"","ast-featured-img":"","footer-sml-layout":"","theme-transparent-header-meta":"","adv-header-id-meta":"","stick-header-meta":"","header-above-stick-meta":"","header-main-stick-meta":"","header-below-stick-meta":""},"pwb-brand":[28],"product_cat":[33],"product_tag":[],"class_list":{"0":"post-15244","1":"product","2":"type-product","3":"status-publish","5":"pwb-brand-valeo","6":"product_cat-pyyhkijansulat","7":"desktop-align-left","8":"tablet-align-left","9":"mobile-align-left","11":"first","12":"instock","13":"product-type-external"},"brands":[{"id":28,"name":"VALEO","slug":"valeo"}],"_links":{"self":[{"href":"https:\/\/www.autonvaraosahaku.fi\/index.php?rest_route=\/wp\/v2\/product\/15244","targetHints":{"allow":["GET"]}}],"collection":[{"href":"https:\/\/www.autonvaraosahaku.fi\/index.php?rest_route=\/wp\/v2\/product"}],"about":[{"href":"https:\/\/www.autonvaraosahaku.fi\/index.php?rest_route=\/wp\/v2\/types\/product"}],"wp:attachment":[{"href":"https:\/\/www.autonvaraosahaku.fi\/index.php?rest_route=%2Fwp%2Fv2%2Fmedia&parent=15244"}],"wp:term":[{"taxonomy":"pwb-brand","embeddable":true,"href":"https:\/\/www.autonvaraosahaku.fi\/index.php?rest_route=%2Fwp%2Fv2%2Fpwb-brand&post=15244"},{"taxonomy":"product_cat","embeddable":true,"href":"https:\/\/www.autonvaraosahaku.fi\/index.php?rest_route=%2Fwp%2Fv2%2Fproduct_cat&post=15244"},{"taxonomy":"product_tag","embeddable":true,"href":"https:\/\/www.autonvaraosahaku.fi\/index.php?rest_route=%2Fwp%2Fv2%2Fproduct_tag&post=15244"}],"curies":[{"name":"wp","href":"https:\/\/api.w.org\/{rel}","templated":true}]}}