{"id":15258,"date":"2021-02-21T14:23:25","date_gmt":"2021-02-21T14:23:25","guid":{"rendered":"https:\/\/www.autonvaraosahaku.fi\/?product=ridex-83b0231-jarruletku"},"modified":"2021-02-21T14:23:28","modified_gmt":"2021-02-21T14:23:28","slug":"ridex-83b0231-jarruletku","status":"publish","type":"product","link":"https:\/\/www.autonvaraosahaku.fi\/?product=ridex-83b0231-jarruletku","title":{"rendered":"RIDEX 83B0231 Jarruletku"},"content":{"rendered":"<p>Pituus (mm): 384; Korvaava tuote\/korvaava tiedote 2: reik\u00e4ruuvilla; Kierremitta: M10x1,5; Sis\u00e4kierre (mm): M10x1; Avainv\u00e4li: 11\/15; Valmistusvuosi alkaen: 10\/1993; VW: LUPO 6X1, 6E1,POLO 6N2,POLO 6N1,PASSAT Variant 3A5, 35I,PASSAT 3A2, 35I,POLO CLASSIC 6KV2,POLO Kasten 6NF; SEAT: AROSA 6H; 6N0611701B<\/p>\n","protected":false},"excerpt":{"rendered":"<p>RIDEX Jarruletku 83B0231  VW,SEAT,LUPO 6X1, 6E1,POLO 6N2,POLO 6N1,PASSAT Variant 3A5, 35I,PASSAT 3A2, 35I,POLO CLASSIC 6KV2,POLO Kasten 6NF,AROSA 6H<\/p>\n","protected":false},"featured_media":0,"template":"","meta":{"site-sidebar-layout":"default","site-content-layout":"default","ast-global-header-display":"","ast-main-header-display":"","ast-hfb-above-header-display":"","ast-hfb-below-header-display":"","ast-hfb-mobile-header-display":"","site-post-title":"","ast-breadcrumbs-content":"","ast-featured-img":"","footer-sml-layout":"","theme-transparent-header-meta":"","adv-header-id-meta":"","stick-header-meta":"","header-above-stick-meta":"","header-main-stick-meta":"","header-below-stick-meta":""},"pwb-brand":[157],"product_cat":[70],"product_tag":[],"class_list":{"0":"post-15258","1":"product","2":"type-product","3":"status-publish","5":"pwb-brand-ridex","6":"product_cat-jarruletku","7":"desktop-align-left","8":"tablet-align-left","9":"mobile-align-left","11":"first","12":"instock","13":"product-type-external"},"brands":[{"id":157,"name":"RIDEX","slug":"ridex"}],"_links":{"self":[{"href":"https:\/\/www.autonvaraosahaku.fi\/index.php?rest_route=\/wp\/v2\/product\/15258","targetHints":{"allow":["GET"]}}],"collection":[{"href":"https:\/\/www.autonvaraosahaku.fi\/index.php?rest_route=\/wp\/v2\/product"}],"about":[{"href":"https:\/\/www.autonvaraosahaku.fi\/index.php?rest_route=\/wp\/v2\/types\/product"}],"wp:attachment":[{"href":"https:\/\/www.autonvaraosahaku.fi\/index.php?rest_route=%2Fwp%2Fv2%2Fmedia&parent=15258"}],"wp:term":[{"taxonomy":"pwb-brand","embeddable":true,"href":"https:\/\/www.autonvaraosahaku.fi\/index.php?rest_route=%2Fwp%2Fv2%2Fpwb-brand&post=15258"},{"taxonomy":"product_cat","embeddable":true,"href":"https:\/\/www.autonvaraosahaku.fi\/index.php?rest_route=%2Fwp%2Fv2%2Fproduct_cat&post=15258"},{"taxonomy":"product_tag","embeddable":true,"href":"https:\/\/www.autonvaraosahaku.fi\/index.php?rest_route=%2Fwp%2Fv2%2Fproduct_tag&post=15258"}],"curies":[{"name":"wp","href":"https:\/\/api.w.org\/{rel}","templated":true}]}}