{"id":15289,"date":"2021-02-21T14:23:33","date_gmt":"2021-02-21T14:23:33","guid":{"rendered":"https:\/\/www.autonvaraosahaku.fi\/?product=trw-df4351-jarrulevyt"},"modified":"2021-02-21T14:23:34","modified_gmt":"2021-02-21T14:23:34","slug":"trw-df4351-jarrulevyt","status":"publish","type":"product","link":"https:\/\/www.autonvaraosahaku.fi\/?product=trw-df4351-jarrulevyt","title":{"rendered":"TRW DF4351 Jarrulevyt"},"content":{"rendered":"<p>Kierremitta: 13,2; Jarrulevytyyppi: Vakiomalli; Ulkol\u00e4pimitta [mm]: 290; Jarrulevyn paksuus (mm): 12; keskitt\u00e4misl\u00e4pimitta [mm]: 68; Korkeus (mm): 35,5; Reikien m\u00e4\u00e4r\u00e4: 5; Reik\u00e4ympyr\u00e4-\u00d8 [mm]: 105; V\u00e4himm\u00e4ispaksuus (mm): 10; V\u00e4ri: Musta; Pinta: Lakattu; Tarkistuskilpi: E1 90R 02 C0190\/523; Asennuspuoli: Hinterachse; CITRO\u00cbN: C5 III Break TD_,C5 III RD_; PEUGEOT: 407 SW 6E_,508 SW,607 9D, 9U,407 6D_,RCZ,508; 424972, 4249C1, E169157, 4246P9, 424972, 4249C1, E169157; Jarrulevy<\/p>\n","protected":false},"excerpt":{"rendered":"<p>TRW Jarrulevyt DF4351 Jarrulevy CITRO\u00cbN,PEUGEOT,C5 III Break TD_,C5 III RD_,407 SW 6E_,508 SW,607 9D, 9U,407 6D_,RCZ,508<\/p>\n","protected":false},"featured_media":0,"template":"","meta":{"site-sidebar-layout":"default","site-content-layout":"default","ast-global-header-display":"","ast-main-header-display":"","ast-hfb-above-header-display":"","ast-hfb-below-header-display":"","ast-hfb-mobile-header-display":"","site-post-title":"","ast-breadcrumbs-content":"","ast-featured-img":"","footer-sml-layout":"","theme-transparent-header-meta":"","adv-header-id-meta":"","stick-header-meta":"","header-above-stick-meta":"","header-main-stick-meta":"","header-below-stick-meta":""},"pwb-brand":[332],"product_cat":[66],"product_tag":[],"class_list":{"0":"post-15289","1":"product","2":"type-product","3":"status-publish","5":"pwb-brand-trw","6":"product_cat-jarrulevyt","7":"desktop-align-left","8":"tablet-align-left","9":"mobile-align-left","11":"first","12":"instock","13":"product-type-external"},"brands":[{"id":332,"name":"TRW","slug":"trw"}],"_links":{"self":[{"href":"https:\/\/www.autonvaraosahaku.fi\/index.php?rest_route=\/wp\/v2\/product\/15289","targetHints":{"allow":["GET"]}}],"collection":[{"href":"https:\/\/www.autonvaraosahaku.fi\/index.php?rest_route=\/wp\/v2\/product"}],"about":[{"href":"https:\/\/www.autonvaraosahaku.fi\/index.php?rest_route=\/wp\/v2\/types\/product"}],"wp:attachment":[{"href":"https:\/\/www.autonvaraosahaku.fi\/index.php?rest_route=%2Fwp%2Fv2%2Fmedia&parent=15289"}],"wp:term":[{"taxonomy":"pwb-brand","embeddable":true,"href":"https:\/\/www.autonvaraosahaku.fi\/index.php?rest_route=%2Fwp%2Fv2%2Fpwb-brand&post=15289"},{"taxonomy":"product_cat","embeddable":true,"href":"https:\/\/www.autonvaraosahaku.fi\/index.php?rest_route=%2Fwp%2Fv2%2Fproduct_cat&post=15289"},{"taxonomy":"product_tag","embeddable":true,"href":"https:\/\/www.autonvaraosahaku.fi\/index.php?rest_route=%2Fwp%2Fv2%2Fproduct_tag&post=15289"}],"curies":[{"name":"wp","href":"https:\/\/api.w.org\/{rel}","templated":true}]}}