{"id":15316,"date":"2021-02-21T14:23:37","date_gmt":"2021-02-21T14:23:37","guid":{"rendered":"https:\/\/www.autonvaraosahaku.fi\/?product=ridex-82b0354-jarrulevyt"},"modified":"2021-02-21T14:23:39","modified_gmt":"2021-02-21T14:23:39","slug":"ridex-82b0354-jarrulevyt","status":"publish","type":"product","link":"https:\/\/www.autonvaraosahaku.fi\/?product=ridex-82b0354-jarrulevyt","title":{"rendered":"RIDEX 82B0354 Jarrulevyt"},"content":{"rendered":"<p>Asennuspuoli: Etuakseli, Vorderachse; Jarrulevytyyppi: Tuuletettu, sis\u00e4; L\u00e4pimitta [mm]: 276; Jarrulevyn paksuus (mm): 26; Reik\u00e4ympyr\u00e4-\u00d8 [mm]: 105; Korvaava tuote\/korvaava tiedote 2: Ilman py\u00f6r\u00e4nnapaa, Ilman py\u00f6r\u00e4nkiinnityspultteja; M\u00e4\u00e4r\u00e4tty kiertosuunta: ; ei sidoksissa kulkusuuntaan: ; V\u00e4himm\u00e4ispaksuus (mm): 23; Korkeus (mm): 45,5; Reik\u00e4kuvio\/-m\u00e4\u00e4r\u00e4: 05\/06; keskitt\u00e4misl\u00e4pimitta [mm]: 60; Paino [kg]: 7; Sis\u00e4l\u00e4pimitta [mm]: 139,0; Reik\u00e4-\u00d8 [mm]: 14,3; OPEL: ASTRA J Sports Tourer,ASTRA J,ASTRA GTC J,ASTRA J Stufenheck,ASTRA CLASSIC L48; CHEVROLET: CRUZE J300,CRUZE Station Wagon J308,AVEO Schr\u00e4gheck T300,CRUZE Schr\u00e4gheck J305,AVEO Stufenheck T300; VAUXHALL: ASTRA Mk VI J CC,ASTRA Mk VI J,ASTRA Mk VI J Sedan,ASTRA Mk VI J Estate,ASTRAVAN Mk V H; 13502824, 13502044, 13502045, 509069, 569069, 569073, 13502044, 13502045, 509069; Jarrulevy<\/p>\n","protected":false},"excerpt":{"rendered":"<p>RIDEX Jarrulevyt 82B0354 Jarrulevy OPEL,CHEVROLET,VAUXHALL,ASTRA J Sports Tourer,ASTRA J,ASTRA GTC J,ASTRA J Stufenheck,ASTRA CLASSIC L48,CRUZE J300<\/p>\n","protected":false},"featured_media":0,"template":"","meta":{"site-sidebar-layout":"default","site-content-layout":"default","ast-global-header-display":"","ast-main-header-display":"","ast-hfb-above-header-display":"","ast-hfb-below-header-display":"","ast-hfb-mobile-header-display":"","site-post-title":"","ast-breadcrumbs-content":"","ast-featured-img":"","footer-sml-layout":"","theme-transparent-header-meta":"","adv-header-id-meta":"","stick-header-meta":"","header-above-stick-meta":"","header-main-stick-meta":"","header-below-stick-meta":""},"pwb-brand":[157],"product_cat":[66],"product_tag":[],"class_list":{"0":"post-15316","1":"product","2":"type-product","3":"status-publish","5":"pwb-brand-ridex","6":"product_cat-jarrulevyt","7":"desktop-align-left","8":"tablet-align-left","9":"mobile-align-left","11":"first","12":"instock","13":"product-type-external"},"brands":[{"id":157,"name":"RIDEX","slug":"ridex"}],"_links":{"self":[{"href":"https:\/\/www.autonvaraosahaku.fi\/index.php?rest_route=\/wp\/v2\/product\/15316","targetHints":{"allow":["GET"]}}],"collection":[{"href":"https:\/\/www.autonvaraosahaku.fi\/index.php?rest_route=\/wp\/v2\/product"}],"about":[{"href":"https:\/\/www.autonvaraosahaku.fi\/index.php?rest_route=\/wp\/v2\/types\/product"}],"wp:attachment":[{"href":"https:\/\/www.autonvaraosahaku.fi\/index.php?rest_route=%2Fwp%2Fv2%2Fmedia&parent=15316"}],"wp:term":[{"taxonomy":"pwb-brand","embeddable":true,"href":"https:\/\/www.autonvaraosahaku.fi\/index.php?rest_route=%2Fwp%2Fv2%2Fpwb-brand&post=15316"},{"taxonomy":"product_cat","embeddable":true,"href":"https:\/\/www.autonvaraosahaku.fi\/index.php?rest_route=%2Fwp%2Fv2%2Fproduct_cat&post=15316"},{"taxonomy":"product_tag","embeddable":true,"href":"https:\/\/www.autonvaraosahaku.fi\/index.php?rest_route=%2Fwp%2Fv2%2Fproduct_tag&post=15316"}],"curies":[{"name":"wp","href":"https:\/\/api.w.org\/{rel}","templated":true}]}}