{"id":15323,"date":"2021-02-21T14:23:40","date_gmt":"2021-02-21T14:23:40","guid":{"rendered":"https:\/\/www.autonvaraosahaku.fi\/?product=topran-102-673-muut-luokat"},"modified":"2021-02-21T14:23:41","modified_gmt":"2021-02-21T14:23:41","slug":"topran-102-673-muut-luokat","status":"publish","type":"product","link":"https:\/\/www.autonvaraosahaku.fi\/?product=topran-102-673-muut-luokat","title":{"rendered":"TOPRAN 102 673 Muut luokat"},"content":{"rendered":"<p>K\u00e4ytt\u00f6: Mekaaninen; Asennuspuoli: Ulompi; Alustanumerosta: 8252000099; VW: LUPO 6X1, 6E1,GOLF III 1H1,POLO 6N2,POLO 6N1,GOLF II 19E, 1G1,PASSAT Variant 3A5, 35I,GOLF III Variant 1H5,POLO 86C, 80,POLO Coupe 86C, 80,PASSAT 3A2, 35I,POLO CLASSIC 6KV2,VENTO 1H2,GOLF I 17,JETTA II 19E, 1G2, 165,PASSAT 32B,POLO 86,JETTA I 16,PASSAT Variant 33; AUDI: 80 81, 85, B2,80 80, 82, B1,90 81, 85, B2; SEAT: AROSA 6H,IBIZA II 6K1,CORDOBA 6K1, 6K2,TOLEDO I 1L; 171881213B, 171881213B, 171881213B; S\u00e4\u00e4t\u00f6elementti, Istuimen S\u00e4\u00e4t\u00f6<\/p>\n","protected":false},"excerpt":{"rendered":"<p>TOPRAN Istuimen S\u00e4\u00e4t\u00f6 102 673 S\u00e4\u00e4t\u00f6elementti, Istuimen S\u00e4\u00e4t\u00f6 VW,AUDI,SEAT,LUPO 6X1, 6E1,GOLF III 1H1,POLO 6N2,POLO 6N1,GOLF II 19E, 1G1<\/p>\n","protected":false},"featured_media":0,"template":"","meta":{"site-sidebar-layout":"default","site-content-layout":"default","ast-global-header-display":"","ast-main-header-display":"","ast-hfb-above-header-display":"","ast-hfb-below-header-display":"","ast-hfb-mobile-header-display":"","site-post-title":"","ast-breadcrumbs-content":"","ast-featured-img":"","footer-sml-layout":"","theme-transparent-header-meta":"","adv-header-id-meta":"","stick-header-meta":"","header-above-stick-meta":"","header-main-stick-meta":"","header-below-stick-meta":""},"pwb-brand":[18],"product_cat":[37],"product_tag":[],"class_list":{"0":"post-15323","1":"product","2":"type-product","3":"status-publish","5":"pwb-brand-topran","6":"product_cat-muut-luokat","7":"desktop-align-left","8":"tablet-align-left","9":"mobile-align-left","11":"first","12":"instock","13":"product-type-external"},"brands":[{"id":18,"name":"TOPRAN","slug":"topran"}],"_links":{"self":[{"href":"https:\/\/www.autonvaraosahaku.fi\/index.php?rest_route=\/wp\/v2\/product\/15323","targetHints":{"allow":["GET"]}}],"collection":[{"href":"https:\/\/www.autonvaraosahaku.fi\/index.php?rest_route=\/wp\/v2\/product"}],"about":[{"href":"https:\/\/www.autonvaraosahaku.fi\/index.php?rest_route=\/wp\/v2\/types\/product"}],"wp:attachment":[{"href":"https:\/\/www.autonvaraosahaku.fi\/index.php?rest_route=%2Fwp%2Fv2%2Fmedia&parent=15323"}],"wp:term":[{"taxonomy":"pwb-brand","embeddable":true,"href":"https:\/\/www.autonvaraosahaku.fi\/index.php?rest_route=%2Fwp%2Fv2%2Fpwb-brand&post=15323"},{"taxonomy":"product_cat","embeddable":true,"href":"https:\/\/www.autonvaraosahaku.fi\/index.php?rest_route=%2Fwp%2Fv2%2Fproduct_cat&post=15323"},{"taxonomy":"product_tag","embeddable":true,"href":"https:\/\/www.autonvaraosahaku.fi\/index.php?rest_route=%2Fwp%2Fv2%2Fproduct_tag&post=15323"}],"curies":[{"name":"wp","href":"https:\/\/api.w.org\/{rel}","templated":true}]}}