{"id":15330,"date":"2021-02-21T14:23:40","date_gmt":"2021-02-21T14:23:40","guid":{"rendered":"https:\/\/www.autonvaraosahaku.fi\/?product=hella-8ga-002-073-241-lamput-hehkulamppu"},"modified":"2021-02-21T14:23:42","modified_gmt":"2021-02-21T14:23:42","slug":"hella-8ga-002-073-241-lamput-hehkulamppu","status":"publish","type":"product","link":"https:\/\/www.autonvaraosahaku.fi\/?product=hella-8ga-002-073-241-lamput-hehkulamppu","title":{"rendered":"HELLA 8GA 002 073-241 Lamput (hehkulamppu)"},"content":{"rendered":"<p>Lamppumalli: P21W; J\u00e4nnite (V): 24; Nimellisteho (W): 21; M\u00e4\u00e4r\u00e4: 10; Tarkistuskilpi: E1; Kantamalli: BAY15s; Asennuspuoli: Edess\u00e4 ja takana; Pakkaustyyppi: Laatikko; Erikoisajoneuvo: f\u00fcr Sonderfahrzeuge; VW: L 80; MERCEDES-BENZ: T1 Pritsche\/Fahrgestell 602,T2\/LN1 Kasten\/Kombi,VARIO Kasten\/Kombi,VARIO Pritsche\/Fahrgestell,T1\/TN Pritsche\/Fahrgestell,VARIO Kipper,T2\/LN1 Pritsche\/Fahrgestell,T1\/TN Kasten\/Kombi,VARIO Bus,T2\/LN1 Kipper,T2\/LN1 Bus,VARIO Triebkopf,T2\/LN1 Triebkopf,ACTROS,ACTROS MP2 \/ MP3,ACTROS MP4 \/ MP5,ANTOS,AROCS,ATEGO,ATEGO 2,ATEGO 3,AXOR,AXOR 2,CITARO (O 530),CITO (O 520),CONECTO (O 345),ECONIC,ECONIC 2,INTEGRO (O 550),LK\/LN2,LP,MB-TRAC,MK,NG,O 100,O 302,O 303,O 304,O 305,O 307,O 330,O 340,O 402,O 403,O 404,O 405,O 407,O 408,SK,T2\/L,TOURINO (O 510),TOURISMO (O 350),TRAVEGO (O 580),UNIMOG,ZETROS; VOLVO: 9700,B12,B7,F10,F12,F16,F4,F6,FE,FE II,FH II,FH12,FH16,FH16 II,FL,FL II,FL III,FL10,FL12,FL4,FL6,FL7,FLC,FM,FM10,FM12,FM7,FM9,FMX,FMX II,FS7,N10,N7,NH12; IVECO: EUROCARGO I-III,EuroCargo V,EUROSTAR,EUROTECH MH,EUROTECH MP,EUROTECH MT,EUROTRAKKER,MK,P\/PA-Haubenfahrzeuge,STRALIS,STRATOR,TECTOR,TRAKKER,TURBOTECH; STEYR: 1291-Serie,1491-Serie,791-Serie,891-Serie,991-Serie; SETRA: Series 300,Series 400; SCANIA: 2 &#8211; series,3 &#8211; series,3 &#8211; series bus,4 &#8211; series,L,P,G,R,S &#8211; series,P,G,R,T &#8211; series; RENAULT TRUCKS: AGORA,C,D,K,KERAX,MAGNUM,MANAGER,MAXITY,MAXTER,MIDLINER,MIDLUM,PREMIUM,PREMIUM 2,T; NEOPLAN: Centroliner,Cityliner,Euroliner,Jetliner,Skyliner,Spaceliner,Starliner,Tourliner,Transliner; MAN: CLA,EL,EM,F2000,F9,F90,F90 Unterflur,G,G90,L2000,LION\u00b4S CITY,LION\u00b4S COACH,LION\u00b4S COMFORT,LION\u00b4S STAR,M 2000 L,M 2000 M,M90,NG,NL,NM,N\u00dc,SG,SL,SL II,S\u00dc,TGA,TGL,TGM,\u00dcL; KDWHLO9590, 0176043, 1354872, 5003097033, 503134849, 503292244, 5801265365, 100271272, 151002600, 81259010016, 81259010075, T1381, ZF259010021, 1400006002, A1400006002, 56617FSH9671, 14210460, 70508337, 945091, 967708, 992521, KDWHLO9590<\/p>\n","protected":false},"excerpt":{"rendered":"<p>HELLA Polttimo, Vilkkuvalo HEAVY DUTY 8GA 002 073-241  VW,MERCEDES-BENZ,VOLVO,L 80,T1 Pritsche\/Fahrgestell 602,T2\/LN1 Kasten\/Kombi,VARIO Kasten\/Kombi<\/p>\n","protected":false},"featured_media":0,"template":"","meta":{"site-sidebar-layout":"default","site-content-layout":"default","ast-global-header-display":"","ast-main-header-display":"","ast-hfb-above-header-display":"","ast-hfb-below-header-display":"","ast-hfb-mobile-header-display":"","site-post-title":"","ast-breadcrumbs-content":"","ast-featured-img":"","footer-sml-layout":"","theme-transparent-header-meta":"","adv-header-id-meta":"","stick-header-meta":"","header-above-stick-meta":"","header-main-stick-meta":"","header-below-stick-meta":""},"pwb-brand":[24],"product_cat":[151],"product_tag":[],"class_list":{"0":"post-15330","1":"product","2":"type-product","3":"status-publish","5":"pwb-brand-hella","6":"product_cat-lamput-hehkulamppu","7":"desktop-align-left","8":"tablet-align-left","9":"mobile-align-left","11":"first","12":"instock","13":"product-type-external"},"brands":[{"id":24,"name":"HELLA","slug":"hella"}],"_links":{"self":[{"href":"https:\/\/www.autonvaraosahaku.fi\/index.php?rest_route=\/wp\/v2\/product\/15330","targetHints":{"allow":["GET"]}}],"collection":[{"href":"https:\/\/www.autonvaraosahaku.fi\/index.php?rest_route=\/wp\/v2\/product"}],"about":[{"href":"https:\/\/www.autonvaraosahaku.fi\/index.php?rest_route=\/wp\/v2\/types\/product"}],"wp:attachment":[{"href":"https:\/\/www.autonvaraosahaku.fi\/index.php?rest_route=%2Fwp%2Fv2%2Fmedia&parent=15330"}],"wp:term":[{"taxonomy":"pwb-brand","embeddable":true,"href":"https:\/\/www.autonvaraosahaku.fi\/index.php?rest_route=%2Fwp%2Fv2%2Fpwb-brand&post=15330"},{"taxonomy":"product_cat","embeddable":true,"href":"https:\/\/www.autonvaraosahaku.fi\/index.php?rest_route=%2Fwp%2Fv2%2Fproduct_cat&post=15330"},{"taxonomy":"product_tag","embeddable":true,"href":"https:\/\/www.autonvaraosahaku.fi\/index.php?rest_route=%2Fwp%2Fv2%2Fproduct_tag&post=15330"}],"curies":[{"name":"wp","href":"https:\/\/api.w.org\/{rel}","templated":true}]}}