{"id":15369,"date":"2021-02-21T14:23:48","date_gmt":"2021-02-21T14:23:48","guid":{"rendered":"https:\/\/www.autonvaraosahaku.fi\/?product=febi-bilstein-13427-sytytystulpat"},"modified":"2021-02-21T14:23:49","modified_gmt":"2021-02-21T14:23:49","slug":"febi-bilstein-13427-sytytystulpat","status":"publish","type":"product","link":"https:\/\/www.autonvaraosahaku.fi\/?product=febi-bilstein-13427-sytytystulpat","title":{"rendered":"FEBI BILSTEIN 13427 Sytytystulpat"},"content":{"rendered":"<p>Ulkokierre [mm]: M14 x 1,25; Kierteen pituus (mm): 19; Avainv\u00e4li: 16; K\u00e4rkiv\u00e4li (mm): 1,1; Sytytystulppa: suoralla istukalla, 1-maaelektroodi; Paino [kg]: 0,22, 0,22; Moottorinumero: R2A; MAZDA: MX-5 II NB,323 F VI BJ,MX-5 I NA,DEMIO DW,323 P V BA,626 IV Hatchback GE,MX-3 EC,FAMILIA VI BJ,XEDOS 6 CA,323 C IV BG,FAMILIA IV BF,XEDOS 9 TA,626 IV GE,FAMILIA V BA,FAMILIA V BG8,323 III Hatchback BF,121 II DB,MX-6 GE,626 III GD,FAMILIA IV BG,626 III Hatchback GD,626 III Coupe GD,E-SERIE Kasten SR2,626 III Station Wagon GV,323 III BF,MPV I LV,323 III Station Wagon BW; NISSAN: MICRA III K12,MICRA II K11,PRIMERA P11,PRIMERA Hatchback P11,ALMERA I Hatchback N15,PICK UP D22,NAVARA D22,200 SX S13,300 ZX Z32,300 ZX Z31,SUNNY II Coupe B12,SUNNY III N14,PULSAR V Schr\u00e4gheck N14,SUNNY III Liftback N14,SUNNY II Hatchback N13,BLUEBIRD T72 , T12,LAUREL JC32,SUNNY III Traveller Y10,BLUEBIRD Hatchback T72, T12,MAXIMA II J30,SUNNY II N13,BLUEBIRD Station Wagon WU11,PRAIRIE PRO M11,BLUEBIRD U11,PRAIRIE M10, NM10,SUNNY Kasten Y10; KIA: CEE&#8217;D SW ED,CEE&#8217;D Schr\u00e4gheck ED,SPORTAGE JE_, KM_,CARENS II FJ,RIO II JB,PRO CEE&#8217;D ED,CERATO LD,CERATO Stufenheck LD,RIO II Stufenheck JB,RIO Stufenheck DC_,RETONA CE,SHUMA FB,CLARUS K9A,CLARUS Kombi GC,SEPHIA Stufenheck FA,SEPHIA FB; FORD USA: PROBE II ECP; HYUNDAI: ACCENT II LC,COUPE RD,ACCENT I X-3,ACCENT II Stufenheck LC,LANTRA II Wagon J-2,LANTRA II J-2,ACCENT Stufenheck X-3; SUZUKI: GRAND VITARA I FT,WAGON R+ MM,VITARA ET, TA,LIANA Schr\u00e4gheck,LIANA ER,BALENO Kombi EG,BALENO EG,BALENO Schr\u00e4gheck EG,GRAND VITARA I Cabriolet GT; OPEL: MONTEREY A UBS_; FORD: FIESTA III GFJ,ESCORT VII GAL, AAL, ABL,SIERRA GBG, GB4,ESCORT VII Kombi GAL, ANL,ESCORT VII Cabriolet ALL,ESCORT VI Cabriolet ALL,ESCORT VI GAL,SIERRA Schr\u00e4gheck GBC, GBG,ESCORT V Cabriolet ALL,TRANSIT Bus MK-4 E_ _,ESCORT &#8217;95 Express AVL,ESCORT V GAL,ESCORT VII Stufenheck GAL, AFL,SIERRA Kombi BNG,ESCORT VI Kombi GAL,ESCORT VI Stufenheck GAL,ESCORT V Kombi GAL, AVL,ESCORT &#8217;91 Express AVL,ORION III GAL; TOYOTA: AVENSIS Kombi T25,AVENSIS T25_,AVENSIS Stufenheck T25,AVENSIS Station Wagon _T22_,RAV 4 I SXA1_,AVENSIS Liftback _T22_,PICNIC _XM10,AVENSIS VERSO _CLM2_, _ACM2_,CARINA E _T19_,CELICA ST20_, AT20_,CARINA E Stufenheck _T19_,CARINA E Sportswagon _T19_,RAV 4 \u00a0 SXA1_,CAMRY _CV2_, _XV2_,COROLLA Liftback _E9_,CARINA II _T17_,CAMRY _CV1_, _XV1_, _V1_,CARINA II Stufenheck _T17_,CAMRY Station Wagon _XV1_, _CV1_, _V10,CAMRY Station Wagon _CV2_, _XV2_,COROLLA Coupe _E9_; MITSUBISHI: SPACE STAR DG_A,CARISMA DA_,COLT V CJ_, CP_,PAJERO PININ H6_W, H7_W,CARISMA Stufenheck DA_,GALANT VI Station Wagon EA_,GALANT VI EA_,PAJERO II V3_W, V2_W, V4_W,COLT IV CA_A,SPACE RUNNER N1_W, N2_W,LANCER VI CJ-CP_,3000 GT Z16A,SIGMA F2_A, F1_A,LANCER V Station Wagon CB_W, CD_W,LANCER V CB\/D_A,SPACE WAGON N3_W, N4_W,LANCER IV C6_A, C7_A,GALANT V Stufenheck E5_A, E7_A, E8_A,GALANT V E5_A, E7_A, E8_A,PAJERO II Canvas Top V2_W, V4_W,L 400 Kasten PD_W, PC_W, PB_V, PA_W, PA_V; 88SF2405EA, 1881411051, 0K01318110, 0K01C18110, 0K20318110, oK01318110, oK01C18110, oK20318110, BP0118110, BP1318110, MD310294, MS851728L, 2240150Y05, 22401V5016, 01214009, 091149455, 1214009, 91149455, 22401AA310, 0948200494, 9004851158, 9009870047; Tulpat,Sytytystulppa<\/p>\n","protected":false},"excerpt":{"rendered":"<p>FEBI BILSTEIN Sytytystulpat 13427 Tulpat,Sytytystulppa MAZDA,NISSAN,KIA,MX-5 II NB,323 F VI BJ,MX-5 I NA,DEMIO DW,323 P V BA,626 IV Hatchback GE<\/p>\n","protected":false},"featured_media":0,"template":"","meta":{"site-sidebar-layout":"default","site-content-layout":"default","ast-global-header-display":"","ast-main-header-display":"","ast-hfb-above-header-display":"","ast-hfb-below-header-display":"","ast-hfb-mobile-header-display":"","site-post-title":"","ast-breadcrumbs-content":"","ast-featured-img":"","footer-sml-layout":"","theme-transparent-header-meta":"","adv-header-id-meta":"","stick-header-meta":"","header-above-stick-meta":"","header-main-stick-meta":"","header-below-stick-meta":""},"pwb-brand":[50],"product_cat":[165],"product_tag":[],"class_list":{"0":"post-15369","1":"product","2":"type-product","3":"status-publish","5":"pwb-brand-febi-bilstein","6":"product_cat-sytytystulpat","7":"desktop-align-left","8":"tablet-align-left","9":"mobile-align-left","11":"first","12":"instock","13":"product-type-external"},"brands":[{"id":50,"name":"FEBI BILSTEIN","slug":"febi-bilstein"}],"_links":{"self":[{"href":"https:\/\/www.autonvaraosahaku.fi\/index.php?rest_route=\/wp\/v2\/product\/15369","targetHints":{"allow":["GET"]}}],"collection":[{"href":"https:\/\/www.autonvaraosahaku.fi\/index.php?rest_route=\/wp\/v2\/product"}],"about":[{"href":"https:\/\/www.autonvaraosahaku.fi\/index.php?rest_route=\/wp\/v2\/types\/product"}],"wp:attachment":[{"href":"https:\/\/www.autonvaraosahaku.fi\/index.php?rest_route=%2Fwp%2Fv2%2Fmedia&parent=15369"}],"wp:term":[{"taxonomy":"pwb-brand","embeddable":true,"href":"https:\/\/www.autonvaraosahaku.fi\/index.php?rest_route=%2Fwp%2Fv2%2Fpwb-brand&post=15369"},{"taxonomy":"product_cat","embeddable":true,"href":"https:\/\/www.autonvaraosahaku.fi\/index.php?rest_route=%2Fwp%2Fv2%2Fproduct_cat&post=15369"},{"taxonomy":"product_tag","embeddable":true,"href":"https:\/\/www.autonvaraosahaku.fi\/index.php?rest_route=%2Fwp%2Fv2%2Fproduct_tag&post=15369"}],"curies":[{"name":"wp","href":"https:\/\/api.w.org\/{rel}","templated":true}]}}