{"id":15371,"date":"2021-02-21T14:23:48","date_gmt":"2021-02-21T14:23:48","guid":{"rendered":"https:\/\/www.autonvaraosahaku.fi\/?product=trw-jgm1123t-iskunvaimennin"},"modified":"2021-02-21T14:23:50","modified_gmt":"2021-02-21T14:23:50","slug":"trw-jgm1123t-iskunvaimennin","status":"publish","type":"product","link":"https:\/\/www.autonvaraosahaku.fi\/?product=trw-jgm1123t-iskunvaimennin","title":{"rendered":"TRW JGM1123T Iskunvaimennin"},"content":{"rendered":"<p>Lukum\u00e4\u00e4r\u00e4 akselille: 1; Asennuspuoli: Etuakseli; Iskunvaimennin tyyppi: Kaasupaine; Iskunvaimennin malli: Joustintuki; Iskunvaimennusj\u00e4rjestelm\u00e4: Kaksiputki; Iskunvaimennin asennustapa: Tappi ylh\u00e4\u00e4ll\u00e4; Pituus 1 (mm): 451; Pituus 2 (mm): 357; L\u00e4pimitta [mm]: 52; Jousijalan l\u00e4pimitta [mm]: 22; Kierremitta: M12x1.5; Huomioi tekniset tiedot: ; Tuotelinja: TWIN; Alustarakenne: f\u00fcr Fahrzeuge mit Sportfahrwerk; BMW: 3 Touring E91,3 E90,3 Coupe E92,3 Cabriolet E93; 31306771179, 31306771180, 31306777095, 31306777096, 31316767327, 31316767328, 31316767329, 31316767330, 31316768215, 31316768216, 31316768223, 31316768224, 31316771179, 31316771180, 31316771727, 31316771728, 31316772919, 31316772920, 31316772923, 31316772924, 31316780079, 31316780080, 31316782331, 31316782332, 31316782757, 31316782758, 31316782759, 31316782760, 31316784975, 31316784976, 31316785591, 31316785592, 31316785595, 31316785596, 31316786003, 31316786004, 31316786007, 31316786008, 31316786011, 31316786012, 31316786015, 31316786016, 31316786385, 31316786386, 31316786387, 31316786388, 6767327, 6767328, 6767329, 6767330, 6768215, 6768216, 6768223, 6768224, 6771179, 6771180, 6771727, 6771728, 6772919, 6772920, 6772923, 6772924, 6777095, 6777096, 6780079, 6780080, 6782331, 6782332, 6782757, 6782758, 6782759, 6782760, 6784975, 6784976, 6785591, 6785592, 6785595, 6785596, 6786003, 6786004, 6786007, 6786008, 6786011, 6786012, 6786015, 6786016, 6786385, 6786386, 6786387, 6786388; Iskarit,Iskunvaimennin<\/p>\n","protected":false},"excerpt":{"rendered":"<p>TRW Iskunvaimentimet JGM1123T Iskarit,Iskunvaimennin BMW,3 Touring E91,3 E90,3 Coupe E92,3 Cabriolet E93<\/p>\n","protected":false},"featured_media":0,"template":"","meta":{"site-sidebar-layout":"default","site-content-layout":"default","ast-global-header-display":"","ast-main-header-display":"","ast-hfb-above-header-display":"","ast-hfb-below-header-display":"","ast-hfb-mobile-header-display":"","site-post-title":"","ast-breadcrumbs-content":"","ast-featured-img":"","footer-sml-layout":"","theme-transparent-header-meta":"","adv-header-id-meta":"","stick-header-meta":"","header-above-stick-meta":"","header-main-stick-meta":"","header-below-stick-meta":""},"pwb-brand":[332],"product_cat":[80],"product_tag":[],"class_list":{"0":"post-15371","1":"product","2":"type-product","3":"status-publish","5":"pwb-brand-trw","6":"product_cat-iskunvaimennin","7":"desktop-align-left","8":"tablet-align-left","9":"mobile-align-left","11":"first","12":"instock","13":"product-type-external"},"brands":[{"id":332,"name":"TRW","slug":"trw"}],"_links":{"self":[{"href":"https:\/\/www.autonvaraosahaku.fi\/index.php?rest_route=\/wp\/v2\/product\/15371","targetHints":{"allow":["GET"]}}],"collection":[{"href":"https:\/\/www.autonvaraosahaku.fi\/index.php?rest_route=\/wp\/v2\/product"}],"about":[{"href":"https:\/\/www.autonvaraosahaku.fi\/index.php?rest_route=\/wp\/v2\/types\/product"}],"wp:attachment":[{"href":"https:\/\/www.autonvaraosahaku.fi\/index.php?rest_route=%2Fwp%2Fv2%2Fmedia&parent=15371"}],"wp:term":[{"taxonomy":"pwb-brand","embeddable":true,"href":"https:\/\/www.autonvaraosahaku.fi\/index.php?rest_route=%2Fwp%2Fv2%2Fpwb-brand&post=15371"},{"taxonomy":"product_cat","embeddable":true,"href":"https:\/\/www.autonvaraosahaku.fi\/index.php?rest_route=%2Fwp%2Fv2%2Fproduct_cat&post=15371"},{"taxonomy":"product_tag","embeddable":true,"href":"https:\/\/www.autonvaraosahaku.fi\/index.php?rest_route=%2Fwp%2Fv2%2Fproduct_tag&post=15371"}],"curies":[{"name":"wp","href":"https:\/\/api.w.org\/{rel}","templated":true}]}}