{"id":15377,"date":"2021-02-21T14:23:48","date_gmt":"2021-02-21T14:23:48","guid":{"rendered":"https:\/\/www.autonvaraosahaku.fi\/?product=ridex-82b0138-jarrulevyt"},"modified":"2021-02-21T14:23:50","modified_gmt":"2021-02-21T14:23:50","slug":"ridex-82b0138-jarrulevyt","status":"publish","type":"product","link":"https:\/\/www.autonvaraosahaku.fi\/?product=ridex-82b0138-jarrulevyt","title":{"rendered":"RIDEX 82B0138 Jarrulevyt"},"content":{"rendered":"<p>Asennuspuoli: Taka-akseli, Hinterachse; Jarrulevytyyppi: Vakiomalli; L\u00e4pimitta [mm]: 286; Jarrulevyn paksuus (mm): 9,9; Reik\u00e4ympyr\u00e4-\u00d8 [mm]: 110; Korvaava tuote\/korvaava tiedote 2: Ilman py\u00f6r\u00e4nnapaa, Ilman py\u00f6r\u00e4nkiinnityspultteja; M\u00e4\u00e4r\u00e4tty kiertosuunta: ; ei sidoksissa kulkusuuntaan: ; V\u00e4himm\u00e4ispaksuus (mm): 8; Korkeus (mm): 69,3; Reik\u00e4kuvio\/-m\u00e4\u00e4r\u00e4: 05\/07; keskitt\u00e4misl\u00e4pimitta [mm]: 65,5; Sis\u00e4l\u00e4pimitta [mm]: 160,1; Paino [kg]: 4,8; Reik\u00e4-\u00d8 [mm]: 14; SAAB: 9-5 Kombi YS3E,9-3 YS3D,9-5 YS3E,9-3 Cabriolet YS3D,900 II Cabriolet,900 II,900 II Coupe; OPEL: VECTRA B 36_,VECTRA B Caravan 31_,VECTRA B CC 38_; VAUXHALL: VECTRA B CC,VECTRA B Estate,VECTRA B; 0569118, 5391578, 569118, 569210, 93182293, 4565693, 4837027, 4839015, 4839338, 5024260, 5084751, 5391578, 5391578, 90512910; Jarrulevy<\/p>\n","protected":false},"excerpt":{"rendered":"<p>RIDEX Jarrulevyt 82B0138 Jarrulevy SAAB,OPEL,VAUXHALL,9-5 Kombi YS3E,9-3 YS3D,9-5 YS3E,9-3 Cabriolet YS3D,900 II Cabriolet,900 II,900 II Coupe<\/p>\n","protected":false},"featured_media":0,"template":"","meta":{"site-sidebar-layout":"default","site-content-layout":"default","ast-global-header-display":"","ast-main-header-display":"","ast-hfb-above-header-display":"","ast-hfb-below-header-display":"","ast-hfb-mobile-header-display":"","site-post-title":"","ast-breadcrumbs-content":"","ast-featured-img":"","footer-sml-layout":"","theme-transparent-header-meta":"","adv-header-id-meta":"","stick-header-meta":"","header-above-stick-meta":"","header-main-stick-meta":"","header-below-stick-meta":""},"pwb-brand":[157],"product_cat":[66],"product_tag":[],"class_list":{"0":"post-15377","1":"product","2":"type-product","3":"status-publish","5":"pwb-brand-ridex","6":"product_cat-jarrulevyt","7":"desktop-align-left","8":"tablet-align-left","9":"mobile-align-left","11":"first","12":"instock","13":"product-type-external"},"brands":[{"id":157,"name":"RIDEX","slug":"ridex"}],"_links":{"self":[{"href":"https:\/\/www.autonvaraosahaku.fi\/index.php?rest_route=\/wp\/v2\/product\/15377","targetHints":{"allow":["GET"]}}],"collection":[{"href":"https:\/\/www.autonvaraosahaku.fi\/index.php?rest_route=\/wp\/v2\/product"}],"about":[{"href":"https:\/\/www.autonvaraosahaku.fi\/index.php?rest_route=\/wp\/v2\/types\/product"}],"wp:attachment":[{"href":"https:\/\/www.autonvaraosahaku.fi\/index.php?rest_route=%2Fwp%2Fv2%2Fmedia&parent=15377"}],"wp:term":[{"taxonomy":"pwb-brand","embeddable":true,"href":"https:\/\/www.autonvaraosahaku.fi\/index.php?rest_route=%2Fwp%2Fv2%2Fpwb-brand&post=15377"},{"taxonomy":"product_cat","embeddable":true,"href":"https:\/\/www.autonvaraosahaku.fi\/index.php?rest_route=%2Fwp%2Fv2%2Fproduct_cat&post=15377"},{"taxonomy":"product_tag","embeddable":true,"href":"https:\/\/www.autonvaraosahaku.fi\/index.php?rest_route=%2Fwp%2Fv2%2Fproduct_tag&post=15377"}],"curies":[{"name":"wp","href":"https:\/\/api.w.org\/{rel}","templated":true}]}}