{"id":15400,"date":"2021-02-21T14:23:56","date_gmt":"2021-02-21T14:23:56","guid":{"rendered":"https:\/\/www.autonvaraosahaku.fi\/?product=hengst-filter-h104wk-polttoainesuodatin"},"modified":"2021-02-21T14:23:56","modified_gmt":"2021-02-21T14:23:56","slug":"hengst-filter-h104wk-polttoainesuodatin","status":"publish","type":"product","link":"https:\/\/www.autonvaraosahaku.fi\/?product=hengst-filter-h104wk-polttoainesuodatin","title":{"rendered":"HENGST FILTER H104WK Polttoainesuodatin"},"content":{"rendered":"<p>Suodatintyyppi: Letkusuodatin; Ulkol\u00e4pimitta [mm]: 35,5; Kokonaispituus (mm): 136,0; Polttoainej\u00e4rjestelm\u00e4: Vergaser; VW: TRANSPORTER IV Bus 70XB, 70XC, 7DB, 7DW,GOLF II 19E, 1G1,PASSAT Variant 3A5, 35I,GOLF I Cabriolet 155,TRANSPORTER III Bus,POLO 86C, 80,KAEFER,POLO Coupe 86C, 80,PASSAT 3A2, 35I,TRANSPORTER IV Pritsche\/Fahrgestell 70XD,SCIROCCO 53B,LT 28-35 I Kasten 281-363,GOLF I 17,LT 28-35 I Bus 281-363,CADDY I 14,JETTA II 19E, 1G2, 165,KAEFER Cabriolet 15,PASSAT Variant 32B,TRANSPORTER III Kasten,POLO CLASSIC 86C, 80,TRANSPORTER II Bus,LT 28-35 I Pritsche\/Fahrgestell 281-363,TRANSPORTER III Pritsche\/Fahrgestell,PASSAT 32B,LT 40-55 I Pritsche\/Fahrgestell 293-909,POLO 86,411412,SCIROCCO 53,1500,1600 Variant 36,ILTIS 183,JETTA I 16,1500,1600 31,DERBY 86C, 80,POLO Kasten 86CF,PASSAT 32,LT 40-55 I Kasten 291-512,DERBY 86,KARMANN GHIA Coupe 14, 34,1500,1600 Schr\u00e4gheck 31,PASSAT Stufenheck 32B,TRANSPORTER II Kasten,PASSAT Variant 33,SANTANA 32B,KARMANN GHIA Cabriolet 14, 34,TRANSPORTER II Pritsche\/Fahrgestell; AUDI: 80 89, 89Q, 8A, B3,100 44, 44Q, C3,80 81, 85, B2,100 Avant 44, 44Q, C3,COUPE 81, 85,80 80, 82, B1,100 C1,100 Coupe C1,100 43, C2,50 86,100 Avant 43, C2,SUPER 90; LADA: NIVA 2121; SKODA: FAVORIT 781,FAVORIT Forman 785,FAVORIT Pick-up 787; SEAT: IBIZA II 6K1,TOLEDO I 1L; LANCIA: Y10 156; FORD: TRANSIT Bus V_ _,TRANSIT Kasten V_ _,TRANSIT Pritsche\/Fahrgestell V_ _; RENAULT: RAPID Kasten F40_, G40_,CLIO III Kasten SB_, SR_,TRAFIC Kasten T1, T3, T4,TRAFIC Bus T5, T6, T7,17,15 130_; AUTOBIANCHI: Y10; NSU: RO 80; 16400E3000, 7284417, 38840E<\/p>\n","protected":false},"excerpt":{"rendered":"<p>HENGST FILTER Polttoainesuodatin H104WK  VW,AUDI,LADA,TRANSPORTER IV Bus 70XB, 70XC, 7DB, 7DW,GOLF II 19E, 1G1,PASSAT Variant 3A5, 35I<\/p>\n","protected":false},"featured_media":0,"template":"","meta":{"site-sidebar-layout":"default","site-content-layout":"default","ast-global-header-display":"","ast-main-header-display":"","ast-hfb-above-header-display":"","ast-hfb-below-header-display":"","ast-hfb-mobile-header-display":"","site-post-title":"","ast-breadcrumbs-content":"","ast-featured-img":"","footer-sml-layout":"","theme-transparent-header-meta":"","adv-header-id-meta":"","stick-header-meta":"","header-above-stick-meta":"","header-main-stick-meta":"","header-below-stick-meta":""},"pwb-brand":[336],"product_cat":[29],"product_tag":[],"class_list":{"0":"post-15400","1":"product","2":"type-product","3":"status-publish","5":"pwb-brand-hengst-filter","6":"product_cat-polttoainesuodatin","7":"desktop-align-left","8":"tablet-align-left","9":"mobile-align-left","11":"first","12":"instock","13":"product-type-external"},"brands":[{"id":336,"name":"HENGST FILTER","slug":"hengst-filter"}],"_links":{"self":[{"href":"https:\/\/www.autonvaraosahaku.fi\/index.php?rest_route=\/wp\/v2\/product\/15400","targetHints":{"allow":["GET"]}}],"collection":[{"href":"https:\/\/www.autonvaraosahaku.fi\/index.php?rest_route=\/wp\/v2\/product"}],"about":[{"href":"https:\/\/www.autonvaraosahaku.fi\/index.php?rest_route=\/wp\/v2\/types\/product"}],"wp:attachment":[{"href":"https:\/\/www.autonvaraosahaku.fi\/index.php?rest_route=%2Fwp%2Fv2%2Fmedia&parent=15400"}],"wp:term":[{"taxonomy":"pwb-brand","embeddable":true,"href":"https:\/\/www.autonvaraosahaku.fi\/index.php?rest_route=%2Fwp%2Fv2%2Fpwb-brand&post=15400"},{"taxonomy":"product_cat","embeddable":true,"href":"https:\/\/www.autonvaraosahaku.fi\/index.php?rest_route=%2Fwp%2Fv2%2Fproduct_cat&post=15400"},{"taxonomy":"product_tag","embeddable":true,"href":"https:\/\/www.autonvaraosahaku.fi\/index.php?rest_route=%2Fwp%2Fv2%2Fproduct_tag&post=15400"}],"curies":[{"name":"wp","href":"https:\/\/api.w.org\/{rel}","templated":true}]}}