{"id":15412,"date":"2021-02-21T14:23:56","date_gmt":"2021-02-21T14:23:56","guid":{"rendered":"https:\/\/www.autonvaraosahaku.fi\/?product=topran-601-112-pyoranpultit"},"modified":"2021-02-21T14:23:58","modified_gmt":"2021-02-21T14:23:58","slug":"topran-601-112-pyoranpultit","status":"publish","type":"product","link":"https:\/\/www.autonvaraosahaku.fi\/?product=topran-601-112-pyoranpultit","title":{"rendered":"TOPRAN 601 112 Py\u00f6r\u00e4npultit"},"content":{"rendered":"<p>Kierremitta: M 14; Kierrenousu (mm): 1,5; Kierteen pituus (mm): 29; Avainv\u00e4li: 19; Ruuvikanta\/mutteriprofiili: Kuusioruuvi \/-mutteri; Alustanumerosta: 249605; VOLVO: V70 II SW,XC60,XC90 I,S60 I,V70 III BW,S80 I TS, XY,V60,XC70 II,S80 II AS,S60 II,XC90 II,V90 II,S90 II,XC60 II,XC40 536; 30639747, 30643773, 30645681, 30671468, 30683076, 30736685, 31200240, 31202337, 31317489, 31362432, 31423735, 8634658, 9173107, 9485499; Py\u00f6r\u00e4nruuvi<\/p>\n","protected":false},"excerpt":{"rendered":"<p>TOPRAN Py\u00f6r\u00e4npultit 601 112 Py\u00f6r\u00e4nruuvi VOLVO,V70 II SW,XC60,XC90 I,S60 I,V70 III BW,S80 I TS, XY,V60,XC70 II,S80 II AS,S60 II,XC90 II,V90 II,S90 II<\/p>\n","protected":false},"featured_media":0,"template":"","meta":{"site-sidebar-layout":"default","site-content-layout":"default","ast-global-header-display":"","ast-main-header-display":"","ast-hfb-above-header-display":"","ast-hfb-below-header-display":"","ast-hfb-mobile-header-display":"","site-post-title":"","ast-breadcrumbs-content":"","ast-featured-img":"","footer-sml-layout":"","theme-transparent-header-meta":"","adv-header-id-meta":"","stick-header-meta":"","header-above-stick-meta":"","header-main-stick-meta":"","header-below-stick-meta":""},"pwb-brand":[18],"product_cat":[51],"product_tag":[],"class_list":{"0":"post-15412","1":"product","2":"type-product","3":"status-publish","5":"pwb-brand-topran","6":"product_cat-pyoranpultit","7":"desktop-align-left","8":"tablet-align-left","9":"mobile-align-left","11":"first","12":"instock","13":"product-type-external"},"brands":[{"id":18,"name":"TOPRAN","slug":"topran"}],"_links":{"self":[{"href":"https:\/\/www.autonvaraosahaku.fi\/index.php?rest_route=\/wp\/v2\/product\/15412","targetHints":{"allow":["GET"]}}],"collection":[{"href":"https:\/\/www.autonvaraosahaku.fi\/index.php?rest_route=\/wp\/v2\/product"}],"about":[{"href":"https:\/\/www.autonvaraosahaku.fi\/index.php?rest_route=\/wp\/v2\/types\/product"}],"wp:attachment":[{"href":"https:\/\/www.autonvaraosahaku.fi\/index.php?rest_route=%2Fwp%2Fv2%2Fmedia&parent=15412"}],"wp:term":[{"taxonomy":"pwb-brand","embeddable":true,"href":"https:\/\/www.autonvaraosahaku.fi\/index.php?rest_route=%2Fwp%2Fv2%2Fpwb-brand&post=15412"},{"taxonomy":"product_cat","embeddable":true,"href":"https:\/\/www.autonvaraosahaku.fi\/index.php?rest_route=%2Fwp%2Fv2%2Fproduct_cat&post=15412"},{"taxonomy":"product_tag","embeddable":true,"href":"https:\/\/www.autonvaraosahaku.fi\/index.php?rest_route=%2Fwp%2Fv2%2Fproduct_tag&post=15412"}],"curies":[{"name":"wp","href":"https:\/\/api.w.org\/{rel}","templated":true}]}}